{"id":8957,"date":"2024-11-21T16:09:40","date_gmt":"2024-11-21T14:09:40","guid":{"rendered":"https:\/\/maendeleo.ch\/wordpress\/?page_id=8957"},"modified":"2024-12-02T20:10:31","modified_gmt":"2024-12-02T18:10:31","slug":"leben-im-kongo","status":"publish","type":"page","link":"https:\/\/maendeleo.ch\/wordpress\/leben-im-kongo\/","title":{"rendered":"Leben im Kongo"},"content":{"rendered":"\t\t<div data-elementor-type=\"wp-page\" data-elementor-id=\"8957\" class=\"elementor elementor-8957\" data-elementor-post-type=\"page\">\n\t\t\t\t<div class=\"elementor-element elementor-element-01e6d54 e-flex e-con-boxed e-con e-parent\" data-id=\"01e6d54\" data-element_type=\"container\" data-e-type=\"container\">\n\t\t\t\t\t<div class=\"e-con-inner\">\n\t\t\t\t<div class=\"elementor-element elementor-element-6b4e5ec elementor-grid-3 elementor-grid-tablet-2 elementor-grid-mobile-1 elementor-posts--thumbnail-top elementor-widget elementor-widget-posts\" data-id=\"6b4e5ec\" data-element_type=\"widget\" data-e-type=\"widget\" data-settings=\"{&quot;classic_columns&quot;:&quot;3&quot;,&quot;classic_columns_tablet&quot;:&quot;2&quot;,&quot;classic_columns_mobile&quot;:&quot;1&quot;,&quot;classic_row_gap&quot;:{&quot;unit&quot;:&quot;px&quot;,&quot;size&quot;:35,&quot;sizes&quot;:[]},&quot;classic_row_gap_tablet&quot;:{&quot;unit&quot;:&quot;px&quot;,&quot;size&quot;:&quot;&quot;,&quot;sizes&quot;:[]},&quot;classic_row_gap_mobile&quot;:{&quot;unit&quot;:&quot;px&quot;,&quot;size&quot;:&quot;&quot;,&quot;sizes&quot;:[]}}\" data-widget_type=\"posts.classic\">\n\t\t\t\t<div class=\"elementor-widget-container\">\n\t\t\t\t\t\t\t<div class=\"elementor-posts-container elementor-posts elementor-posts--skin-classic elementor-grid\" role=\"list\">\n\t\t\t\t<article class=\"elementor-post elementor-grid-item post-9723 post type-post status-publish format-standard has-post-thumbnail hentry category-aktuell category-leben-im-kongo category-schule\" role=\"listitem\">\n\t\t\t\t<a class=\"elementor-post__thumbnail__link\" href=\"https:\/\/maendeleo.ch\/wordpress\/unsre\/\" tabindex=\"-1\" >\n\t\t\t<div class=\"elementor-post__thumbnail\"><img decoding=\"async\" width=\"300\" height=\"166\" src=\"https:\/\/maendeleo.ch\/wordpress\/wp-content\/uploads\/2026\/01\/Kongo-Fluechtende-300x166.png\" class=\"attachment-medium size-medium wp-image-9731\" alt=\"\" srcset=\"https:\/\/maendeleo.ch\/wordpress\/wp-content\/uploads\/2026\/01\/Kongo-Fluechtende-300x166.png 300w, https:\/\/maendeleo.ch\/wordpress\/wp-content\/uploads\/2026\/01\/Kongo-Fluechtende-768x426.png 768w, https:\/\/maendeleo.ch\/wordpress\/wp-content\/uploads\/2026\/01\/Kongo-Fluechtende.png 998w\" sizes=\"(max-width: 300px) 100vw, 300px\" \/><\/div>\n\t\t<\/a>\n\t\t\t\t<div class=\"elementor-post__text\">\n\t\t\t\t<h3 class=\"elementor-post__title\">\n\t\t\t<a href=\"https:\/\/maendeleo.ch\/wordpress\/unsre\/\" >\n\t\t\t\tUnsere Schule im Kampfgebiet\t\t\t<\/a>\n\t\t<\/h3>\n\t\t\t\t<div class=\"elementor-post__meta-data\">\n\t\t\t\t\t<span class=\"elementor-post-date\">\n\t\t\t13. Januar 2026\t\t<\/span>\n\t\t\t\t<\/div>\n\t\t\t\t<div class=\"elementor-post__excerpt\">\n\t\t\t<p>Wazalendo terrorisieren Bev\u00f6lkerung (Mungombe\/hje) Im Februar 2025 hat die Rebellenarmee M23, die von Ruanda unterst\u00fctzt wird, grosse Teil des Nord- und S\u00fcdkivu erobert. Unsere Schule liegt seither am Rande des besetzten Gebietes. Dort wird immer noch gek\u00e4mpft. Die kongolesische Armee ist geflohen, Widerstand leisten seither die Wazalendo. Das sind lokale<\/p>\n\t\t<\/div>\n\t\t\n\t\t<a class=\"elementor-post__read-more\" href=\"https:\/\/maendeleo.ch\/wordpress\/unsre\/\" aria-label=\"Mehr \u00fcber Unsere Schule im Kampfgebiet\" tabindex=\"-1\" >\n\t\t\tWeiterlesen \u00bb\t\t<\/a>\n\n\t\t\t\t<\/div>\n\t\t\t\t<\/article>\n\t\t\t\t<article class=\"elementor-post elementor-grid-item post-9465 post type-post status-publish format-standard has-post-thumbnail hentry category-aktuell category-leben-im-kongo\" role=\"listitem\">\n\t\t\t\t<a class=\"elementor-post__thumbnail__link\" href=\"https:\/\/maendeleo.ch\/wordpress\/leben-unter-der-kontrolle-der-m23\/\" tabindex=\"-1\" >\n\t\t\t<div class=\"elementor-post__thumbnail\"><img decoding=\"async\" width=\"300\" height=\"147\" src=\"https:\/\/maendeleo.ch\/wordpress\/wp-content\/uploads\/2025\/02\/Place-feu-vert--300x147.jpg\" class=\"attachment-medium size-medium wp-image-9398\" alt=\"\" srcset=\"https:\/\/maendeleo.ch\/wordpress\/wp-content\/uploads\/2025\/02\/Place-feu-vert--300x147.jpg 300w, https:\/\/maendeleo.ch\/wordpress\/wp-content\/uploads\/2025\/02\/Place-feu-vert--1024x500.jpg 1024w, https:\/\/maendeleo.ch\/wordpress\/wp-content\/uploads\/2025\/02\/Place-feu-vert--768x375.jpg 768w, https:\/\/maendeleo.ch\/wordpress\/wp-content\/uploads\/2025\/02\/Place-feu-vert--1536x750.jpg 1536w, https:\/\/maendeleo.ch\/wordpress\/wp-content\/uploads\/2025\/02\/Place-feu-vert--2048x1000.jpg 2048w\" sizes=\"(max-width: 300px) 100vw, 300px\" \/><\/div>\n\t\t<\/a>\n\t\t\t\t<div class=\"elementor-post__text\">\n\t\t\t\t<h3 class=\"elementor-post__title\">\n\t\t\t<a href=\"https:\/\/maendeleo.ch\/wordpress\/leben-unter-der-kontrolle-der-m23\/\" >\n\t\t\t\tLeben unter der Kontrolle der M23\t\t\t<\/a>\n\t\t<\/h3>\n\t\t\t\t<div class=\"elementor-post__meta-data\">\n\t\t\t\t\t<span class=\"elementor-post-date\">\n\t\t\t12. M\u00e4rz 2025\t\t<\/span>\n\t\t\t\t<\/div>\n\t\t\t\t<div class=\"elementor-post__excerpt\">\n\t\t\t<p>Leben unter der Kontrolle der M23 Bericht von Bertin Mungombe, Bukavu* Am Sonntag, 16. Februar 2025, versammelt sich die Bev\u00f6lkerung von Bukavu auf den Strassen, um die M23, die neuen Besatzer zu begr\u00fcssen. Die Soldaten der M23, marschieren von der \u00abPlace de l&#8217;Ind\u00e9pendance\u00bb, dem gesch\u00e4ftigsten Verkehrsknotenpunkt am Eingang zum Stadtzentrum,<\/p>\n\t\t<\/div>\n\t\t\n\t\t<a class=\"elementor-post__read-more\" href=\"https:\/\/maendeleo.ch\/wordpress\/leben-unter-der-kontrolle-der-m23\/\" aria-label=\"Mehr \u00fcber Leben unter der Kontrolle der M23\" tabindex=\"-1\" >\n\t\t\tWeiterlesen \u00bb\t\t<\/a>\n\n\t\t\t\t<\/div>\n\t\t\t\t<\/article>\n\t\t\t\t<article class=\"elementor-post elementor-grid-item post-9445 post type-post status-publish format-standard has-post-thumbnail hentry category-aktuell category-leben-im-kongo category-schule\" role=\"listitem\">\n\t\t\t\t<a class=\"elementor-post__thumbnail__link\" href=\"https:\/\/maendeleo.ch\/wordpress\/hilferuf-unsrer-leute-vor-ort\/\" tabindex=\"-1\" >\n\t\t\t<div class=\"elementor-post__thumbnail\"><img decoding=\"async\" width=\"300\" height=\"135\" src=\"https:\/\/maendeleo.ch\/wordpress\/wp-content\/uploads\/2025\/03\/Kindergaertner-neue-Zimmer-300x135.jpeg\" class=\"attachment-medium size-medium wp-image-9446\" alt=\"\" srcset=\"https:\/\/maendeleo.ch\/wordpress\/wp-content\/uploads\/2025\/03\/Kindergaertner-neue-Zimmer-300x135.jpeg 300w, https:\/\/maendeleo.ch\/wordpress\/wp-content\/uploads\/2025\/03\/Kindergaertner-neue-Zimmer-1024x461.jpeg 1024w, https:\/\/maendeleo.ch\/wordpress\/wp-content\/uploads\/2025\/03\/Kindergaertner-neue-Zimmer-768x346.jpeg 768w, https:\/\/maendeleo.ch\/wordpress\/wp-content\/uploads\/2025\/03\/Kindergaertner-neue-Zimmer.jpeg 1040w\" sizes=\"(max-width: 300px) 100vw, 300px\" \/><\/div>\n\t\t<\/a>\n\t\t\t\t<div class=\"elementor-post__text\">\n\t\t\t\t<h3 class=\"elementor-post__title\">\n\t\t\t<a href=\"https:\/\/maendeleo.ch\/wordpress\/hilferuf-unsrer-leute-vor-ort\/\" >\n\t\t\t\tHilferuf unsrer Leute vor Ort\t\t\t<\/a>\n\t\t<\/h3>\n\t\t\t\t<div class=\"elementor-post__meta-data\">\n\t\t\t\t\t<span class=\"elementor-post-date\">\n\t\t\t5. M\u00e4rz 2025\t\t<\/span>\n\t\t\t\t<\/div>\n\t\t\t\t<div class=\"elementor-post__excerpt\">\n\t\t\t<p>Schulteam bittet um Hilfe: Kein Staat &#8211; kein Lohn Die Kinder gehen wieder zur Schule in Ikoma. Ikoma ist jetzt in der Hand der M23, die kongolesische Armee hat ihnen auch dieses Gebiet \u00fcberlassen. Das heisst auch, der kongolesische Staat ist hier nicht\u00a0 mehr zust\u00e4ndig. Seit dem Vormarsch der M23<\/p>\n\t\t<\/div>\n\t\t\n\t\t<a class=\"elementor-post__read-more\" href=\"https:\/\/maendeleo.ch\/wordpress\/hilferuf-unsrer-leute-vor-ort\/\" aria-label=\"Mehr \u00fcber Hilferuf unsrer Leute vor Ort\" tabindex=\"-1\" >\n\t\t\tWeiterlesen \u00bb\t\t<\/a>\n\n\t\t\t\t<\/div>\n\t\t\t\t<\/article>\n\t\t\t\t<article class=\"elementor-post elementor-grid-item post-9436 post type-post status-publish format-standard has-post-thumbnail hentry category-aktuell category-leben-im-kongo\" role=\"listitem\">\n\t\t\t\t<a class=\"elementor-post__thumbnail__link\" href=\"https:\/\/maendeleo.ch\/wordpress\/wer-ist-der-m23-rebellenfuehrer-corneille-ngangaa\/\" tabindex=\"-1\" >\n\t\t\t<div class=\"elementor-post__thumbnail\"><img loading=\"lazy\" decoding=\"async\" width=\"300\" height=\"168\" src=\"https:\/\/maendeleo.ch\/wordpress\/wp-content\/uploads\/2025\/03\/27.Februar-bilder-1-300x168.jpg\" class=\"attachment-medium size-medium wp-image-9421\" alt=\"\" srcset=\"https:\/\/maendeleo.ch\/wordpress\/wp-content\/uploads\/2025\/03\/27.Februar-bilder-1-300x168.jpg 300w, https:\/\/maendeleo.ch\/wordpress\/wp-content\/uploads\/2025\/03\/27.Februar-bilder-1-1024x574.jpg 1024w, https:\/\/maendeleo.ch\/wordpress\/wp-content\/uploads\/2025\/03\/27.Februar-bilder-1-768x430.jpg 768w, https:\/\/maendeleo.ch\/wordpress\/wp-content\/uploads\/2025\/03\/27.Februar-bilder-1-1536x860.jpg 1536w, https:\/\/maendeleo.ch\/wordpress\/wp-content\/uploads\/2025\/03\/27.Februar-bilder-1-2048x1147.jpg 2048w\" sizes=\"(max-width: 300px) 100vw, 300px\" \/><\/div>\n\t\t<\/a>\n\t\t\t\t<div class=\"elementor-post__text\">\n\t\t\t\t<h3 class=\"elementor-post__title\">\n\t\t\t<a href=\"https:\/\/maendeleo.ch\/wordpress\/wer-ist-der-m23-rebellenfuehrer-corneille-ngangaa\/\" >\n\t\t\t\tWer ist der M23-Rebellenf\u00fchrer Corneille Nganga\t\t\t<\/a>\n\t\t<\/h3>\n\t\t\t\t<div class=\"elementor-post__meta-data\">\n\t\t\t\t\t<span class=\"elementor-post-date\">\n\t\t\t5. M\u00e4rz 2025\t\t<\/span>\n\t\t\t\t<\/div>\n\t\t\t\t<div class=\"elementor-post__excerpt\">\n\t\t\t<p>Wer ist Corneille Nangaa, der politischer F\u00fchrer der M23 Corneille Nangaaa \u00fcbernahm die F\u00fchrung der M23 im August 2023. Diese wurde 2012 gegr\u00fcndet von Mitgliedern Rebellengruppierung CNDP,\u00a0 die\u00a0 mehrheitlich aus Tutsi aus Ruanda bestand. Die CNDP bezeichnete es als ihre Aufgabe, die Banyamulenge &#8211; Tutsi, die zu Anfang des 20<\/p>\n\t\t<\/div>\n\t\t\n\t\t<a class=\"elementor-post__read-more\" href=\"https:\/\/maendeleo.ch\/wordpress\/wer-ist-der-m23-rebellenfuehrer-corneille-ngangaa\/\" aria-label=\"Mehr \u00fcber Wer ist der M23-Rebellenf\u00fchrer Corneille Nganga\" tabindex=\"-1\" >\n\t\t\tWeiterlesen \u00bb\t\t<\/a>\n\n\t\t\t\t<\/div>\n\t\t\t\t<\/article>\n\t\t\t\t<article class=\"elementor-post elementor-grid-item post-9419 post type-post status-publish format-standard has-post-thumbnail hentry category-aktuell category-leben-im-kongo\" role=\"listitem\">\n\t\t\t\t<a class=\"elementor-post__thumbnail__link\" href=\"https:\/\/maendeleo.ch\/wordpress\/27-februar-17-tote-bei-versammlung-der-m23\/\" tabindex=\"-1\" >\n\t\t\t<div class=\"elementor-post__thumbnail\"><img loading=\"lazy\" decoding=\"async\" width=\"300\" height=\"198\" src=\"https:\/\/maendeleo.ch\/wordpress\/wp-content\/uploads\/2025\/03\/27.Februar-bilder-4-300x198.jpg\" class=\"attachment-medium size-medium wp-image-9423\" alt=\"\" srcset=\"https:\/\/maendeleo.ch\/wordpress\/wp-content\/uploads\/2025\/03\/27.Februar-bilder-4-300x198.jpg 300w, https:\/\/maendeleo.ch\/wordpress\/wp-content\/uploads\/2025\/03\/27.Februar-bilder-4-1024x675.jpg 1024w, https:\/\/maendeleo.ch\/wordpress\/wp-content\/uploads\/2025\/03\/27.Februar-bilder-4-768x507.jpg 768w, https:\/\/maendeleo.ch\/wordpress\/wp-content\/uploads\/2025\/03\/27.Februar-bilder-4-1536x1013.jpg 1536w, https:\/\/maendeleo.ch\/wordpress\/wp-content\/uploads\/2025\/03\/27.Februar-bilder-4-2048x1351.jpg 2048w\" sizes=\"(max-width: 300px) 100vw, 300px\" \/><\/div>\n\t\t<\/a>\n\t\t\t\t<div class=\"elementor-post__text\">\n\t\t\t\t<h3 class=\"elementor-post__title\">\n\t\t\t<a href=\"https:\/\/maendeleo.ch\/wordpress\/27-februar-17-tote-bei-versammlung-der-m23\/\" >\n\t\t\t\t15 Opfer der Bombenexplosion vom 27. Februar zu Grabe getragen\t\t\t<\/a>\n\t\t<\/h3>\n\t\t\t\t<div class=\"elementor-post__meta-data\">\n\t\t\t\t\t<span class=\"elementor-post-date\">\n\t\t\t5. M\u00e4rz 2025\t\t<\/span>\n\t\t\t\t<\/div>\n\t\t\t\t<div class=\"elementor-post__excerpt\">\n\t\t\t<p>15 Toten der Explosion vom 27. Februar zu Grabe getragen. Am 27. Februar kamen Zehntausende auf den Place de l&#8217;Ind\u00e9pendance in Bukavu. Die M23, die die Stadt eingenommen hat, hatte eingeladen. Der politische F\u00fchrer der M23, Corneille Ganga(a), versprach Frieden und ein besseres Leben f\u00fcr die Bev\u00f6lkerung.&nbsp; Kurz nach seiner<\/p>\n\t\t<\/div>\n\t\t\n\t\t<a class=\"elementor-post__read-more\" href=\"https:\/\/maendeleo.ch\/wordpress\/27-februar-17-tote-bei-versammlung-der-m23\/\" aria-label=\"Mehr \u00fcber 15 Opfer der Bombenexplosion vom 27. Februar zu Grabe getragen\" tabindex=\"-1\" >\n\t\t\tWeiterlesen \u00bb\t\t<\/a>\n\n\t\t\t\t<\/div>\n\t\t\t\t<\/article>\n\t\t\t\t<article class=\"elementor-post elementor-grid-item post-9396 post type-post status-publish format-standard has-post-thumbnail hentry category-aktuell category-leben-im-kongo\" role=\"listitem\">\n\t\t\t\t<a class=\"elementor-post__thumbnail__link\" href=\"https:\/\/maendeleo.ch\/wordpress\/elementor-9396\/\" tabindex=\"-1\" >\n\t\t\t<div class=\"elementor-post__thumbnail\"><img decoding=\"async\" width=\"300\" height=\"147\" src=\"https:\/\/maendeleo.ch\/wordpress\/wp-content\/uploads\/2025\/02\/Place-feu-vert--300x147.jpg\" class=\"attachment-medium size-medium wp-image-9398\" alt=\"\" srcset=\"https:\/\/maendeleo.ch\/wordpress\/wp-content\/uploads\/2025\/02\/Place-feu-vert--300x147.jpg 300w, https:\/\/maendeleo.ch\/wordpress\/wp-content\/uploads\/2025\/02\/Place-feu-vert--1024x500.jpg 1024w, https:\/\/maendeleo.ch\/wordpress\/wp-content\/uploads\/2025\/02\/Place-feu-vert--768x375.jpg 768w, https:\/\/maendeleo.ch\/wordpress\/wp-content\/uploads\/2025\/02\/Place-feu-vert--1536x750.jpg 1536w, https:\/\/maendeleo.ch\/wordpress\/wp-content\/uploads\/2025\/02\/Place-feu-vert--2048x1000.jpg 2048w\" sizes=\"(max-width: 300px) 100vw, 300px\" \/><\/div>\n\t\t<\/a>\n\t\t\t\t<div class=\"elementor-post__text\">\n\t\t\t\t<h3 class=\"elementor-post__title\">\n\t\t\t<a href=\"https:\/\/maendeleo.ch\/wordpress\/elementor-9396\/\" >\n\t\t\t\t19. Februar: AFC\/M23 verspricht &#8230;\t\t\t<\/a>\n\t\t<\/h3>\n\t\t\t\t<div class=\"elementor-post__meta-data\">\n\t\t\t\t\t<span class=\"elementor-post-date\">\n\t\t\t19. Februar 2025\t\t<\/span>\n\t\t\t\t<\/div>\n\t\t\t\t<div class=\"elementor-post__excerpt\">\n\t\t\t<p>19. Februar: AFC\/M23 verspricht billigeres Benzin, neue Personalausweise, F\u00f6deralismus 19.Februar: Info-Veranstaltung der M23 auf dem Place feu rouge, Bukavu. Zehntausende waren heute auf verschiedenen Pl\u00e4tze in Bukavu, wo die M23\/AFC (Alliance Fleuve Congo) ihr Programm vorstellte. Auf dem Place feu rouge, mitten in Bukavu, forderte\u00a0Fran\u00e7ois MUTABAZI die Bev\u00f6lkerung Bukavus auf,<\/p>\n\t\t<\/div>\n\t\t\n\t\t<a class=\"elementor-post__read-more\" href=\"https:\/\/maendeleo.ch\/wordpress\/elementor-9396\/\" aria-label=\"Mehr \u00fcber 19. Februar: AFC\/M23 verspricht &#8230;\" tabindex=\"-1\" >\n\t\t\tWeiterlesen \u00bb\t\t<\/a>\n\n\t\t\t\t<\/div>\n\t\t\t\t<\/article>\n\t\t\t\t<\/div>\n\t\t\n\t\t\t\t\t\t<\/div>\n\t\t\t\t<\/div>\n\t\t\t\t\t<\/div>\n\t\t\t\t<\/div>\n\t\t\t\t<\/div>\n\t\t","protected":false},"excerpt":{"rendered":"","protected":false},"author":1,"featured_media":9132,"parent":0,"menu_order":0,"comment_status":"closed","ping_status":"closed","template":"page-templates\/template-pagebuilder-full-width.php","meta":{"footnotes":""},"class_list":["post-8957","page","type-page","status-publish","has-post-thumbnail","hentry"],"_links":{"self":[{"href":"https:\/\/maendeleo.ch\/wordpress\/wp-json\/wp\/v2\/pages\/8957","targetHints":{"allow":["GET"]}}],"collection":[{"href":"https:\/\/maendeleo.ch\/wordpress\/wp-json\/wp\/v2\/pages"}],"about":[{"href":"https:\/\/maendeleo.ch\/wordpress\/wp-json\/wp\/v2\/types\/page"}],"author":[{"embeddable":true,"href":"https:\/\/maendeleo.ch\/wordpress\/wp-json\/wp\/v2\/users\/1"}],"replies":[{"embeddable":true,"href":"https:\/\/maendeleo.ch\/wordpress\/wp-json\/wp\/v2\/comments?post=8957"}],"version-history":[{"count":23,"href":"https:\/\/maendeleo.ch\/wordpress\/wp-json\/wp\/v2\/pages\/8957\/revisions"}],"predecessor-version":[{"id":9158,"href":"https:\/\/maendeleo.ch\/wordpress\/wp-json\/wp\/v2\/pages\/8957\/revisions\/9158"}],"wp:featuredmedia":[{"embeddable":true,"href":"https:\/\/maendeleo.ch\/wordpress\/wp-json\/wp\/v2\/media\/9132"}],"wp:attachment":[{"href":"https:\/\/maendeleo.ch\/wordpress\/wp-json\/wp\/v2\/media?parent=8957"}],"curies":[{"name":"wp","href":"https:\/\/api.w.org\/{rel}","templated":true}]}}