{"id":8607,"date":"2023-08-04T11:23:06","date_gmt":"2023-08-04T09:23:06","guid":{"rendered":"https:\/\/maendeleo.ch\/wordpress\/?page_id=8607"},"modified":"2024-12-02T17:07:16","modified_gmt":"2024-12-02T15:07:16","slug":"2022-2","status":"publish","type":"page","link":"https:\/\/maendeleo.ch\/wordpress\/archiv\/2022-2\/","title":{"rendered":"2022"},"content":{"rendered":"\t\t<div data-elementor-type=\"wp-page\" data-elementor-id=\"8607\" class=\"elementor elementor-8607\" data-elementor-post-type=\"page\">\n\t\t\t\t<div class=\"elementor-element elementor-element-6e0c337 e-flex e-con-boxed e-con e-parent\" data-id=\"6e0c337\" data-element_type=\"container\" data-e-type=\"container\">\n\t\t\t\t\t<div class=\"e-con-inner\">\n\t\t\t\t<div class=\"elementor-element elementor-element-af47cbe elementor-widget elementor-widget-heading\" data-id=\"af47cbe\" data-element_type=\"widget\" data-e-type=\"widget\" data-widget_type=\"heading.default\">\n\t\t\t\t<div class=\"elementor-widget-container\">\n\t\t\t\t\t<h2 class=\"elementor-heading-title elementor-size-default\">2022<\/h2>\t\t\t\t<\/div>\n\t\t\t\t<\/div>\n\t\t\t\t\t<\/div>\n\t\t\t\t<\/div>\n\t\t<div class=\"elementor-element elementor-element-5a4936d e-flex e-con-boxed e-con e-parent\" data-id=\"5a4936d\" data-element_type=\"container\" data-e-type=\"container\">\n\t\t\t\t\t<div class=\"e-con-inner\">\n\t\t\t\t<div class=\"elementor-element elementor-element-3e19d32 elementor-grid-3 elementor-grid-tablet-2 elementor-grid-mobile-1 elementor-posts--thumbnail-top elementor-widget elementor-widget-posts\" data-id=\"3e19d32\" data-element_type=\"widget\" data-e-type=\"widget\" data-settings=\"{&quot;classic_columns&quot;:&quot;3&quot;,&quot;classic_columns_tablet&quot;:&quot;2&quot;,&quot;classic_columns_mobile&quot;:&quot;1&quot;,&quot;classic_row_gap&quot;:{&quot;unit&quot;:&quot;px&quot;,&quot;size&quot;:35,&quot;sizes&quot;:[]},&quot;classic_row_gap_tablet&quot;:{&quot;unit&quot;:&quot;px&quot;,&quot;size&quot;:&quot;&quot;,&quot;sizes&quot;:[]},&quot;classic_row_gap_mobile&quot;:{&quot;unit&quot;:&quot;px&quot;,&quot;size&quot;:&quot;&quot;,&quot;sizes&quot;:[]}}\" data-widget_type=\"posts.classic\">\n\t\t\t\t<div class=\"elementor-widget-container\">\n\t\t\t\t\t\t\t<div class=\"elementor-posts-container elementor-posts elementor-posts--skin-classic elementor-grid\" role=\"list\">\n\t\t\t\t<article class=\"elementor-post elementor-grid-item post-8369 post type-post status-publish format-standard has-post-thumbnail hentry category-archiv-2022 category-ausbildung-motorrad-reparatur category-berufsausbildung\" role=\"listitem\">\n\t\t\t\t<a class=\"elementor-post__thumbnail__link\" href=\"https:\/\/maendeleo.ch\/wordpress\/elementor-8369\/\" tabindex=\"-1\" >\n\t\t\t<div class=\"elementor-post__thumbnail\"><img decoding=\"async\" width=\"300\" height=\"135\" src=\"https:\/\/maendeleo.ch\/wordpress\/wp-content\/uploads\/2022\/07\/Ohne-Titel-3-1-300x135.jpg\" class=\"attachment-medium size-medium wp-image-8371\" alt=\"\" srcset=\"https:\/\/maendeleo.ch\/wordpress\/wp-content\/uploads\/2022\/07\/Ohne-Titel-3-1-300x135.jpg 300w, https:\/\/maendeleo.ch\/wordpress\/wp-content\/uploads\/2022\/07\/Ohne-Titel-3-1-768x346.jpg 768w, https:\/\/maendeleo.ch\/wordpress\/wp-content\/uploads\/2022\/07\/Ohne-Titel-3-1.jpg 960w\" sizes=\"(max-width: 300px) 100vw, 300px\" \/><\/div>\n\t\t<\/a>\n\t\t\t\t<div class=\"elementor-post__text\">\n\t\t\t\t<h3 class=\"elementor-post__title\">\n\t\t\t<a href=\"https:\/\/maendeleo.ch\/wordpress\/elementor-8369\/\" >\n\t\t\t\tStartup Motorradwerkstatt\t\t\t<\/a>\n\t\t<\/h3>\n\t\t\t\t<div class=\"elementor-post__meta-data\">\n\t\t\t\t\t<span class=\"elementor-post-date\">\n\t\t\t10. Juli 2022\t\t<\/span>\n\t\t\t\t<\/div>\n\t\t\t\t<div class=\"elementor-post__excerpt\">\n\t\t\t<p>Start Up: Motoradwerkstatt Schon bei meinem ersten Besuch standen sie alle da: Die 15 Ehemaligen unsrer Schule, die im Fr\u00fchjahr eine Ausbildung der Schweizer Entwicklungsorganisation Swisscontact besuchen konnten. In 30 Tagen lernten sie, wie man die h\u00e4ufigsten Pannen an Motorr\u00e4dern beheben kann. Am Schluss des Kurses erhielten sie ein Zertifikat,<\/p>\n\t\t<\/div>\n\t\t\n\t\t<a class=\"elementor-post__read-more\" href=\"https:\/\/maendeleo.ch\/wordpress\/elementor-8369\/\" aria-label=\"Mehr \u00fcber Startup Motorradwerkstatt\" tabindex=\"-1\" >\n\t\t\tWeiterlesen \u00bb\t\t<\/a>\n\n\t\t\t\t<\/div>\n\t\t\t\t<\/article>\n\t\t\t\t<article class=\"elementor-post elementor-grid-item post-8331 post type-post status-publish format-standard has-post-thumbnail hentry category-archiv-2022 category-schule\" role=\"listitem\">\n\t\t\t\t<a class=\"elementor-post__thumbnail__link\" href=\"https:\/\/maendeleo.ch\/wordpress\/27-juni-einweihung-der-neuen-gebaeude\/\" tabindex=\"-1\" >\n\t\t\t<div class=\"elementor-post__thumbnail\"><img fetchpriority=\"high\" decoding=\"async\" width=\"300\" height=\"225\" src=\"https:\/\/maendeleo.ch\/wordpress\/wp-content\/uploads\/2022\/07\/1-Einweihung-Total--300x225.jpg\" class=\"attachment-medium size-medium wp-image-8345\" alt=\"\" srcset=\"https:\/\/maendeleo.ch\/wordpress\/wp-content\/uploads\/2022\/07\/1-Einweihung-Total--300x225.jpg 300w, https:\/\/maendeleo.ch\/wordpress\/wp-content\/uploads\/2022\/07\/1-Einweihung-Total--1024x768.jpg 1024w, https:\/\/maendeleo.ch\/wordpress\/wp-content\/uploads\/2022\/07\/1-Einweihung-Total--768x576.jpg 768w, https:\/\/maendeleo.ch\/wordpress\/wp-content\/uploads\/2022\/07\/1-Einweihung-Total--1536x1152.jpg 1536w, https:\/\/maendeleo.ch\/wordpress\/wp-content\/uploads\/2022\/07\/1-Einweihung-Total--2048x1536.jpg 2048w\" sizes=\"(max-width: 300px) 100vw, 300px\" \/><\/div>\n\t\t<\/a>\n\t\t\t\t<div class=\"elementor-post__text\">\n\t\t\t\t<h3 class=\"elementor-post__title\">\n\t\t\t<a href=\"https:\/\/maendeleo.ch\/wordpress\/27-juni-einweihung-der-neuen-gebaeude\/\" >\n\t\t\t\t27. Juni: Einweihung der neuen Geb\u00e4ude\t\t\t<\/a>\n\t\t<\/h3>\n\t\t\t\t<div class=\"elementor-post__meta-data\">\n\t\t\t\t\t<span class=\"elementor-post-date\">\n\t\t\t2. Juli 2022\t\t<\/span>\n\t\t\t\t<\/div>\n\t\t\t\t<div class=\"elementor-post__excerpt\">\n\t\t\t<p>18.6.2022: Einweihung der neuen Geb\u00e4ude Am Samstag, den 19. Juni 2021, hatten wir in Ikoma den Grundstein zu den neuen Geb\u00e4uden gelegt. Fast auf den Tag genau ein Jahr sp\u00e4ter, am 18. Juni 22, weihten wir die neuen Geb\u00e4ude ein.&nbsp; Es war ein w\u00fcrdiges Fest. Zu Anfang sangen die Schulkinder<\/p>\n\t\t<\/div>\n\t\t\n\t\t<a class=\"elementor-post__read-more\" href=\"https:\/\/maendeleo.ch\/wordpress\/27-juni-einweihung-der-neuen-gebaeude\/\" aria-label=\"Mehr \u00fcber 27. Juni: Einweihung der neuen Geb\u00e4ude\" tabindex=\"-1\" >\n\t\t\tWeiterlesen \u00bb\t\t<\/a>\n\n\t\t\t\t<\/div>\n\t\t\t\t<\/article>\n\t\t\t\t<article class=\"elementor-post elementor-grid-item post-8273 post type-post status-publish format-standard has-post-thumbnail hentry category-archiv-2022 category-bauprojekt-21\" role=\"listitem\">\n\t\t\t\t<a class=\"elementor-post__thumbnail__link\" href=\"https:\/\/maendeleo.ch\/wordpress\/elementor-8273\/\" tabindex=\"-1\" >\n\t\t\t<div class=\"elementor-post__thumbnail\"><img decoding=\"async\" width=\"300\" height=\"225\" src=\"https:\/\/maendeleo.ch\/wordpress\/wp-content\/uploads\/2022\/07\/Schulanlage-von-Strasse-aus-gesehen--300x225.jpg\" class=\"attachment-medium size-medium wp-image-8305\" alt=\"\" srcset=\"https:\/\/maendeleo.ch\/wordpress\/wp-content\/uploads\/2022\/07\/Schulanlage-von-Strasse-aus-gesehen--300x225.jpg 300w, https:\/\/maendeleo.ch\/wordpress\/wp-content\/uploads\/2022\/07\/Schulanlage-von-Strasse-aus-gesehen--768x576.jpg 768w, https:\/\/maendeleo.ch\/wordpress\/wp-content\/uploads\/2022\/07\/Schulanlage-von-Strasse-aus-gesehen-.jpg 1024w\" sizes=\"(max-width: 300px) 100vw, 300px\" \/><\/div>\n\t\t<\/a>\n\t\t\t\t<div class=\"elementor-post__text\">\n\t\t\t\t<h3 class=\"elementor-post__title\">\n\t\t\t<a href=\"https:\/\/maendeleo.ch\/wordpress\/elementor-8273\/\" >\n\t\t\t\tDie neue Anlage ist fertig!\t\t\t<\/a>\n\t\t<\/h3>\n\t\t\t\t<div class=\"elementor-post__meta-data\">\n\t\t\t\t\t<span class=\"elementor-post-date\">\n\t\t\t1. Juli 2022\t\t<\/span>\n\t\t\t\t<\/div>\n\t\t\t\t<div class=\"elementor-post__excerpt\">\n\t\t\t<p>Juli 2022: So sieht unsere Anlage jetzt aus So pr\u00e4sentiert sich unsere Anlage Ende Juni 22: links der neue Stufenbau mit zwei Schulzimmern,\u00a0rechts\u00a0 das neue Prunkst\u00fcck der Anlage, der &#8222;Salle Polyvalente Anita&#8220;.\u00a0Dazwischen stehen zwei Bauten aus dem Jahre 2009\/11: links der obere Schultrakt, rechts die alte Toilettenanlage.\u00a0 Diese beiden Geb\u00e4ude<\/p>\n\t\t<\/div>\n\t\t\n\t\t<a class=\"elementor-post__read-more\" href=\"https:\/\/maendeleo.ch\/wordpress\/elementor-8273\/\" aria-label=\"Mehr \u00fcber Die neue Anlage ist fertig!\" tabindex=\"-1\" >\n\t\t\tWeiterlesen \u00bb\t\t<\/a>\n\n\t\t\t\t<\/div>\n\t\t\t\t<\/article>\n\t\t\t\t<article class=\"elementor-post elementor-grid-item post-8219 post type-post status-publish format-standard has-post-thumbnail hentry category-archiv-2022 category-bauprojekt-21\" role=\"listitem\">\n\t\t\t\t<a class=\"elementor-post__thumbnail__link\" href=\"https:\/\/maendeleo.ch\/wordpress\/elementor-8219\/\" tabindex=\"-1\" >\n\t\t\t<div class=\"elementor-post__thumbnail\"><img loading=\"lazy\" decoding=\"async\" width=\"300\" height=\"135\" src=\"https:\/\/maendeleo.ch\/wordpress\/wp-content\/uploads\/2022\/03\/MZ-vor-Vollendung-3-300x135.jpeg\" class=\"attachment-medium size-medium wp-image-8223\" alt=\"\" srcset=\"https:\/\/maendeleo.ch\/wordpress\/wp-content\/uploads\/2022\/03\/MZ-vor-Vollendung-3-300x135.jpeg 300w, https:\/\/maendeleo.ch\/wordpress\/wp-content\/uploads\/2022\/03\/MZ-vor-Vollendung-3-768x346.jpeg 768w, https:\/\/maendeleo.ch\/wordpress\/wp-content\/uploads\/2022\/03\/MZ-vor-Vollendung-3.jpeg 960w\" sizes=\"(max-width: 300px) 100vw, 300px\" \/><\/div>\n\t\t<\/a>\n\t\t\t\t<div class=\"elementor-post__text\">\n\t\t\t\t<h3 class=\"elementor-post__title\">\n\t\t\t<a href=\"https:\/\/maendeleo.ch\/wordpress\/elementor-8219\/\" >\n\t\t\t\tDer Mehrzwecksaal kann bald genutzt werden\t\t\t<\/a>\n\t\t<\/h3>\n\t\t\t\t<div class=\"elementor-post__meta-data\">\n\t\t\t\t\t<span class=\"elementor-post-date\">\n\t\t\t14. M\u00e4rz 2022\t\t<\/span>\n\t\t\t\t<\/div>\n\t\t\t\t<div class=\"elementor-post__excerpt\">\n\t\t\t<p>Plan und Realisierung So visualisierte die Architektur- und&nbsp;Baufirma&nbsp; &#8222;B\u00e2tisse d&#8217;Avenir&#8220; 2021 den Mehrzwecksaal. Bei meinem Besuch im Juni 21 besprachen wir noch einige \u00c4nderungen, die LehrerInnen fanden den geplanten Saal zu klein: Also passte B\u00e2tisse die Pl\u00e4ne an und ich musste unsren Leuten zu Hause erkl\u00e4ren, warum sich der Bau&nbsp;<\/p>\n\t\t<\/div>\n\t\t\n\t\t<a class=\"elementor-post__read-more\" href=\"https:\/\/maendeleo.ch\/wordpress\/elementor-8219\/\" aria-label=\"Mehr \u00fcber Der Mehrzwecksaal kann bald genutzt werden\" tabindex=\"-1\" >\n\t\t\tWeiterlesen \u00bb\t\t<\/a>\n\n\t\t\t\t<\/div>\n\t\t\t\t<\/article>\n\t\t\t\t<article class=\"elementor-post elementor-grid-item post-8109 post type-post status-publish format-standard has-post-thumbnail hentry category-archiv-2022 category-landwirtschaft category-schule\" role=\"listitem\">\n\t\t\t\t<a class=\"elementor-post__thumbnail__link\" href=\"https:\/\/maendeleo.ch\/wordpress\/arbeit\/\" tabindex=\"-1\" >\n\t\t\t<div class=\"elementor-post__thumbnail\"><img loading=\"lazy\" decoding=\"async\" width=\"300\" height=\"162\" src=\"https:\/\/maendeleo.ch\/wordpress\/wp-content\/uploads\/2022\/03\/img12-2-300x162.jpg\" class=\"attachment-medium size-medium wp-image-8110\" alt=\"\" srcset=\"https:\/\/maendeleo.ch\/wordpress\/wp-content\/uploads\/2022\/03\/img12-2-300x162.jpg 300w, https:\/\/maendeleo.ch\/wordpress\/wp-content\/uploads\/2022\/03\/img12-2-1024x553.jpg 1024w, https:\/\/maendeleo.ch\/wordpress\/wp-content\/uploads\/2022\/03\/img12-2-768x415.jpg 768w, https:\/\/maendeleo.ch\/wordpress\/wp-content\/uploads\/2022\/03\/img12-2.jpg 1230w\" sizes=\"(max-width: 300px) 100vw, 300px\" \/><\/div>\n\t\t<\/a>\n\t\t\t\t<div class=\"elementor-post__text\">\n\t\t\t\t<h3 class=\"elementor-post__title\">\n\t\t\t<a href=\"https:\/\/maendeleo.ch\/wordpress\/arbeit\/\" >\n\t\t\t\tPraktischer Unterricht im Gartenbau\t\t\t<\/a>\n\t\t<\/h3>\n\t\t\t\t<div class=\"elementor-post__meta-data\">\n\t\t\t\t\t<span class=\"elementor-post-date\">\n\t\t\t9. M\u00e4rz 2022\t\t<\/span>\n\t\t\t\t<\/div>\n\t\t\t\t<div class=\"elementor-post__excerpt\">\n\t\t\t<p>Praktische Arbeit im Gartenbau Letztes Jahr hat unsere Schule einen grossen Acker erhalten. Damit beglich ein fr\u00fcherer Mitarbeiter einen Kredit, den er vor Jahren von uns erhalten hatte. Ende Februar waren die Sch\u00fclerInnen der f\u00fcnften und sechsten Klasse daran, dieses Land zu bearbeiten. Es geht darum, das Land vorzubereiten, damit<\/p>\n\t\t<\/div>\n\t\t\n\t\t<a class=\"elementor-post__read-more\" href=\"https:\/\/maendeleo.ch\/wordpress\/arbeit\/\" aria-label=\"Mehr \u00fcber Praktischer Unterricht im Gartenbau\" tabindex=\"-1\" >\n\t\t\tWeiterlesen \u00bb\t\t<\/a>\n\n\t\t\t\t<\/div>\n\t\t\t\t<\/article>\n\t\t\t\t<article class=\"elementor-post elementor-grid-item post-8048 post type-post status-publish format-standard has-post-thumbnail hentry category-archiv-2022\" role=\"listitem\">\n\t\t\t\t<a class=\"elementor-post__thumbnail__link\" href=\"https:\/\/maendeleo.ch\/wordpress\/unterwegs-zur-autonomie\/\" tabindex=\"-1\" >\n\t\t\t<div class=\"elementor-post__thumbnail\"><img loading=\"lazy\" decoding=\"async\" width=\"300\" height=\"225\" src=\"https:\/\/maendeleo.ch\/wordpress\/wp-content\/uploads\/2021\/06\/lehrerteam-300x225.jpg\" class=\"attachment-medium size-medium wp-image-7344\" alt=\"\" srcset=\"https:\/\/maendeleo.ch\/wordpress\/wp-content\/uploads\/2021\/06\/lehrerteam-300x225.jpg 300w, https:\/\/maendeleo.ch\/wordpress\/wp-content\/uploads\/2021\/06\/lehrerteam-1024x768.jpg 1024w, https:\/\/maendeleo.ch\/wordpress\/wp-content\/uploads\/2021\/06\/lehrerteam-768x576.jpg 768w, https:\/\/maendeleo.ch\/wordpress\/wp-content\/uploads\/2021\/06\/lehrerteam-1536x1152.jpg 1536w, https:\/\/maendeleo.ch\/wordpress\/wp-content\/uploads\/2021\/06\/lehrerteam.jpg 1920w\" sizes=\"(max-width: 300px) 100vw, 300px\" \/><\/div>\n\t\t<\/a>\n\t\t\t\t<div class=\"elementor-post__text\">\n\t\t\t\t<h3 class=\"elementor-post__title\">\n\t\t\t<a href=\"https:\/\/maendeleo.ch\/wordpress\/unterwegs-zur-autonomie\/\" >\n\t\t\t\tUnterwegs zur Autonomie\t\t\t<\/a>\n\t\t<\/h3>\n\t\t\t\t<div class=\"elementor-post__meta-data\">\n\t\t\t\t\t<span class=\"elementor-post-date\">\n\t\t\t5. M\u00e4rz 2022\t\t<\/span>\n\t\t\t\t<\/div>\n\t\t\t\t<div class=\"elementor-post__excerpt\">\n\t\t\t<p>Unterwegs zur Autonomie 2020 beschlossen wir, mehr und mehr Verantwortung an das Team in Ikoma abzugeben. Dorthin, wo unsere Schule steht. Ab 2021 arbeiteten unsere Leute in Ikoma in Arbeitsgruppen. Jede Gruppe erstellte ein Jahresprogramm und dazu ein Budget. Beides reichten sie ein beim Verein Maendeleo in der Schweiz. In<\/p>\n\t\t<\/div>\n\t\t\n\t\t<a class=\"elementor-post__read-more\" href=\"https:\/\/maendeleo.ch\/wordpress\/unterwegs-zur-autonomie\/\" aria-label=\"Mehr \u00fcber Unterwegs zur Autonomie\" tabindex=\"-1\" >\n\t\t\tWeiterlesen \u00bb\t\t<\/a>\n\n\t\t\t\t<\/div>\n\t\t\t\t<\/article>\n\t\t\t\t<article class=\"elementor-post elementor-grid-item post-8042 post type-post status-publish format-standard has-post-thumbnail hentry category-archiv-2022 category-ausbildung-motorrad-reparatur category-berufsausbildung\" role=\"listitem\">\n\t\t\t\t<a class=\"elementor-post__thumbnail__link\" href=\"https:\/\/maendeleo.ch\/wordpress\/15-toeffmechanikerinnen-ausgebildet\/\" tabindex=\"-1\" >\n\t\t\t<div class=\"elementor-post__thumbnail\"><img loading=\"lazy\" decoding=\"async\" width=\"300\" height=\"135\" src=\"https:\/\/maendeleo.ch\/wordpress\/wp-content\/uploads\/2022\/03\/moto-1-300x135.jpg\" class=\"attachment-medium size-medium wp-image-8001\" alt=\"\" srcset=\"https:\/\/maendeleo.ch\/wordpress\/wp-content\/uploads\/2022\/03\/moto-1-300x135.jpg 300w, https:\/\/maendeleo.ch\/wordpress\/wp-content\/uploads\/2022\/03\/moto-1.jpg 324w\" sizes=\"(max-width: 300px) 100vw, 300px\" \/><\/div>\n\t\t<\/a>\n\t\t\t\t<div class=\"elementor-post__text\">\n\t\t\t\t<h3 class=\"elementor-post__title\">\n\t\t\t<a href=\"https:\/\/maendeleo.ch\/wordpress\/15-toeffmechanikerinnen-ausgebildet\/\" >\n\t\t\t\t15 T\u00f6ffmechanikerInnen ausgebildet\t\t\t<\/a>\n\t\t<\/h3>\n\t\t\t\t<div class=\"elementor-post__meta-data\">\n\t\t\t\t\t<span class=\"elementor-post-date\">\n\t\t\t5. M\u00e4rz 2022\t\t<\/span>\n\t\t\t\t<\/div>\n\t\t\t\t<div class=\"elementor-post__excerpt\">\n\t\t\t<p>15 T\u00f6ffmechanikerInnen ausgebildet Der ehemalige Stall hatte sich von Dezember bis Februar in eine Motorrad-Werkstatt verwandelt. 15 Ehemalige unsrer Schule lernten in einer Ausbildung von Swisscontact\/Promost, wie einige der am meisten vorkommenden Pannen an Motorr\u00e4dern repariert werden k\u00f6nnen. Ziel ist, dass wenigstens einige der AbsolventInnen dereinst davon leben k\u00f6nnen. Es<\/p>\n\t\t<\/div>\n\t\t\n\t\t<a class=\"elementor-post__read-more\" href=\"https:\/\/maendeleo.ch\/wordpress\/15-toeffmechanikerinnen-ausgebildet\/\" aria-label=\"Mehr \u00fcber 15 T\u00f6ffmechanikerInnen ausgebildet\" tabindex=\"-1\" >\n\t\t\tWeiterlesen \u00bb\t\t<\/a>\n\n\t\t\t\t<\/div>\n\t\t\t\t<\/article>\n\t\t\t\t<article class=\"elementor-post elementor-grid-item post-8030 post type-post status-publish format-standard has-post-thumbnail hentry category-archiv-2022 category-schule\" role=\"listitem\">\n\t\t\t\t<a class=\"elementor-post__thumbnail__link\" href=\"https:\/\/maendeleo.ch\/wordpress\/lehrkraefte-arbeiten-ohne-lohn\/\" tabindex=\"-1\" >\n\t\t\t<div class=\"elementor-post__thumbnail\"><img loading=\"lazy\" decoding=\"async\" width=\"300\" height=\"225\" src=\"https:\/\/maendeleo.ch\/wordpress\/wp-content\/uploads\/2020\/12\/Babouches-2-300x225.jpeg\" class=\"attachment-medium size-medium wp-image-7096\" alt=\"\" srcset=\"https:\/\/maendeleo.ch\/wordpress\/wp-content\/uploads\/2020\/12\/Babouches-2-300x225.jpeg 300w, https:\/\/maendeleo.ch\/wordpress\/wp-content\/uploads\/2020\/12\/Babouches-2-1024x768.jpeg 1024w, https:\/\/maendeleo.ch\/wordpress\/wp-content\/uploads\/2020\/12\/Babouches-2-768x576.jpeg 768w, https:\/\/maendeleo.ch\/wordpress\/wp-content\/uploads\/2020\/12\/Babouches-2.jpeg 1040w\" sizes=\"(max-width: 300px) 100vw, 300px\" \/><\/div>\n\t\t<\/a>\n\t\t\t\t<div class=\"elementor-post__text\">\n\t\t\t\t<h3 class=\"elementor-post__title\">\n\t\t\t<a href=\"https:\/\/maendeleo.ch\/wordpress\/lehrkraefte-arbeiten-ohne-lohn\/\" >\n\t\t\t\tLehrkr\u00e4fte arbeiten ohne Lohn\t\t\t<\/a>\n\t\t<\/h3>\n\t\t\t\t<div class=\"elementor-post__meta-data\">\n\t\t\t\t\t<span class=\"elementor-post-date\">\n\t\t\t5. M\u00e4rz 2022\t\t<\/span>\n\t\t\t\t<\/div>\n\t\t\t\t<div class=\"elementor-post__excerpt\">\n\t\t\t<p>Lehrer Fran\u00e7ois in der ersten Klasse mit einer Praktikantin Etwa 30 Prozent aller Lehrkr\u00e4fte im Kongo arbeiten ohne Lohn. Sie arbeiten an Schulen, die nicht &#8222;m\u00e9canis\u00e9&#8220; sind. Nicht \u201emechanisiert\u201c bedeutet: die Schulen erhalten kein Geld vom Staat*. Trotzdem erhielten auch Lehrkr\u00e4fte dieser Schulen bis zum Amts-Antritt von Staatpr\u00e4sident Tshisekedi 2019<\/p>\n\t\t<\/div>\n\t\t\n\t\t<a class=\"elementor-post__read-more\" href=\"https:\/\/maendeleo.ch\/wordpress\/lehrkraefte-arbeiten-ohne-lohn\/\" aria-label=\"Mehr \u00fcber Lehrkr\u00e4fte arbeiten ohne Lohn\" tabindex=\"-1\" >\n\t\t\tWeiterlesen \u00bb\t\t<\/a>\n\n\t\t\t\t<\/div>\n\t\t\t\t<\/article>\n\t\t\t\t<article class=\"elementor-post elementor-grid-item post-8023 post type-post status-publish format-standard has-post-thumbnail hentry category-archiv-2022 category-schule\" role=\"listitem\">\n\t\t\t\t<a class=\"elementor-post__thumbnail__link\" href=\"https:\/\/maendeleo.ch\/wordpress\/der-mord-der-nie-geklaert-wird\/\" tabindex=\"-1\" >\n\t\t\t<div class=\"elementor-post__thumbnail\"><img loading=\"lazy\" decoding=\"async\" width=\"300\" height=\"135\" src=\"https:\/\/maendeleo.ch\/wordpress\/wp-content\/uploads\/2022\/03\/trauerfeier-justin-300x135.jpg\" class=\"attachment-medium size-medium wp-image-8004\" alt=\"\" srcset=\"https:\/\/maendeleo.ch\/wordpress\/wp-content\/uploads\/2022\/03\/trauerfeier-justin-300x135.jpg 300w, https:\/\/maendeleo.ch\/wordpress\/wp-content\/uploads\/2022\/03\/trauerfeier-justin-768x345.jpg 768w, https:\/\/maendeleo.ch\/wordpress\/wp-content\/uploads\/2022\/03\/trauerfeier-justin.jpg 998w\" sizes=\"(max-width: 300px) 100vw, 300px\" \/><\/div>\n\t\t<\/a>\n\t\t\t\t<div class=\"elementor-post__text\">\n\t\t\t\t<h3 class=\"elementor-post__title\">\n\t\t\t<a href=\"https:\/\/maendeleo.ch\/wordpress\/der-mord-der-nie-geklaert-wird\/\" >\n\t\t\t\tDer Mord, der nie gekl\u00e4rt wird\t\t\t<\/a>\n\t\t<\/h3>\n\t\t\t\t<div class=\"elementor-post__meta-data\">\n\t\t\t\t\t<span class=\"elementor-post-date\">\n\t\t\t5. M\u00e4rz 2022\t\t<\/span>\n\t\t\t\t<\/div>\n\t\t\t\t<div class=\"elementor-post__excerpt\">\n\t\t\t<p>Der Mord, der nie gekl\u00e4rt wird Warum Lehrer Justin Mulume am 9. Februar 2022 umgebracht wurde, bleibt r\u00e4tselhaft. Er war auf dem Heimweg vom Markt im Nachbardorf mit einem Lehrerkollegen und einem weiteren Mann. Es war 19h, also dunkel, denn das ganze Jahr geht die Sonne in Ikoma abends kurz<\/p>\n\t\t<\/div>\n\t\t\n\t\t<a class=\"elementor-post__read-more\" href=\"https:\/\/maendeleo.ch\/wordpress\/der-mord-der-nie-geklaert-wird\/\" aria-label=\"Mehr \u00fcber Der Mord, der nie gekl\u00e4rt wird\" tabindex=\"-1\" >\n\t\t\tWeiterlesen \u00bb\t\t<\/a>\n\n\t\t\t\t<\/div>\n\t\t\t\t<\/article>\n\t\t\t\t<\/div>\n\t\t\n\t\t\t\t\t\t<\/div>\n\t\t\t\t<\/div>\n\t\t\t\t\t<\/div>\n\t\t\t\t<\/div>\n\t\t\t\t<\/div>\n\t\t","protected":false},"excerpt":{"rendered":"<p>2022<\/p>\n","protected":false},"author":1,"featured_media":0,"parent":115,"menu_order":0,"comment_status":"closed","ping_status":"closed","template":"page-templates\/template-pagebuilder-full-width.php","meta":{"footnotes":""},"class_list":["post-8607","page","type-page","status-publish","hentry"],"_links":{"self":[{"href":"https:\/\/maendeleo.ch\/wordpress\/wp-json\/wp\/v2\/pages\/8607","targetHints":{"allow":["GET"]}}],"collection":[{"href":"https:\/\/maendeleo.ch\/wordpress\/wp-json\/wp\/v2\/pages"}],"about":[{"href":"https:\/\/maendeleo.ch\/wordpress\/wp-json\/wp\/v2\/types\/page"}],"author":[{"embeddable":true,"href":"https:\/\/maendeleo.ch\/wordpress\/wp-json\/wp\/v2\/users\/1"}],"replies":[{"embeddable":true,"href":"https:\/\/maendeleo.ch\/wordpress\/wp-json\/wp\/v2\/comments?post=8607"}],"version-history":[{"count":16,"href":"https:\/\/maendeleo.ch\/wordpress\/wp-json\/wp\/v2\/pages\/8607\/revisions"}],"predecessor-version":[{"id":9087,"href":"https:\/\/maendeleo.ch\/wordpress\/wp-json\/wp\/v2\/pages\/8607\/revisions\/9087"}],"up":[{"embeddable":true,"href":"https:\/\/maendeleo.ch\/wordpress\/wp-json\/wp\/v2\/pages\/115"}],"wp:attachment":[{"href":"https:\/\/maendeleo.ch\/wordpress\/wp-json\/wp\/v2\/media?parent=8607"}],"curies":[{"name":"wp","href":"https:\/\/api.w.org\/{rel}","templated":true}]}}