{"id":8602,"date":"2023-08-04T11:21:43","date_gmt":"2023-08-04T09:21:43","guid":{"rendered":"https:\/\/maendeleo.ch\/wordpress\/?page_id=8602"},"modified":"2024-12-02T17:03:11","modified_gmt":"2024-12-02T15:03:11","slug":"2021-2","status":"publish","type":"page","link":"https:\/\/maendeleo.ch\/wordpress\/archiv\/2021-2\/","title":{"rendered":"2021"},"content":{"rendered":"\t\t<div data-elementor-type=\"wp-page\" data-elementor-id=\"8602\" class=\"elementor elementor-8602\" data-elementor-post-type=\"page\">\n\t\t\t\t<div class=\"elementor-element elementor-element-963c047 e-flex e-con-boxed e-con e-parent\" data-id=\"963c047\" data-element_type=\"container\" data-e-type=\"container\">\n\t\t\t\t\t<div class=\"e-con-inner\">\n\t\t\t\t<div class=\"elementor-element elementor-element-9d8e8c6 elementor-widget elementor-widget-heading\" data-id=\"9d8e8c6\" data-element_type=\"widget\" data-e-type=\"widget\" data-widget_type=\"heading.default\">\n\t\t\t\t<div class=\"elementor-widget-container\">\n\t\t\t\t\t<h2 class=\"elementor-heading-title elementor-size-default\">2021<\/h2>\t\t\t\t<\/div>\n\t\t\t\t<\/div>\n\t\t\t\t\t<\/div>\n\t\t\t\t<\/div>\n\t\t<div class=\"elementor-element elementor-element-d7355af e-flex e-con-boxed e-con e-parent\" data-id=\"d7355af\" data-element_type=\"container\" data-e-type=\"container\">\n\t\t\t\t\t<div class=\"e-con-inner\">\n\t\t\t\t<div class=\"elementor-element elementor-element-d776432 elementor-grid-3 elementor-grid-tablet-2 elementor-grid-mobile-1 elementor-posts--thumbnail-top elementor-widget elementor-widget-posts\" data-id=\"d776432\" data-element_type=\"widget\" data-e-type=\"widget\" data-settings=\"{&quot;classic_columns&quot;:&quot;3&quot;,&quot;classic_columns_tablet&quot;:&quot;2&quot;,&quot;classic_columns_mobile&quot;:&quot;1&quot;,&quot;classic_row_gap&quot;:{&quot;unit&quot;:&quot;px&quot;,&quot;size&quot;:35,&quot;sizes&quot;:[]},&quot;classic_row_gap_tablet&quot;:{&quot;unit&quot;:&quot;px&quot;,&quot;size&quot;:&quot;&quot;,&quot;sizes&quot;:[]},&quot;classic_row_gap_mobile&quot;:{&quot;unit&quot;:&quot;px&quot;,&quot;size&quot;:&quot;&quot;,&quot;sizes&quot;:[]}}\" data-widget_type=\"posts.classic\">\n\t\t\t\t<div class=\"elementor-widget-container\">\n\t\t\t\t\t\t\t<div class=\"elementor-posts-container elementor-posts elementor-posts--skin-classic elementor-grid\" role=\"list\">\n\t\t\t\t<article class=\"elementor-post elementor-grid-item post-7921 post type-post status-publish format-standard has-post-thumbnail hentry category-archiv-2021 category-ausbildung-motorrad-reparatur category-berufsausbildung\" role=\"listitem\">\n\t\t\t\t<a class=\"elementor-post__thumbnail__link\" href=\"https:\/\/maendeleo.ch\/wordpress\/ausbildung-motorradmechanikerin\/\" tabindex=\"-1\" >\n\t\t\t<div class=\"elementor-post__thumbnail\"><img fetchpriority=\"high\" decoding=\"async\" width=\"300\" height=\"225\" src=\"https:\/\/maendeleo.ch\/wordpress\/wp-content\/uploads\/2021\/12\/To\u0308ffmechaniker-vor-Stall-300x225.jpeg\" class=\"attachment-medium size-medium wp-image-7926\" alt=\"\" srcset=\"https:\/\/maendeleo.ch\/wordpress\/wp-content\/uploads\/2021\/12\/To\u0308ffmechaniker-vor-Stall-300x225.jpeg 300w, https:\/\/maendeleo.ch\/wordpress\/wp-content\/uploads\/2021\/12\/To\u0308ffmechaniker-vor-Stall-1024x768.jpeg 1024w, https:\/\/maendeleo.ch\/wordpress\/wp-content\/uploads\/2021\/12\/To\u0308ffmechaniker-vor-Stall-768x576.jpeg 768w, https:\/\/maendeleo.ch\/wordpress\/wp-content\/uploads\/2021\/12\/To\u0308ffmechaniker-vor-Stall.jpeg 1040w\" sizes=\"(max-width: 300px) 100vw, 300px\" \/><\/div>\n\t\t<\/a>\n\t\t\t\t<div class=\"elementor-post__text\">\n\t\t\t\t<h3 class=\"elementor-post__title\">\n\t\t\t<a href=\"https:\/\/maendeleo.ch\/wordpress\/ausbildung-motorradmechanikerin\/\" >\n\t\t\t\tAusbildung MotorradmechanikerIn\t\t\t<\/a>\n\t\t<\/h3>\n\t\t\t\t<div class=\"elementor-post__meta-data\">\n\t\t\t\t\t<span class=\"elementor-post-date\">\n\t\t\t20. Dezember 2021\t\t<\/span>\n\t\t\t\t<\/div>\n\t\t\t\t<div class=\"elementor-post__excerpt\">\n\t\t\t<p>Am 7. Dezember begannen 20 ehemalige Sch\u00fclerInnen unserer Primarschule eine Ausbildung zu T\u00f6ff-ReparateurInnen Die Ausbildung ist ein Projekt der Schweizer Hilfsorganisation www.swisscontact.org, finanziert von der Schweizer Entwicklungshilfe (DEZA). Seit 6 Jahren engagiert sich Swisscontact mit ihrem umtriebigen Leiter Thierry Lenoir in der Berufsbildung im S\u00fcdkivu. F\u00fcr die T\u00f6ff-Ausbildung stellt Maendeleo<\/p>\n\t\t<\/div>\n\t\t\n\t\t<a class=\"elementor-post__read-more\" href=\"https:\/\/maendeleo.ch\/wordpress\/ausbildung-motorradmechanikerin\/\" aria-label=\"Mehr \u00fcber Ausbildung MotorradmechanikerIn\" tabindex=\"-1\" >\n\t\t\tWeiterlesen \u00bb\t\t<\/a>\n\n\t\t\t\t<\/div>\n\t\t\t\t<\/article>\n\t\t\t\t<article class=\"elementor-post elementor-grid-item post-7846 post type-post status-publish format-standard has-post-thumbnail hentry category-archiv-2021 category-ausbildung-motorrad-reparatur category-berufsausbildung\" role=\"listitem\">\n\t\t\t\t<a class=\"elementor-post__thumbnail__link\" href=\"https:\/\/maendeleo.ch\/wordpress\/elementor-7846\/\" tabindex=\"-1\" >\n\t\t\t<div class=\"elementor-post__thumbnail\"><img decoding=\"async\" width=\"300\" height=\"225\" src=\"https:\/\/maendeleo.ch\/wordpress\/wp-content\/uploads\/2021\/09\/P1040734-300x225.jpg\" class=\"attachment-medium size-medium wp-image-7844\" alt=\"\" srcset=\"https:\/\/maendeleo.ch\/wordpress\/wp-content\/uploads\/2021\/09\/P1040734-300x225.jpg 300w, https:\/\/maendeleo.ch\/wordpress\/wp-content\/uploads\/2021\/09\/P1040734.jpg 640w\" sizes=\"(max-width: 300px) 100vw, 300px\" \/><\/div>\n\t\t<\/a>\n\t\t\t\t<div class=\"elementor-post__text\">\n\t\t\t\t<h3 class=\"elementor-post__title\">\n\t\t\t<a href=\"https:\/\/maendeleo.ch\/wordpress\/elementor-7846\/\" >\n\t\t\t\tNeue Berufsausbildung: Motorrad-Reparatur\t\t\t<\/a>\n\t\t<\/h3>\n\t\t\t\t<div class=\"elementor-post__meta-data\">\n\t\t\t\t\t<span class=\"elementor-post-date\">\n\t\t\t10. September 2021\t\t<\/span>\n\t\t\t\t<\/div>\n\t\t\t\t<div class=\"elementor-post__excerpt\">\n\t\t\t<p>Bald neue Berufsausbildung: Motorrad-Reparatur Motorr\u00e4der sind das Hauptverkehrsmittel im Kongo. Unternehmer vermieten T\u00f6ffs an Fahrer, die Passagiere f\u00fcr 20-30 Cent durch die Stadt transportieren, f\u00fcr ein paar Dollar auch bis nach Ikoma.&nbsp; Die T\u00f6ffs sind aus Indien oder China, kosten etwa 1000 Dollar, die Qualit\u00e4t ist entsprechend. Bei den miesen<\/p>\n\t\t<\/div>\n\t\t\n\t\t<a class=\"elementor-post__read-more\" href=\"https:\/\/maendeleo.ch\/wordpress\/elementor-7846\/\" aria-label=\"Mehr \u00fcber Neue Berufsausbildung: Motorrad-Reparatur\" tabindex=\"-1\" >\n\t\t\tWeiterlesen \u00bb\t\t<\/a>\n\n\t\t\t\t<\/div>\n\t\t\t\t<\/article>\n\t\t\t\t<article class=\"elementor-post elementor-grid-item post-7790 post type-post status-publish format-standard has-post-thumbnail hentry category-archiv-2021\" role=\"listitem\">\n\t\t\t\t<a class=\"elementor-post__thumbnail__link\" href=\"https:\/\/maendeleo.ch\/wordpress\/chanceline-et-ubc\/\" tabindex=\"-1\" >\n\t\t\t<div class=\"elementor-post__thumbnail\"><img decoding=\"async\" width=\"300\" height=\"225\" src=\"https:\/\/maendeleo.ch\/wordpress\/wp-content\/uploads\/2021\/09\/chanceline_ubc-300x225.png\" class=\"attachment-medium size-medium wp-image-7794\" alt=\"\" srcset=\"https:\/\/maendeleo.ch\/wordpress\/wp-content\/uploads\/2021\/09\/chanceline_ubc-300x225.png 300w, https:\/\/maendeleo.ch\/wordpress\/wp-content\/uploads\/2021\/09\/chanceline_ubc-768x576.png 768w, https:\/\/maendeleo.ch\/wordpress\/wp-content\/uploads\/2021\/09\/chanceline_ubc.png 868w\" sizes=\"(max-width: 300px) 100vw, 300px\" \/><\/div>\n\t\t<\/a>\n\t\t\t\t<div class=\"elementor-post__text\">\n\t\t\t\t<h3 class=\"elementor-post__title\">\n\t\t\t<a href=\"https:\/\/maendeleo.ch\/wordpress\/chanceline-et-ubc\/\" >\n\t\t\t\tChanceline et UBC\t\t\t<\/a>\n\t\t<\/h3>\n\t\t\t\t<div class=\"elementor-post__meta-data\">\n\t\t\t\t\t<span class=\"elementor-post-date\">\n\t\t\t1. September 2021\t\t<\/span>\n\t\t\t\t<\/div>\n\t\t\t\t<div class=\"elementor-post__excerpt\">\n\t\t\t\t\t<\/div>\n\t\t\n\t\t<a class=\"elementor-post__read-more\" href=\"https:\/\/maendeleo.ch\/wordpress\/chanceline-et-ubc\/\" aria-label=\"Mehr \u00fcber Chanceline et UBC\" tabindex=\"-1\" >\n\t\t\tWeiterlesen \u00bb\t\t<\/a>\n\n\t\t\t\t<\/div>\n\t\t\t\t<\/article>\n\t\t\t\t<article class=\"elementor-post elementor-grid-item post-7777 post type-post status-publish format-standard has-post-thumbnail hentry category-archiv-2021\" role=\"listitem\">\n\t\t\t\t<a class=\"elementor-post__thumbnail__link\" href=\"https:\/\/maendeleo.ch\/wordpress\/portrait-chanceline\/\" tabindex=\"-1\" >\n\t\t\t<div class=\"elementor-post__thumbnail\"><img loading=\"lazy\" decoding=\"async\" width=\"300\" height=\"225\" src=\"https:\/\/maendeleo.ch\/wordpress\/wp-content\/uploads\/2021\/09\/chanceline_portrait-300x225.png\" class=\"attachment-medium size-medium wp-image-7793\" alt=\"\" srcset=\"https:\/\/maendeleo.ch\/wordpress\/wp-content\/uploads\/2021\/09\/chanceline_portrait-300x225.png 300w, https:\/\/maendeleo.ch\/wordpress\/wp-content\/uploads\/2021\/09\/chanceline_portrait-768x576.png 768w, https:\/\/maendeleo.ch\/wordpress\/wp-content\/uploads\/2021\/09\/chanceline_portrait.png 867w\" sizes=\"(max-width: 300px) 100vw, 300px\" \/><\/div>\n\t\t<\/a>\n\t\t\t\t<div class=\"elementor-post__text\">\n\t\t\t\t<h3 class=\"elementor-post__title\">\n\t\t\t<a href=\"https:\/\/maendeleo.ch\/wordpress\/portrait-chanceline\/\" >\n\t\t\t\tPortrait Chanceline\t\t\t<\/a>\n\t\t<\/h3>\n\t\t\t\t<div class=\"elementor-post__meta-data\">\n\t\t\t\t\t<span class=\"elementor-post-date\">\n\t\t\t1. September 2021\t\t<\/span>\n\t\t\t\t<\/div>\n\t\t\t\t<div class=\"elementor-post__excerpt\">\n\t\t\t\t\t<\/div>\n\t\t\n\t\t<a class=\"elementor-post__read-more\" href=\"https:\/\/maendeleo.ch\/wordpress\/portrait-chanceline\/\" aria-label=\"Mehr \u00fcber Portrait Chanceline\" tabindex=\"-1\" >\n\t\t\tWeiterlesen \u00bb\t\t<\/a>\n\n\t\t\t\t<\/div>\n\t\t\t\t<\/article>\n\t\t\t\t<article class=\"elementor-post elementor-grid-item post-7576 post type-post status-publish format-standard has-post-thumbnail hentry category-archiv-2021 category-landwirtschaft\" role=\"listitem\">\n\t\t\t\t<a class=\"elementor-post__thumbnail__link\" href=\"https:\/\/maendeleo.ch\/wordpress\/bald-erste-zuckerrohrernte\/\" tabindex=\"-1\" >\n\t\t\t<div class=\"elementor-post__thumbnail\"><img loading=\"lazy\" decoding=\"async\" width=\"300\" height=\"225\" src=\"https:\/\/maendeleo.ch\/wordpress\/wp-content\/uploads\/2021\/07\/Justin-Wa\u0308chter-jpeg-300x225.jpeg\" class=\"attachment-medium size-medium wp-image-7577\" alt=\"\" srcset=\"https:\/\/maendeleo.ch\/wordpress\/wp-content\/uploads\/2021\/07\/Justin-Wa\u0308chter-jpeg-300x225.jpeg 300w, https:\/\/maendeleo.ch\/wordpress\/wp-content\/uploads\/2021\/07\/Justin-Wa\u0308chter-jpeg-1024x768.jpeg 1024w, https:\/\/maendeleo.ch\/wordpress\/wp-content\/uploads\/2021\/07\/Justin-Wa\u0308chter-jpeg-768x576.jpeg 768w, https:\/\/maendeleo.ch\/wordpress\/wp-content\/uploads\/2021\/07\/Justin-Wa\u0308chter-jpeg.jpeg 1280w\" sizes=\"(max-width: 300px) 100vw, 300px\" \/><\/div>\n\t\t<\/a>\n\t\t\t\t<div class=\"elementor-post__text\">\n\t\t\t\t<h3 class=\"elementor-post__title\">\n\t\t\t<a href=\"https:\/\/maendeleo.ch\/wordpress\/bald-erste-zuckerrohrernte\/\" >\n\t\t\t\tBald erste Zuckerrohrernte\t\t\t<\/a>\n\t\t<\/h3>\n\t\t\t\t<div class=\"elementor-post__meta-data\">\n\t\t\t\t\t<span class=\"elementor-post-date\">\n\t\t\t5. Juli 2021\t\t<\/span>\n\t\t\t\t<\/div>\n\t\t\t\t<div class=\"elementor-post__excerpt\">\n\t\t\t<p>Zusatzeink\u00fcnfte f\u00fcr die Schule Nachdem Pr\u00e4sident Tshisekedi die Primarschulen f\u00fcr gratis erkl\u00e4rt hatte, hatte unser Agroprojekt den Hauptzweck verloren. Es hatte den Eltern die M\u00f6glichkeit geboten, durch Arbeit auf dem Feld, Schulgeld f\u00fcr die Kinder zu erhalten. Im November 19 schlugen die Lehrer vor, auf dem Feld Zuckerrohr und B\u00e4ume<\/p>\n\t\t<\/div>\n\t\t\n\t\t<a class=\"elementor-post__read-more\" href=\"https:\/\/maendeleo.ch\/wordpress\/bald-erste-zuckerrohrernte\/\" aria-label=\"Mehr \u00fcber Bald erste Zuckerrohrernte\" tabindex=\"-1\" >\n\t\t\tWeiterlesen \u00bb\t\t<\/a>\n\n\t\t\t\t<\/div>\n\t\t\t\t<\/article>\n\t\t\t\t<article class=\"elementor-post elementor-grid-item post-7561 post type-post status-publish format-standard has-post-thumbnail hentry category-archiv-2021 category-berufsausbildung\" role=\"listitem\">\n\t\t\t\t<a class=\"elementor-post__thumbnail__link\" href=\"https:\/\/maendeleo.ch\/wordpress\/informatikstudium-ohne-computer\/\" tabindex=\"-1\" >\n\t\t\t<div class=\"elementor-post__thumbnail\"><img loading=\"lazy\" decoding=\"async\" width=\"244\" height=\"300\" src=\"https:\/\/maendeleo.ch\/wordpress\/wp-content\/uploads\/2021\/07\/Furah-244x300.jpg\" class=\"attachment-medium size-medium wp-image-7478\" alt=\"\" srcset=\"https:\/\/maendeleo.ch\/wordpress\/wp-content\/uploads\/2021\/07\/Furah-244x300.jpg 244w, https:\/\/maendeleo.ch\/wordpress\/wp-content\/uploads\/2021\/07\/Furah.jpg 382w\" sizes=\"(max-width: 244px) 100vw, 244px\" \/><\/div>\n\t\t<\/a>\n\t\t\t\t<div class=\"elementor-post__text\">\n\t\t\t\t<h3 class=\"elementor-post__title\">\n\t\t\t<a href=\"https:\/\/maendeleo.ch\/wordpress\/informatikstudium-ohne-computer\/\" >\n\t\t\t\tInformatikstudium ohne Computer?\t\t\t<\/a>\n\t\t<\/h3>\n\t\t\t\t<div class=\"elementor-post__meta-data\">\n\t\t\t\t\t<span class=\"elementor-post-date\">\n\t\t\t5. Juli 2021\t\t<\/span>\n\t\t\t\t<\/div>\n\t\t\t\t<div class=\"elementor-post__excerpt\">\n\t\t\t<p>Seit 11 Jahren begleitet mich mein MacBook, es reiste mit mir wohl 30 x nach Afrika, diesmal soll es dort bleiben, das war mein Plan. Es funktioniert noch immer gut, wem also geben? Da helfen gibt Zuf\u00e4lle, die vielleicht keine sind. In der Kloster-Anlage sehe ich oft eine junge Frau,<\/p>\n\t\t<\/div>\n\t\t\n\t\t<a class=\"elementor-post__read-more\" href=\"https:\/\/maendeleo.ch\/wordpress\/informatikstudium-ohne-computer\/\" aria-label=\"Mehr \u00fcber Informatikstudium ohne Computer?\" tabindex=\"-1\" >\n\t\t\tWeiterlesen \u00bb\t\t<\/a>\n\n\t\t\t\t<\/div>\n\t\t\t\t<\/article>\n\t\t\t\t<article class=\"elementor-post elementor-grid-item post-7551 post type-post status-publish format-standard has-post-thumbnail hentry category-archiv-2021 category-berufsausbildung category-schneiderinnen-ausbildung\" role=\"listitem\">\n\t\t\t\t<a class=\"elementor-post__thumbnail__link\" href=\"https:\/\/maendeleo.ch\/wordpress\/naehatelier-im-schulhaus\/\" tabindex=\"-1\" >\n\t\t\t<div class=\"elementor-post__thumbnail\"><img loading=\"lazy\" decoding=\"async\" width=\"300\" height=\"224\" src=\"https:\/\/maendeleo.ch\/wordpress\/wp-content\/uploads\/2020\/08\/ausbildung_1-300x224.jpg\" class=\"attachment-medium size-medium wp-image-6985\" alt=\"\" srcset=\"https:\/\/maendeleo.ch\/wordpress\/wp-content\/uploads\/2020\/08\/ausbildung_1-300x224.jpg 300w, https:\/\/maendeleo.ch\/wordpress\/wp-content\/uploads\/2020\/08\/ausbildung_1-1024x765.jpg 1024w, https:\/\/maendeleo.ch\/wordpress\/wp-content\/uploads\/2020\/08\/ausbildung_1-768x574.jpg 768w, https:\/\/maendeleo.ch\/wordpress\/wp-content\/uploads\/2020\/08\/ausbildung_1.jpg 1384w\" sizes=\"(max-width: 300px) 100vw, 300px\" \/><\/div>\n\t\t<\/a>\n\t\t\t\t<div class=\"elementor-post__text\">\n\t\t\t\t<h3 class=\"elementor-post__title\">\n\t\t\t<a href=\"https:\/\/maendeleo.ch\/wordpress\/naehatelier-im-schulhaus\/\" >\n\t\t\t\tN\u00e4hatelier im Schulhaus\t\t\t<\/a>\n\t\t<\/h3>\n\t\t\t\t<div class=\"elementor-post__meta-data\">\n\t\t\t\t\t<span class=\"elementor-post-date\">\n\t\t\t5. Juli 2021\t\t<\/span>\n\t\t\t\t<\/div>\n\t\t\t\t<div class=\"elementor-post__excerpt\">\n\t\t\t<p>Ein Jahr lang bis im Juli hat Aganze 15 jungen Frauen &#8211; alles ehemalige Milondola-Sch\u00fclerinnen \u2013 das Schneiderinnen-Handwerk beigebracht. Wir hatten mit Aganze besprochen, dass sie die Lehrlinge ein weiteres Jahr begleitet beim Aufbau von Gruppen-Ateliers in der Region. Im Juni erkl\u00e4rte mir Aganze,&nbsp; diese Idee sei nicht umsetzbar. Die<\/p>\n\t\t<\/div>\n\t\t\n\t\t<a class=\"elementor-post__read-more\" href=\"https:\/\/maendeleo.ch\/wordpress\/naehatelier-im-schulhaus\/\" aria-label=\"Mehr \u00fcber N\u00e4hatelier im Schulhaus\" tabindex=\"-1\" >\n\t\t\tWeiterlesen \u00bb\t\t<\/a>\n\n\t\t\t\t<\/div>\n\t\t\t\t<\/article>\n\t\t\t\t<article class=\"elementor-post elementor-grid-item post-7288 post type-post status-publish format-standard has-post-thumbnail hentry category-archiv-2021\" role=\"listitem\">\n\t\t\t\t<a class=\"elementor-post__thumbnail__link\" href=\"https:\/\/maendeleo.ch\/wordpress\/schulen-wieder-geoeffnet-verzicht-auf-sommerferien\/\" tabindex=\"-1\" >\n\t\t\t<div class=\"elementor-post__thumbnail\"><img loading=\"lazy\" decoding=\"async\" width=\"300\" height=\"225\" src=\"https:\/\/maendeleo.ch\/wordpress\/wp-content\/uploads\/2020\/12\/Babouches-3-300x225.jpeg\" class=\"attachment-medium size-medium wp-image-7097\" alt=\"\" srcset=\"https:\/\/maendeleo.ch\/wordpress\/wp-content\/uploads\/2020\/12\/Babouches-3-300x225.jpeg 300w, https:\/\/maendeleo.ch\/wordpress\/wp-content\/uploads\/2020\/12\/Babouches-3-1024x768.jpeg 1024w, https:\/\/maendeleo.ch\/wordpress\/wp-content\/uploads\/2020\/12\/Babouches-3-768x576.jpeg 768w, https:\/\/maendeleo.ch\/wordpress\/wp-content\/uploads\/2020\/12\/Babouches-3.jpeg 1040w\" sizes=\"(max-width: 300px) 100vw, 300px\" \/><\/div>\n\t\t<\/a>\n\t\t\t\t<div class=\"elementor-post__text\">\n\t\t\t\t<h3 class=\"elementor-post__title\">\n\t\t\t<a href=\"https:\/\/maendeleo.ch\/wordpress\/schulen-wieder-geoeffnet-verzicht-auf-sommerferien\/\" >\n\t\t\t\tSchulen wieder ge\u00f6ffnet \u2013 Verzicht auf Sommerferien\t\t\t<\/a>\n\t\t<\/h3>\n\t\t\t\t<div class=\"elementor-post__meta-data\">\n\t\t\t\t\t<span class=\"elementor-post-date\">\n\t\t\t23. April 2021\t\t<\/span>\n\t\t\t\t<\/div>\n\t\t\t\t<div class=\"elementor-post__excerpt\">\n\t\t\t<p>Schulen wieder ge\u00f6ffnet \u2013 Verzicht auf Sommerferien Erst seit Ende Februar sind die Schulen im Kongo wieder ge\u00f6ffnet. Eigentlich h\u00e4tte der Unterricht im Schuljahr 20\/21 Mitte September beginnen sollen. Streiks und vor allem die Angst vor dem Virus waren die Gr\u00fcnde, warum die Schulen geschlossen blieben. Die Sch\u00fclerInnen konnten also<\/p>\n\t\t<\/div>\n\t\t\n\t\t<a class=\"elementor-post__read-more\" href=\"https:\/\/maendeleo.ch\/wordpress\/schulen-wieder-geoeffnet-verzicht-auf-sommerferien\/\" aria-label=\"Mehr \u00fcber Schulen wieder ge\u00f6ffnet \u2013 Verzicht auf Sommerferien\" tabindex=\"-1\" >\n\t\t\tWeiterlesen \u00bb\t\t<\/a>\n\n\t\t\t\t<\/div>\n\t\t\t\t<\/article>\n\t\t\t\t<\/div>\n\t\t\n\t\t\t\t\t\t<\/div>\n\t\t\t\t<\/div>\n\t\t\t\t\t<\/div>\n\t\t\t\t<\/div>\n\t\t\t\t<\/div>\n\t\t","protected":false},"excerpt":{"rendered":"<p>2021<\/p>\n","protected":false},"author":1,"featured_media":0,"parent":115,"menu_order":0,"comment_status":"closed","ping_status":"closed","template":"page-templates\/template-pagebuilder-full-width.php","meta":{"footnotes":""},"class_list":["post-8602","page","type-page","status-publish","hentry"],"_links":{"self":[{"href":"https:\/\/maendeleo.ch\/wordpress\/wp-json\/wp\/v2\/pages\/8602","targetHints":{"allow":["GET"]}}],"collection":[{"href":"https:\/\/maendeleo.ch\/wordpress\/wp-json\/wp\/v2\/pages"}],"about":[{"href":"https:\/\/maendeleo.ch\/wordpress\/wp-json\/wp\/v2\/types\/page"}],"author":[{"embeddable":true,"href":"https:\/\/maendeleo.ch\/wordpress\/wp-json\/wp\/v2\/users\/1"}],"replies":[{"embeddable":true,"href":"https:\/\/maendeleo.ch\/wordpress\/wp-json\/wp\/v2\/comments?post=8602"}],"version-history":[{"count":19,"href":"https:\/\/maendeleo.ch\/wordpress\/wp-json\/wp\/v2\/pages\/8602\/revisions"}],"predecessor-version":[{"id":9081,"href":"https:\/\/maendeleo.ch\/wordpress\/wp-json\/wp\/v2\/pages\/8602\/revisions\/9081"}],"up":[{"embeddable":true,"href":"https:\/\/maendeleo.ch\/wordpress\/wp-json\/wp\/v2\/pages\/115"}],"wp:attachment":[{"href":"https:\/\/maendeleo.ch\/wordpress\/wp-json\/wp\/v2\/media?parent=8602"}],"curies":[{"name":"wp","href":"https:\/\/api.w.org\/{rel}","templated":true}]}}