{"id":8597,"date":"2023-08-04T11:20:11","date_gmt":"2023-08-04T09:20:11","guid":{"rendered":"https:\/\/maendeleo.ch\/wordpress\/?page_id=8597"},"modified":"2024-12-02T16:58:29","modified_gmt":"2024-12-02T14:58:29","slug":"2020-2","status":"publish","type":"page","link":"https:\/\/maendeleo.ch\/wordpress\/archiv\/2020-2\/","title":{"rendered":"2020"},"content":{"rendered":"\t\t<div data-elementor-type=\"wp-page\" data-elementor-id=\"8597\" class=\"elementor elementor-8597\" data-elementor-post-type=\"page\">\n\t\t\t\t<div class=\"elementor-element elementor-element-b4e747e e-flex e-con-boxed e-con e-parent\" data-id=\"b4e747e\" data-element_type=\"container\" data-e-type=\"container\">\n\t\t\t\t\t<div class=\"e-con-inner\">\n\t\t\t\t<div class=\"elementor-element elementor-element-7aee58a elementor-widget elementor-widget-heading\" data-id=\"7aee58a\" data-element_type=\"widget\" data-e-type=\"widget\" data-widget_type=\"heading.default\">\n\t\t\t\t<div class=\"elementor-widget-container\">\n\t\t\t\t\t<h2 class=\"elementor-heading-title elementor-size-default\">2020<\/h2>\t\t\t\t<\/div>\n\t\t\t\t<\/div>\n\t\t\t\t\t<\/div>\n\t\t\t\t<\/div>\n\t\t<div class=\"elementor-element elementor-element-6ece591 e-flex e-con-boxed e-con e-parent\" data-id=\"6ece591\" data-element_type=\"container\" data-e-type=\"container\">\n\t\t\t\t\t<div class=\"e-con-inner\">\n\t\t\t\t<div class=\"elementor-element elementor-element-81a2220 elementor-grid-3 elementor-grid-tablet-2 elementor-grid-mobile-1 elementor-posts--thumbnail-top elementor-widget elementor-widget-posts\" data-id=\"81a2220\" data-element_type=\"widget\" data-e-type=\"widget\" data-settings=\"{&quot;classic_columns&quot;:&quot;3&quot;,&quot;classic_columns_tablet&quot;:&quot;2&quot;,&quot;classic_columns_mobile&quot;:&quot;1&quot;,&quot;classic_row_gap&quot;:{&quot;unit&quot;:&quot;px&quot;,&quot;size&quot;:35,&quot;sizes&quot;:[]},&quot;classic_row_gap_tablet&quot;:{&quot;unit&quot;:&quot;px&quot;,&quot;size&quot;:&quot;&quot;,&quot;sizes&quot;:[]},&quot;classic_row_gap_mobile&quot;:{&quot;unit&quot;:&quot;px&quot;,&quot;size&quot;:&quot;&quot;,&quot;sizes&quot;:[]}}\" data-widget_type=\"posts.classic\">\n\t\t\t\t<div class=\"elementor-widget-container\">\n\t\t\t\t\t\t\t<div class=\"elementor-posts-container elementor-posts elementor-posts--skin-classic elementor-grid\" role=\"list\">\n\t\t\t\t<article class=\"elementor-post elementor-grid-item post-7026 post type-post status-publish format-standard has-post-thumbnail hentry category-archiv-2020 category-berufsausbildung category-schneiderinnen-ausbildung\" role=\"listitem\">\n\t\t\t\t<a class=\"elementor-post__thumbnail__link\" href=\"https:\/\/maendeleo.ch\/wordpress\/milondola-bietet-neu-berufsausbildung\/\" tabindex=\"-1\" >\n\t\t\t<div class=\"elementor-post__thumbnail\"><img fetchpriority=\"high\" decoding=\"async\" width=\"300\" height=\"176\" src=\"https:\/\/maendeleo.ch\/wordpress\/wp-content\/uploads\/2020\/08\/ausbildung_2-300x176.jpg\" class=\"attachment-medium size-medium wp-image-6986\" alt=\"\" srcset=\"https:\/\/maendeleo.ch\/wordpress\/wp-content\/uploads\/2020\/08\/ausbildung_2-300x176.jpg 300w, https:\/\/maendeleo.ch\/wordpress\/wp-content\/uploads\/2020\/08\/ausbildung_2-1024x599.jpg 1024w, https:\/\/maendeleo.ch\/wordpress\/wp-content\/uploads\/2020\/08\/ausbildung_2-768x449.jpg 768w, https:\/\/maendeleo.ch\/wordpress\/wp-content\/uploads\/2020\/08\/ausbildung_2.jpg 1384w\" sizes=\"(max-width: 300px) 100vw, 300px\" \/><\/div>\n\t\t<\/a>\n\t\t\t\t<div class=\"elementor-post__text\">\n\t\t\t\t<h3 class=\"elementor-post__title\">\n\t\t\t<a href=\"https:\/\/maendeleo.ch\/wordpress\/milondola-bietet-neu-berufsausbildung\/\" >\n\t\t\t\tMilondola bietet neu Berufsausbildung\t\t\t<\/a>\n\t\t<\/h3>\n\t\t\t\t<div class=\"elementor-post__meta-data\">\n\t\t\t\t\t<span class=\"elementor-post-date\">\n\t\t\t1. September 2020\t\t<\/span>\n\t\t\t\t<\/div>\n\t\t\t\t<div class=\"elementor-post__excerpt\">\n\t\t\t<p>Milondola bietet neu Berufsausbildung Im Juni haben15 ehemalige Sch\u00fclerinnen in Ikoma mit einer Schneiderinnenlehre angefangen. Aganza Bagalwa, eine talentierte Schneiderin aus der Gegend, zeigt den Frauen, wie man Stoff misst, zuschneidet und daraus Schuluniformen und Kleider n\u00e4ht. Damit beginnt ein neues Kapitel f\u00fcr unsere Partner-Organisation Milondola. Seit Jahren best\u00fcrmen uns<\/p>\n\t\t<\/div>\n\t\t\n\t\t<a class=\"elementor-post__read-more\" href=\"https:\/\/maendeleo.ch\/wordpress\/milondola-bietet-neu-berufsausbildung\/\" aria-label=\"Mehr \u00fcber Milondola bietet neu Berufsausbildung\" tabindex=\"-1\" >\n\t\t\tWeiterlesen \u00bb\t\t<\/a>\n\n\t\t\t\t<\/div>\n\t\t\t\t<\/article>\n\t\t\t\t<article class=\"elementor-post elementor-grid-item post-6746 post type-post status-publish format-standard has-post-thumbnail hentry category-archiv-2020\" role=\"listitem\">\n\t\t\t\t<a class=\"elementor-post__thumbnail__link\" href=\"https:\/\/maendeleo.ch\/wordpress\/augustin-erholt-sich-vom-unfall\/\" tabindex=\"-1\" >\n\t\t\t<div class=\"elementor-post__thumbnail\"><img decoding=\"async\" width=\"300\" height=\"225\" src=\"https:\/\/maendeleo.ch\/wordpress\/wp-content\/uploads\/2020\/05\/Augustin-unterrichtet--300x225.jpg\" class=\"attachment-medium size-medium wp-image-6749\" alt=\"\" srcset=\"https:\/\/maendeleo.ch\/wordpress\/wp-content\/uploads\/2020\/05\/Augustin-unterrichtet--300x225.jpg 300w, https:\/\/maendeleo.ch\/wordpress\/wp-content\/uploads\/2020\/05\/Augustin-unterrichtet--1024x768.jpg 1024w, https:\/\/maendeleo.ch\/wordpress\/wp-content\/uploads\/2020\/05\/Augustin-unterrichtet--768x576.jpg 768w, https:\/\/maendeleo.ch\/wordpress\/wp-content\/uploads\/2020\/05\/Augustin-unterrichtet--1536x1152.jpg 1536w, https:\/\/maendeleo.ch\/wordpress\/wp-content\/uploads\/2020\/05\/Augustin-unterrichtet-.jpg 1920w\" sizes=\"(max-width: 300px) 100vw, 300px\" \/><\/div>\n\t\t<\/a>\n\t\t\t\t<div class=\"elementor-post__text\">\n\t\t\t\t<h3 class=\"elementor-post__title\">\n\t\t\t<a href=\"https:\/\/maendeleo.ch\/wordpress\/augustin-erholt-sich-vom-unfall\/\" >\n\t\t\t\tAugustin erholt sich vom Unfall\t\t\t<\/a>\n\t\t<\/h3>\n\t\t\t\t<div class=\"elementor-post__meta-data\">\n\t\t\t\t\t<span class=\"elementor-post-date\">\n\t\t\t13. Mai 2020\t\t<\/span>\n\t\t\t\t<\/div>\n\t\t\t\t<div class=\"elementor-post__excerpt\">\n\t\t\t<p>Augustin erholt sich vom UnfallAugustin Basimane kennen wir seit \u00fcber 10 Jahren. Er war damals Pr\u00e4sident des Radioclubs in Walungu. Er nahm Sendungen auf f\u00fcr Radio Maendeleo und wurde dann einer der Regionalkorrespondenten. Er ist ein Beispiel eines Kongolesen, der nicht wartet, bis der liebe Gott ihm hilft, sondern das<\/p>\n\t\t<\/div>\n\t\t\n\t\t<a class=\"elementor-post__read-more\" href=\"https:\/\/maendeleo.ch\/wordpress\/augustin-erholt-sich-vom-unfall\/\" aria-label=\"Mehr \u00fcber Augustin erholt sich vom Unfall\" tabindex=\"-1\" >\n\t\t\tWeiterlesen \u00bb\t\t<\/a>\n\n\t\t\t\t<\/div>\n\t\t\t\t<\/article>\n\t\t\t\t<article class=\"elementor-post elementor-grid-item post-6730 post type-post status-publish format-standard has-post-thumbnail hentry category-archiv-2020\" role=\"listitem\">\n\t\t\t\t<a class=\"elementor-post__thumbnail__link\" href=\"https:\/\/maendeleo.ch\/wordpress\/mit-dem-velo-zur-schule\/\" tabindex=\"-1\" >\n\t\t\t<div class=\"elementor-post__thumbnail\"><img decoding=\"async\" width=\"300\" height=\"287\" src=\"https:\/\/maendeleo.ch\/wordpress\/wp-content\/uploads\/2020\/05\/velo-francois-300x287.jpg\" class=\"attachment-medium size-medium wp-image-6732\" alt=\"\" srcset=\"https:\/\/maendeleo.ch\/wordpress\/wp-content\/uploads\/2020\/05\/velo-francois-300x287.jpg 300w, https:\/\/maendeleo.ch\/wordpress\/wp-content\/uploads\/2020\/05\/velo-francois.jpg 562w\" sizes=\"(max-width: 300px) 100vw, 300px\" \/><\/div>\n\t\t<\/a>\n\t\t\t\t<div class=\"elementor-post__text\">\n\t\t\t\t<h3 class=\"elementor-post__title\">\n\t\t\t<a href=\"https:\/\/maendeleo.ch\/wordpress\/mit-dem-velo-zur-schule\/\" >\n\t\t\t\tMit dem Velo zur Schule\t\t\t<\/a>\n\t\t<\/h3>\n\t\t\t\t<div class=\"elementor-post__meta-data\">\n\t\t\t\t\t<span class=\"elementor-post-date\">\n\t\t\t13. Mai 2020\t\t<\/span>\n\t\t\t\t<\/div>\n\t\t\t\t<div class=\"elementor-post__excerpt\">\n\t\t\t<p>Eine halbe statt zwei Stunden zur Schule (Video) Unsre Lehrpersonen nehmen lange Wege auf sich um\u00a0zur Schule zu kommen. Zwei von ihnen marschieren jeden Tag hin und zur\u00fcck 2 x 2 Stunden. Im Dezember haben wir jetzt auch f\u00fcr Fran\u00e7ois ein Mountain-Bike aus der Schweiz gebracht . In Bukavu gibt<\/p>\n\t\t<\/div>\n\t\t\n\t\t<a class=\"elementor-post__read-more\" href=\"https:\/\/maendeleo.ch\/wordpress\/mit-dem-velo-zur-schule\/\" aria-label=\"Mehr \u00fcber Mit dem Velo zur Schule\" tabindex=\"-1\" >\n\t\t\tWeiterlesen \u00bb\t\t<\/a>\n\n\t\t\t\t<\/div>\n\t\t\t\t<\/article>\n\t\t\t\t<article class=\"elementor-post elementor-grid-item post-6463 post type-post status-publish format-standard has-post-thumbnail hentry category-archiv-2020\" role=\"listitem\">\n\t\t\t\t<a class=\"elementor-post__thumbnail__link\" href=\"https:\/\/maendeleo.ch\/wordpress\/rapport-von-fiston-mahesehe\/\" tabindex=\"-1\" >\n\t\t\t<div class=\"elementor-post__thumbnail\"><img loading=\"lazy\" decoding=\"async\" width=\"300\" height=\"225\" src=\"https:\/\/maendeleo.ch\/wordpress\/wp-content\/uploads\/2020\/04\/huette-1920-300x225.jpg\" class=\"attachment-medium size-medium wp-image-6460\" alt=\"\" srcset=\"https:\/\/maendeleo.ch\/wordpress\/wp-content\/uploads\/2020\/04\/huette-1920-300x225.jpg 300w, https:\/\/maendeleo.ch\/wordpress\/wp-content\/uploads\/2020\/04\/huette-1920-1024x768.jpg 1024w, https:\/\/maendeleo.ch\/wordpress\/wp-content\/uploads\/2020\/04\/huette-1920-768x576.jpg 768w, https:\/\/maendeleo.ch\/wordpress\/wp-content\/uploads\/2020\/04\/huette-1920-1536x1152.jpg 1536w, https:\/\/maendeleo.ch\/wordpress\/wp-content\/uploads\/2020\/04\/huette-1920.jpg 1920w\" sizes=\"(max-width: 300px) 100vw, 300px\" \/><\/div>\n\t\t<\/a>\n\t\t\t\t<div class=\"elementor-post__text\">\n\t\t\t\t<h3 class=\"elementor-post__title\">\n\t\t\t<a href=\"https:\/\/maendeleo.ch\/wordpress\/rapport-von-fiston-mahesehe\/\" >\n\t\t\t\tRapport von Fiston Maheshe\t\t\t<\/a>\n\t\t<\/h3>\n\t\t\t\t<div class=\"elementor-post__meta-data\">\n\t\t\t\t\t<span class=\"elementor-post-date\">\n\t\t\t23. April 2020\t\t<\/span>\n\t\t\t\t<\/div>\n\t\t\t\t<div class=\"elementor-post__excerpt\">\n\t\t\t<p>Erntezeit Unsere H\u00fctte Coronavirus im Kongo Geschlossene Schule Download Rapport_Fiston_20-04-20_F-D<\/p>\n\t\t<\/div>\n\t\t\n\t\t<a class=\"elementor-post__read-more\" href=\"https:\/\/maendeleo.ch\/wordpress\/rapport-von-fiston-mahesehe\/\" aria-label=\"Mehr \u00fcber Rapport von Fiston Maheshe\" tabindex=\"-1\" >\n\t\t\tWeiterlesen \u00bb\t\t<\/a>\n\n\t\t\t\t<\/div>\n\t\t\t\t<\/article>\n\t\t\t\t<article class=\"elementor-post elementor-grid-item post-6381 post type-post status-publish format-standard has-post-thumbnail hentry category-archiv-2020\" role=\"listitem\">\n\t\t\t\t<a class=\"elementor-post__thumbnail__link\" href=\"https:\/\/maendeleo.ch\/wordpress\/wir-stellen-vor-fondation-milondola\/\" tabindex=\"-1\" >\n\t\t\t<div class=\"elementor-post__thumbnail\"><img loading=\"lazy\" decoding=\"async\" width=\"300\" height=\"225\" src=\"https:\/\/maendeleo.ch\/wordpress\/wp-content\/uploads\/2018\/08\/team-300x225.jpg\" class=\"attachment-medium size-medium wp-image-62\" alt=\"\" srcset=\"https:\/\/maendeleo.ch\/wordpress\/wp-content\/uploads\/2018\/08\/team-300x225.jpg 300w, https:\/\/maendeleo.ch\/wordpress\/wp-content\/uploads\/2018\/08\/team-768x576.jpg 768w, https:\/\/maendeleo.ch\/wordpress\/wp-content\/uploads\/2018\/08\/team.jpg 800w\" sizes=\"(max-width: 300px) 100vw, 300px\" \/><\/div>\n\t\t<\/a>\n\t\t\t\t<div class=\"elementor-post__text\">\n\t\t\t\t<h3 class=\"elementor-post__title\">\n\t\t\t<a href=\"https:\/\/maendeleo.ch\/wordpress\/wir-stellen-vor-fondation-milondola\/\" >\n\t\t\t\tWir stellen vor: Fondation Milondola\t\t\t<\/a>\n\t\t<\/h3>\n\t\t\t\t<div class=\"elementor-post__meta-data\">\n\t\t\t\t\t<span class=\"elementor-post-date\">\n\t\t\t23. April 2020\t\t<\/span>\n\t\t\t\t<\/div>\n\t\t\t\t<div class=\"elementor-post__excerpt\">\n\t\t\t<p>Fondation Milondola \u2013 unsere Partner-Organisation in Bukavu Vor 10 Jahren haben wir die Fondation Milondola gegr\u00fcndet. Das Team in Bukavu betreut unsre Projekte vor Ort, immer in enger Zusammenarbeit mit dem Verein Maendeleo in der Schweiz. Die Teammitglieder arbeiten alle in einem Hauptberuf und verstehen die Arbeit f\u00fcr Milondola als<\/p>\n\t\t<\/div>\n\t\t\n\t\t<a class=\"elementor-post__read-more\" href=\"https:\/\/maendeleo.ch\/wordpress\/wir-stellen-vor-fondation-milondola\/\" aria-label=\"Mehr \u00fcber Wir stellen vor: Fondation Milondola\" tabindex=\"-1\" >\n\t\t\tWeiterlesen \u00bb\t\t<\/a>\n\n\t\t\t\t<\/div>\n\t\t\t\t<\/article>\n\t\t\t\t<article class=\"elementor-post elementor-grid-item post-6321 post type-post status-publish format-standard has-post-thumbnail hentry category-archiv-2020\" role=\"listitem\">\n\t\t\t\t<a class=\"elementor-post__thumbnail__link\" href=\"https:\/\/maendeleo.ch\/wordpress\/ecole-fermee\/\" tabindex=\"-1\" >\n\t\t\t<div class=\"elementor-post__thumbnail\"><img loading=\"lazy\" decoding=\"async\" width=\"300\" height=\"225\" src=\"https:\/\/maendeleo.ch\/wordpress\/wp-content\/uploads\/2020\/04\/leere-schule-1920-300x225.jpg\" class=\"attachment-medium size-medium wp-image-6461\" alt=\"\" srcset=\"https:\/\/maendeleo.ch\/wordpress\/wp-content\/uploads\/2020\/04\/leere-schule-1920-300x225.jpg 300w, https:\/\/maendeleo.ch\/wordpress\/wp-content\/uploads\/2020\/04\/leere-schule-1920-1024x768.jpg 1024w, https:\/\/maendeleo.ch\/wordpress\/wp-content\/uploads\/2020\/04\/leere-schule-1920-768x576.jpg 768w, https:\/\/maendeleo.ch\/wordpress\/wp-content\/uploads\/2020\/04\/leere-schule-1920-1536x1152.jpg 1536w, https:\/\/maendeleo.ch\/wordpress\/wp-content\/uploads\/2020\/04\/leere-schule-1920.jpg 1920w\" sizes=\"(max-width: 300px) 100vw, 300px\" \/><\/div>\n\t\t<\/a>\n\t\t\t\t<div class=\"elementor-post__text\">\n\t\t\t\t<h3 class=\"elementor-post__title\">\n\t\t\t<a href=\"https:\/\/maendeleo.ch\/wordpress\/ecole-fermee\/\" >\n\t\t\t\t2020 Ecole ferm\u00e9e\t\t\t<\/a>\n\t\t<\/h3>\n\t\t\t\t<div class=\"elementor-post__meta-data\">\n\t\t\t\t\t<span class=\"elementor-post-date\">\n\t\t\t23. April 2020\t\t<\/span>\n\t\t\t\t<\/div>\n\t\t\t\t<div class=\"elementor-post__excerpt\">\n\t\t\t<p>Unsere Schule in Ikoma ist geschlossen Der kongolesische Pr\u00e4sident Felix Tshisekedi hat Mitte M\u00e4rz angeordnet, dass die Schulen im Kongo bis auf weiteres geschlossen bleiben. Seit den Osterferien m\u00fcssen auch die rund 300 Sch\u00fclerinnen und Sch\u00fcler unsrer Schule Milondola zu Hause bleiben.&nbsp; L\u00f6hne werden bezahlt Trotz der Corona-Krise bezahlt der<\/p>\n\t\t<\/div>\n\t\t\n\t\t<a class=\"elementor-post__read-more\" href=\"https:\/\/maendeleo.ch\/wordpress\/ecole-fermee\/\" aria-label=\"Mehr \u00fcber 2020 Ecole ferm\u00e9e\" tabindex=\"-1\" >\n\t\t\tWeiterlesen \u00bb\t\t<\/a>\n\n\t\t\t\t<\/div>\n\t\t\t\t<\/article>\n\t\t\t\t<article class=\"elementor-post elementor-grid-item post-6297 post type-post status-publish format-standard has-post-thumbnail hentry category-archiv-2020 category-landwirtschaft\" role=\"listitem\">\n\t\t\t\t<a class=\"elementor-post__thumbnail__link\" href=\"https:\/\/maendeleo.ch\/wordpress\/neu-ausrichtung-des-agro-projektes\/\" tabindex=\"-1\" >\n\t\t\t<div class=\"elementor-post__thumbnail\"><img loading=\"lazy\" decoding=\"async\" width=\"300\" height=\"225\" src=\"https:\/\/maendeleo.ch\/wordpress\/wp-content\/uploads\/2020\/04\/stall-300x225.jpg\" class=\"attachment-medium size-medium wp-image-6300\" alt=\"\" srcset=\"https:\/\/maendeleo.ch\/wordpress\/wp-content\/uploads\/2020\/04\/stall-300x225.jpg 300w, https:\/\/maendeleo.ch\/wordpress\/wp-content\/uploads\/2020\/04\/stall.jpg 486w\" sizes=\"(max-width: 300px) 100vw, 300px\" \/><\/div>\n\t\t<\/a>\n\t\t\t\t<div class=\"elementor-post__text\">\n\t\t\t\t<h3 class=\"elementor-post__title\">\n\t\t\t<a href=\"https:\/\/maendeleo.ch\/wordpress\/neu-ausrichtung-des-agro-projektes\/\" >\n\t\t\t\t2020: Neu-Ausrichtung des Agro-Projektes\t\t\t<\/a>\n\t\t<\/h3>\n\t\t\t\t<div class=\"elementor-post__meta-data\">\n\t\t\t\t\t<span class=\"elementor-post-date\">\n\t\t\t22. April 2020\t\t<\/span>\n\t\t\t\t<\/div>\n\t\t\t\t<div class=\"elementor-post__excerpt\">\n\t\t\t<p>Der Grund, ein Agro-Projekt in Ikoma zu initiieren war, Eltern Gelegenheit zu geben, das Schulgeld f\u00fcr ihre Kinder zu erarbeiten. 5 Stunden Arbeit an einem Tag durch den grossen Bruder, den Vater, die Mutter bedeutete einen Monat Schule f\u00fcr ein Kind. Eine andere M\u00f6glichkeit war, Ziegen unsrer Organisation zu h\u00fcten:<\/p>\n\t\t<\/div>\n\t\t\n\t\t<a class=\"elementor-post__read-more\" href=\"https:\/\/maendeleo.ch\/wordpress\/neu-ausrichtung-des-agro-projektes\/\" aria-label=\"Mehr \u00fcber 2020: Neu-Ausrichtung des Agro-Projektes\" tabindex=\"-1\" >\n\t\t\tWeiterlesen \u00bb\t\t<\/a>\n\n\t\t\t\t<\/div>\n\t\t\t\t<\/article>\n\t\t\t\t<\/div>\n\t\t\n\t\t\t\t\t\t<\/div>\n\t\t\t\t<\/div>\n\t\t\t\t\t<\/div>\n\t\t\t\t<\/div>\n\t\t\t\t<\/div>\n\t\t","protected":false},"excerpt":{"rendered":"<p>2020<\/p>\n","protected":false},"author":1,"featured_media":0,"parent":115,"menu_order":0,"comment_status":"closed","ping_status":"closed","template":"page-templates\/template-pagebuilder-full-width.php","meta":{"footnotes":""},"class_list":["post-8597","page","type-page","status-publish","hentry"],"_links":{"self":[{"href":"https:\/\/maendeleo.ch\/wordpress\/wp-json\/wp\/v2\/pages\/8597","targetHints":{"allow":["GET"]}}],"collection":[{"href":"https:\/\/maendeleo.ch\/wordpress\/wp-json\/wp\/v2\/pages"}],"about":[{"href":"https:\/\/maendeleo.ch\/wordpress\/wp-json\/wp\/v2\/types\/page"}],"author":[{"embeddable":true,"href":"https:\/\/maendeleo.ch\/wordpress\/wp-json\/wp\/v2\/users\/1"}],"replies":[{"embeddable":true,"href":"https:\/\/maendeleo.ch\/wordpress\/wp-json\/wp\/v2\/comments?post=8597"}],"version-history":[{"count":13,"href":"https:\/\/maendeleo.ch\/wordpress\/wp-json\/wp\/v2\/pages\/8597\/revisions"}],"predecessor-version":[{"id":9075,"href":"https:\/\/maendeleo.ch\/wordpress\/wp-json\/wp\/v2\/pages\/8597\/revisions\/9075"}],"up":[{"embeddable":true,"href":"https:\/\/maendeleo.ch\/wordpress\/wp-json\/wp\/v2\/pages\/115"}],"wp:attachment":[{"href":"https:\/\/maendeleo.ch\/wordpress\/wp-json\/wp\/v2\/media?parent=8597"}],"curies":[{"name":"wp","href":"https:\/\/api.w.org\/{rel}","templated":true}]}}