{"id":8592,"date":"2023-08-04T11:18:48","date_gmt":"2023-08-04T09:18:48","guid":{"rendered":"https:\/\/maendeleo.ch\/wordpress\/?page_id=8592"},"modified":"2024-12-02T16:55:44","modified_gmt":"2024-12-02T14:55:44","slug":"2019-2","status":"publish","type":"page","link":"https:\/\/maendeleo.ch\/wordpress\/archiv\/2019-2\/","title":{"rendered":"2019"},"content":{"rendered":"\t\t<div data-elementor-type=\"wp-page\" data-elementor-id=\"8592\" class=\"elementor elementor-8592\" data-elementor-post-type=\"page\">\n\t\t\t\t<div class=\"elementor-element elementor-element-b6e4228 e-flex e-con-boxed e-con e-parent\" data-id=\"b6e4228\" data-element_type=\"container\" data-e-type=\"container\">\n\t\t\t\t\t<div class=\"e-con-inner\">\n\t\t\t\t<div class=\"elementor-element elementor-element-e18771d elementor-widget elementor-widget-heading\" data-id=\"e18771d\" data-element_type=\"widget\" data-e-type=\"widget\" data-widget_type=\"heading.default\">\n\t\t\t\t<div class=\"elementor-widget-container\">\n\t\t\t\t\t<h2 class=\"elementor-heading-title elementor-size-default\">2019<\/h2>\t\t\t\t<\/div>\n\t\t\t\t<\/div>\n\t\t\t\t\t<\/div>\n\t\t\t\t<\/div>\n\t\t<div class=\"elementor-element elementor-element-40b4de2 e-flex e-con-boxed e-con e-parent\" data-id=\"40b4de2\" data-element_type=\"container\" data-e-type=\"container\">\n\t\t\t\t\t<div class=\"e-con-inner\">\n\t\t\t\t<div class=\"elementor-element elementor-element-1386884 elementor-grid-3 elementor-grid-tablet-2 elementor-grid-mobile-1 elementor-posts--thumbnail-top elementor-widget elementor-widget-posts\" data-id=\"1386884\" data-element_type=\"widget\" data-e-type=\"widget\" data-settings=\"{&quot;classic_columns&quot;:&quot;3&quot;,&quot;classic_columns_tablet&quot;:&quot;2&quot;,&quot;classic_columns_mobile&quot;:&quot;1&quot;,&quot;classic_row_gap&quot;:{&quot;unit&quot;:&quot;px&quot;,&quot;size&quot;:35,&quot;sizes&quot;:[]},&quot;classic_row_gap_tablet&quot;:{&quot;unit&quot;:&quot;px&quot;,&quot;size&quot;:&quot;&quot;,&quot;sizes&quot;:[]},&quot;classic_row_gap_mobile&quot;:{&quot;unit&quot;:&quot;px&quot;,&quot;size&quot;:&quot;&quot;,&quot;sizes&quot;:[]}}\" data-widget_type=\"posts.classic\">\n\t\t\t\t<div class=\"elementor-widget-container\">\n\t\t\t\t\t\t\t<div class=\"elementor-posts-container elementor-posts elementor-posts--skin-classic elementor-grid\" role=\"list\">\n\t\t\t\t<article class=\"elementor-post elementor-grid-item post-6186 post type-post status-publish format-standard has-post-thumbnail hentry category-archiv-2019 category-projektbesuche\" role=\"listitem\">\n\t\t\t\t<a class=\"elementor-post__thumbnail__link\" href=\"https:\/\/maendeleo.ch\/wordpress\/blog-hansjoerg\/\" tabindex=\"-1\" >\n\t\t\t<div class=\"elementor-post__thumbnail\"><img decoding=\"async\" width=\"300\" height=\"84\" src=\"https:\/\/maendeleo.ch\/wordpress\/wp-content\/uploads\/2019\/12\/hansjoerginbukavu_1-300x84.jpg\" class=\"attachment-medium size-medium wp-image-6197\" alt=\"\" srcset=\"https:\/\/maendeleo.ch\/wordpress\/wp-content\/uploads\/2019\/12\/hansjoerginbukavu_1-300x84.jpg 300w, https:\/\/maendeleo.ch\/wordpress\/wp-content\/uploads\/2019\/12\/hansjoerginbukavu_1-1024x288.jpg 1024w, https:\/\/maendeleo.ch\/wordpress\/wp-content\/uploads\/2019\/12\/hansjoerginbukavu_1-768x216.jpg 768w, https:\/\/maendeleo.ch\/wordpress\/wp-content\/uploads\/2019\/12\/hansjoerginbukavu_1-1536x432.jpg 1536w, https:\/\/maendeleo.ch\/wordpress\/wp-content\/uploads\/2019\/12\/hansjoerginbukavu_1.jpg 1920w\" sizes=\"(max-width: 300px) 100vw, 300px\" \/><\/div>\n\t\t<\/a>\n\t\t\t\t<div class=\"elementor-post__text\">\n\t\t\t\t<h3 class=\"elementor-post__title\">\n\t\t\t<a href=\"https:\/\/maendeleo.ch\/wordpress\/blog-hansjoerg\/\" >\n\t\t\t\t2019 Tagebuch Hansj\u00f6rg Enz\t\t\t<\/a>\n\t\t<\/h3>\n\t\t\t\t<div class=\"elementor-post__meta-data\">\n\t\t\t\t\t<span class=\"elementor-post-date\">\n\t\t\t20. Dezember 2019\t\t<\/span>\n\t\t\t\t<\/div>\n\t\t\t\t<div class=\"elementor-post__excerpt\">\n\t\t\t<p>Tagebuch (mit Bildern) herunterladen Tag 1:&nbsp;Dienstag, 3. Dezember 2019 &#8211; Ankommen im Kongo Ankunft in Bukavu Via Kigali bin ich in Bukavu angekommen. Ein Fahrer hat mich an der Grenze abgeholt und zu den Fr\u00e8res Xav\u00e9rien gebracht. Dort&nbsp;habe ein Zimmer mit Strom, Internet und einer Dusche, die funktioniert, ziemlich sicher<\/p>\n\t\t<\/div>\n\t\t\n\t\t<a class=\"elementor-post__read-more\" href=\"https:\/\/maendeleo.ch\/wordpress\/blog-hansjoerg\/\" aria-label=\"Mehr \u00fcber 2019 Tagebuch Hansj\u00f6rg Enz\" tabindex=\"-1\" >\n\t\t\tWeiterlesen \u00bb\t\t<\/a>\n\n\t\t\t\t<\/div>\n\t\t\t\t<\/article>\n\t\t\t\t<article class=\"elementor-post elementor-grid-item post-360 post type-post status-publish format-standard has-post-thumbnail hentry category-archiv-2019\" role=\"listitem\">\n\t\t\t\t<a class=\"elementor-post__thumbnail__link\" href=\"https:\/\/maendeleo.ch\/wordpress\/10-jahr-jubilaeum-mit-zusatzbau\/\" tabindex=\"-1\" >\n\t\t\t<div class=\"elementor-post__thumbnail\"><img fetchpriority=\"high\" decoding=\"async\" width=\"300\" height=\"225\" src=\"https:\/\/maendeleo.ch\/wordpress\/wp-content\/uploads\/2018\/09\/schule-5-300x225.jpg\" class=\"attachment-medium size-medium wp-image-399\" alt=\"\" srcset=\"https:\/\/maendeleo.ch\/wordpress\/wp-content\/uploads\/2018\/09\/schule-5-300x225.jpg 300w, https:\/\/maendeleo.ch\/wordpress\/wp-content\/uploads\/2018\/09\/schule-5-768x576.jpg 768w, https:\/\/maendeleo.ch\/wordpress\/wp-content\/uploads\/2018\/09\/schule-5-1024x768.jpg 1024w, https:\/\/maendeleo.ch\/wordpress\/wp-content\/uploads\/2018\/09\/schule-5.jpg 1440w\" sizes=\"(max-width: 300px) 100vw, 300px\" \/><\/div>\n\t\t<\/a>\n\t\t\t\t<div class=\"elementor-post__text\">\n\t\t\t\t<h3 class=\"elementor-post__title\">\n\t\t\t<a href=\"https:\/\/maendeleo.ch\/wordpress\/10-jahr-jubilaeum-mit-zusatzbau\/\" >\n\t\t\t\t2019 10 Jahr Jubil\u00e4um mit Zusatzbau ?\t\t\t<\/a>\n\t\t<\/h3>\n\t\t\t\t<div class=\"elementor-post__meta-data\">\n\t\t\t\t\t<span class=\"elementor-post-date\">\n\t\t\t21. Dezember 2018\t\t<\/span>\n\t\t\t\t<\/div>\n\t\t\t\t<div class=\"elementor-post__excerpt\">\n\t\t\t<p>2019 wird die Primarschule Milondola 10 Jahre alt. Im Jubil\u00e4umsjahr m\u00f6chte der Verein Maendeleo ein neues Geb\u00e4ude erstellen. Dies wird n\u00f6tig, weil im Kongo die Primarschulzeit von 6 auf 8 Jahre verl\u00e4ngert wird. Im Jahre 2008 ging ich als Entwicklungshelfer in die DR Kongo. Nach wenigen Monaten vor Ort liess<\/p>\n\t\t<\/div>\n\t\t\n\t\t<a class=\"elementor-post__read-more\" href=\"https:\/\/maendeleo.ch\/wordpress\/10-jahr-jubilaeum-mit-zusatzbau\/\" aria-label=\"Mehr \u00fcber 2019 10 Jahr Jubil\u00e4um mit Zusatzbau ?\" tabindex=\"-1\" >\n\t\t\tWeiterlesen \u00bb\t\t<\/a>\n\n\t\t\t\t<\/div>\n\t\t\t\t<\/article>\n\t\t\t\t<\/div>\n\t\t\n\t\t\t\t\t\t<\/div>\n\t\t\t\t<\/div>\n\t\t\t\t\t<\/div>\n\t\t\t\t<\/div>\n\t\t\t\t<\/div>\n\t\t","protected":false},"excerpt":{"rendered":"<p>2019<\/p>\n","protected":false},"author":1,"featured_media":0,"parent":115,"menu_order":0,"comment_status":"closed","ping_status":"closed","template":"page-templates\/template-pagebuilder-full-width.php","meta":{"footnotes":""},"class_list":["post-8592","page","type-page","status-publish","hentry"],"_links":{"self":[{"href":"https:\/\/maendeleo.ch\/wordpress\/wp-json\/wp\/v2\/pages\/8592","targetHints":{"allow":["GET"]}}],"collection":[{"href":"https:\/\/maendeleo.ch\/wordpress\/wp-json\/wp\/v2\/pages"}],"about":[{"href":"https:\/\/maendeleo.ch\/wordpress\/wp-json\/wp\/v2\/types\/page"}],"author":[{"embeddable":true,"href":"https:\/\/maendeleo.ch\/wordpress\/wp-json\/wp\/v2\/users\/1"}],"replies":[{"embeddable":true,"href":"https:\/\/maendeleo.ch\/wordpress\/wp-json\/wp\/v2\/comments?post=8592"}],"version-history":[{"count":13,"href":"https:\/\/maendeleo.ch\/wordpress\/wp-json\/wp\/v2\/pages\/8592\/revisions"}],"predecessor-version":[{"id":9072,"href":"https:\/\/maendeleo.ch\/wordpress\/wp-json\/wp\/v2\/pages\/8592\/revisions\/9072"}],"up":[{"embeddable":true,"href":"https:\/\/maendeleo.ch\/wordpress\/wp-json\/wp\/v2\/pages\/115"}],"wp:attachment":[{"href":"https:\/\/maendeleo.ch\/wordpress\/wp-json\/wp\/v2\/media?parent=8592"}],"curies":[{"name":"wp","href":"https:\/\/api.w.org\/{rel}","templated":true}]}}