{"id":8581,"date":"2023-08-04T11:00:41","date_gmt":"2023-08-04T09:00:41","guid":{"rendered":"https:\/\/maendeleo.ch\/wordpress\/?page_id=8581"},"modified":"2024-12-02T16:52:32","modified_gmt":"2024-12-02T14:52:32","slug":"2018-2","status":"publish","type":"page","link":"https:\/\/maendeleo.ch\/wordpress\/archiv\/2018-2\/","title":{"rendered":"2018"},"content":{"rendered":"\t\t<div data-elementor-type=\"wp-page\" data-elementor-id=\"8581\" class=\"elementor elementor-8581\" data-elementor-post-type=\"page\">\n\t\t\t\t<div class=\"elementor-element elementor-element-c5527a8 e-flex e-con-boxed e-con e-parent\" data-id=\"c5527a8\" data-element_type=\"container\" data-e-type=\"container\">\n\t\t\t\t\t<div class=\"e-con-inner\">\n\t\t\t\t<div class=\"elementor-element elementor-element-bed4087 elementor-widget elementor-widget-heading\" data-id=\"bed4087\" data-element_type=\"widget\" data-e-type=\"widget\" data-widget_type=\"heading.default\">\n\t\t\t\t<div class=\"elementor-widget-container\">\n\t\t\t\t\t<h2 class=\"elementor-heading-title elementor-size-default\">2018<\/h2>\t\t\t\t<\/div>\n\t\t\t\t<\/div>\n\t\t\t\t\t<\/div>\n\t\t\t\t<\/div>\n\t\t<div class=\"elementor-element elementor-element-cf11cf6 e-flex e-con-boxed e-con e-parent\" data-id=\"cf11cf6\" data-element_type=\"container\" data-e-type=\"container\">\n\t\t\t\t\t<div class=\"e-con-inner\">\n\t\t\t\t<div class=\"elementor-element elementor-element-4af6e85 elementor-grid-3 elementor-grid-tablet-2 elementor-grid-mobile-1 elementor-posts--thumbnail-top elementor-widget elementor-widget-posts\" data-id=\"4af6e85\" data-element_type=\"widget\" data-e-type=\"widget\" data-settings=\"{&quot;classic_columns&quot;:&quot;3&quot;,&quot;classic_columns_tablet&quot;:&quot;2&quot;,&quot;classic_columns_mobile&quot;:&quot;1&quot;,&quot;classic_row_gap&quot;:{&quot;unit&quot;:&quot;px&quot;,&quot;size&quot;:35,&quot;sizes&quot;:[]},&quot;classic_row_gap_tablet&quot;:{&quot;unit&quot;:&quot;px&quot;,&quot;size&quot;:&quot;&quot;,&quot;sizes&quot;:[]},&quot;classic_row_gap_mobile&quot;:{&quot;unit&quot;:&quot;px&quot;,&quot;size&quot;:&quot;&quot;,&quot;sizes&quot;:[]}}\" data-widget_type=\"posts.classic\">\n\t\t\t\t<div class=\"elementor-widget-container\">\n\t\t\t\t\t\t\t<div class=\"elementor-posts-container elementor-posts elementor-posts--skin-classic elementor-grid\" role=\"list\">\n\t\t\t\t<article class=\"elementor-post elementor-grid-item post-705 post type-post status-publish format-standard has-post-thumbnail hentry category-archiv-2018\" role=\"listitem\">\n\t\t\t\t<a class=\"elementor-post__thumbnail__link\" href=\"https:\/\/maendeleo.ch\/wordpress\/schaffung-von-arbeitsplaetzen\/\" tabindex=\"-1\" >\n\t\t\t<div class=\"elementor-post__thumbnail\"><img fetchpriority=\"high\" decoding=\"async\" width=\"300\" height=\"225\" src=\"https:\/\/maendeleo.ch\/wordpress\/wp-content\/uploads\/2018\/10\/bau12_web-300x225.jpg\" class=\"attachment-medium size-medium wp-image-501\" alt=\"\" srcset=\"https:\/\/maendeleo.ch\/wordpress\/wp-content\/uploads\/2018\/10\/bau12_web-300x225.jpg 300w, https:\/\/maendeleo.ch\/wordpress\/wp-content\/uploads\/2018\/10\/bau12_web.jpg 400w\" sizes=\"(max-width: 300px) 100vw, 300px\" \/><\/div>\n\t\t<\/a>\n\t\t\t\t<div class=\"elementor-post__text\">\n\t\t\t\t<h3 class=\"elementor-post__title\">\n\t\t\t<a href=\"https:\/\/maendeleo.ch\/wordpress\/schaffung-von-arbeitsplaetzen\/\" >\n\t\t\t\tSchaffung von Arbeitspl\u00e4tzen\t\t\t<\/a>\n\t\t<\/h3>\n\t\t\t\t<div class=\"elementor-post__meta-data\">\n\t\t\t\t\t<span class=\"elementor-post-date\">\n\t\t\t26. Januar 2019\t\t<\/span>\n\t\t\t\t<\/div>\n\t\t\t\t<div class=\"elementor-post__excerpt\">\n\t\t\t<p>In den letzten Jahren haben wir mehreren Personen, die wir gut kannten, mit Krediten unterst\u00fctzt. Wir haben die Erfahrung gemacht, dass die R\u00fcckzahlung sehr viel Aufwand bedeutet. Obwohl wir keinen Zins verlangten und sogar 10-20% der Summe erliessen, wenn die Gl\u00e4ubiger regelm\u00e4ssig zahlten, lief die R\u00fcckzahlung in mehreren F\u00e4llen sehr<\/p>\n\t\t<\/div>\n\t\t\n\t\t<a class=\"elementor-post__read-more\" href=\"https:\/\/maendeleo.ch\/wordpress\/schaffung-von-arbeitsplaetzen\/\" aria-label=\"Mehr \u00fcber Schaffung von Arbeitspl\u00e4tzen\" tabindex=\"-1\" >\n\t\t\tWeiterlesen \u00bb\t\t<\/a>\n\n\t\t\t\t<\/div>\n\t\t\t\t<\/article>\n\t\t\t\t<article class=\"elementor-post elementor-grid-item post-670 post type-post status-publish format-standard has-post-thumbnail hentry category-archiv-2018\" role=\"listitem\">\n\t\t\t\t<a class=\"elementor-post__thumbnail__link\" href=\"https:\/\/maendeleo.ch\/wordpress\/2018-sorgenkind-landwirtschaft\/\" tabindex=\"-1\" >\n\t\t\t<div class=\"elementor-post__thumbnail\"><img decoding=\"async\" width=\"300\" height=\"225\" src=\"https:\/\/maendeleo.ch\/wordpress\/wp-content\/uploads\/2018\/10\/16_haus_und_huette-300x225.jpg\" class=\"attachment-medium size-medium wp-image-546\" alt=\"\" srcset=\"https:\/\/maendeleo.ch\/wordpress\/wp-content\/uploads\/2018\/10\/16_haus_und_huette-300x225.jpg 300w, https:\/\/maendeleo.ch\/wordpress\/wp-content\/uploads\/2018\/10\/16_haus_und_huette-768x576.jpg 768w, https:\/\/maendeleo.ch\/wordpress\/wp-content\/uploads\/2018\/10\/16_haus_und_huette.jpg 800w\" sizes=\"(max-width: 300px) 100vw, 300px\" \/><\/div>\n\t\t<\/a>\n\t\t\t\t<div class=\"elementor-post__text\">\n\t\t\t\t<h3 class=\"elementor-post__title\">\n\t\t\t<a href=\"https:\/\/maendeleo.ch\/wordpress\/2018-sorgenkind-landwirtschaft\/\" >\n\t\t\t\t2018: Sorgenkind Landwirtschaft\t\t\t<\/a>\n\t\t<\/h3>\n\t\t\t\t<div class=\"elementor-post__meta-data\">\n\t\t\t\t\t<span class=\"elementor-post-date\">\n\t\t\t26. Januar 2019\t\t<\/span>\n\t\t\t\t<\/div>\n\t\t\t\t<div class=\"elementor-post__excerpt\">\n\t\t\t<p>\u00a0Seit 7 Jahren betreibt unsre Partner-Organisation bei der Schule einen Bauernhof. Dort leben Tiere, das Land ist bebaut. Aufwand und Ertrag stehen aber in keinem sinnvollen Verh\u00e4ltnis. Das Hauptprojekt unsrer Organisation ist die Primarschule Milondola. Angegliedert ist ein kleiner Bauernhof mit einer knappen Hektare Land. 2011, zu Beginn des Projektes<\/p>\n\t\t<\/div>\n\t\t\n\t\t<a class=\"elementor-post__read-more\" href=\"https:\/\/maendeleo.ch\/wordpress\/2018-sorgenkind-landwirtschaft\/\" aria-label=\"Mehr \u00fcber 2018: Sorgenkind Landwirtschaft\" tabindex=\"-1\" >\n\t\t\tWeiterlesen \u00bb\t\t<\/a>\n\n\t\t\t\t<\/div>\n\t\t\t\t<\/article>\n\t\t\t\t<article class=\"elementor-post elementor-grid-item post-682 post type-post status-publish format-standard has-post-thumbnail hentry category-archiv-2018\" role=\"listitem\">\n\t\t\t\t<a class=\"elementor-post__thumbnail__link\" href=\"https:\/\/maendeleo.ch\/wordpress\/die-dr-kongo-will-ihr-schulsystem-aendern\/\" tabindex=\"-1\" >\n\t\t\t<div class=\"elementor-post__thumbnail\"><img decoding=\"async\" width=\"300\" height=\"225\" src=\"https:\/\/maendeleo.ch\/wordpress\/wp-content\/uploads\/2018\/10\/17-schule-1-ps-300x225.jpg\" class=\"attachment-medium size-medium wp-image-612\" alt=\"\" srcset=\"https:\/\/maendeleo.ch\/wordpress\/wp-content\/uploads\/2018\/10\/17-schule-1-ps-300x225.jpg 300w, https:\/\/maendeleo.ch\/wordpress\/wp-content\/uploads\/2018\/10\/17-schule-1-ps-768x576.jpg 768w, https:\/\/maendeleo.ch\/wordpress\/wp-content\/uploads\/2018\/10\/17-schule-1-ps.jpg 800w\" sizes=\"(max-width: 300px) 100vw, 300px\" \/><\/div>\n\t\t<\/a>\n\t\t\t\t<div class=\"elementor-post__text\">\n\t\t\t\t<h3 class=\"elementor-post__title\">\n\t\t\t<a href=\"https:\/\/maendeleo.ch\/wordpress\/die-dr-kongo-will-ihr-schulsystem-aendern\/\" >\n\t\t\t\t2018 Die DR Kongo will ihr Schulsystem \u00e4ndern\t\t\t<\/a>\n\t\t<\/h3>\n\t\t\t\t<div class=\"elementor-post__meta-data\">\n\t\t\t\t\t<span class=\"elementor-post-date\">\n\t\t\t20. Dezember 2018\t\t<\/span>\n\t\t\t\t<\/div>\n\t\t\t\t<div class=\"elementor-post__excerpt\">\n\t\t\t<p>Statt 6 Jahre Primar- und 6 Jahre Sekundarschule soll die Schulbildung ab 2019 aus 8 Jahren Grundausbildung und 4 Jahren Sekundarschule bestehen. Ob die Primarschule oder die Sekundarschule diese Klassen anbieten, ist noch nicht klar Sinnvolle Entwicklung Der Vorschlag der kongolesischen Regierung, die Grundausbildung auf 8 Jahre zu erh\u00f6hen, ist<\/p>\n\t\t<\/div>\n\t\t\n\t\t<a class=\"elementor-post__read-more\" href=\"https:\/\/maendeleo.ch\/wordpress\/die-dr-kongo-will-ihr-schulsystem-aendern\/\" aria-label=\"Mehr \u00fcber 2018 Die DR Kongo will ihr Schulsystem \u00e4ndern\" tabindex=\"-1\" >\n\t\t\tWeiterlesen \u00bb\t\t<\/a>\n\n\t\t\t\t<\/div>\n\t\t\t\t<\/article>\n\t\t\t\t<article class=\"elementor-post elementor-grid-item post-723 post type-post status-publish format-standard has-post-thumbnail hentry category-archiv-2018 category-projektbesuche\" role=\"listitem\">\n\t\t\t\t<a class=\"elementor-post__thumbnail__link\" href=\"https:\/\/maendeleo.ch\/wordpress\/anitas-blog\/\" tabindex=\"-1\" >\n\t\t\t<div class=\"elementor-post__thumbnail\"><img loading=\"lazy\" decoding=\"async\" width=\"300\" height=\"224\" src=\"https:\/\/maendeleo.ch\/wordpress\/wp-content\/uploads\/2018\/11\/blog-anita-2-300x224.jpeg\" class=\"attachment-medium size-medium wp-image-633\" alt=\"\" srcset=\"https:\/\/maendeleo.ch\/wordpress\/wp-content\/uploads\/2018\/11\/blog-anita-2-300x224.jpeg 300w, https:\/\/maendeleo.ch\/wordpress\/wp-content\/uploads\/2018\/11\/blog-anita-2.jpeg 640w\" sizes=\"(max-width: 300px) 100vw, 300px\" \/><\/div>\n\t\t<\/a>\n\t\t\t\t<div class=\"elementor-post__text\">\n\t\t\t\t<h3 class=\"elementor-post__title\">\n\t\t\t<a href=\"https:\/\/maendeleo.ch\/wordpress\/anitas-blog\/\" >\n\t\t\t\t2018 Reisebericht Anita Enz\t\t\t<\/a>\n\t\t<\/h3>\n\t\t\t\t<div class=\"elementor-post__meta-data\">\n\t\t\t\t\t<span class=\"elementor-post-date\">\n\t\t\t1. Dezember 2018\t\t<\/span>\n\t\t\t\t<\/div>\n\t\t\t\t<div class=\"elementor-post__excerpt\">\n\t\t\t<p>November 2018 in Bukavu und Umgebung Seit bald 14 Tagen sind Hansj\u00f6rg und ich nun hier in der Region Grand\u2019Lacs. Wie immer erschl\u00e4gt mich der L\u00e4rm und der Staub in Bukavu erst einmal. Daran gew\u00f6hnt man sich. Nicht gew\u00f6hnen kann ich mich daran, dass die Armut immer gr\u00f6sser wird, und<\/p>\n\t\t<\/div>\n\t\t\n\t\t<a class=\"elementor-post__read-more\" href=\"https:\/\/maendeleo.ch\/wordpress\/anitas-blog\/\" aria-label=\"Mehr \u00fcber 2018 Reisebericht Anita Enz\" tabindex=\"-1\" >\n\t\t\tWeiterlesen \u00bb\t\t<\/a>\n\n\t\t\t\t<\/div>\n\t\t\t\t<\/article>\n\t\t\t\t<article class=\"elementor-post elementor-grid-item post-347 post type-post status-publish format-standard has-post-thumbnail hentry category-archiv-2018\" role=\"listitem\">\n\t\t\t\t<a class=\"elementor-post__thumbnail__link\" href=\"https:\/\/maendeleo.ch\/wordpress\/dr-kongo-verlaengert-primarschule-von-6-auf-8-schuljahre\/\" tabindex=\"-1\" >\n\t\t\t<div class=\"elementor-post__thumbnail\"><img loading=\"lazy\" decoding=\"async\" width=\"300\" height=\"169\" src=\"https:\/\/maendeleo.ch\/wordpress\/wp-content\/uploads\/2018\/08\/slider1-300x169.jpg\" class=\"attachment-medium size-medium wp-image-169\" alt=\"\" srcset=\"https:\/\/maendeleo.ch\/wordpress\/wp-content\/uploads\/2018\/08\/slider1-300x169.jpg 300w, https:\/\/maendeleo.ch\/wordpress\/wp-content\/uploads\/2018\/08\/slider1-768x432.jpg 768w, https:\/\/maendeleo.ch\/wordpress\/wp-content\/uploads\/2018\/08\/slider1-1024x576.jpg 1024w, https:\/\/maendeleo.ch\/wordpress\/wp-content\/uploads\/2018\/08\/slider1.jpg 1920w\" sizes=\"(max-width: 300px) 100vw, 300px\" \/><\/div>\n\t\t<\/a>\n\t\t\t\t<div class=\"elementor-post__text\">\n\t\t\t\t<h3 class=\"elementor-post__title\">\n\t\t\t<a href=\"https:\/\/maendeleo.ch\/wordpress\/dr-kongo-verlaengert-primarschule-von-6-auf-8-schuljahre\/\" >\n\t\t\t\t2018 DR Kongo verl\u00e4ngert Primarschule von 6 auf 8 Schuljahre\t\t\t<\/a>\n\t\t<\/h3>\n\t\t\t\t<div class=\"elementor-post__meta-data\">\n\t\t\t\t\t<span class=\"elementor-post-date\">\n\t\t\t19. September 2018\t\t<\/span>\n\t\t\t\t<\/div>\n\t\t\t\t<div class=\"elementor-post__excerpt\">\n\t\t\t<p>&nbsp;&nbsp; Die DR Kongo will ihr Schulsystem \u00e4ndern. Statt 6 Jahre Primar- und 6 Jahre Sekundarschule soll die Schulbildung ab 2019 aus 8 Jahren Grundausbildung und 4 Jahren Sekundarschule bestehen. Deshalb will der Verein Maendeleo ab n\u00e4chstem Herbst zwei zus\u00e4tzliche Schuljahre anbieten. Daf\u00fcr ist ein Neubau n\u00f6tig. Sinnvolle Entwicklung Der<\/p>\n\t\t<\/div>\n\t\t\n\t\t<a class=\"elementor-post__read-more\" href=\"https:\/\/maendeleo.ch\/wordpress\/dr-kongo-verlaengert-primarschule-von-6-auf-8-schuljahre\/\" aria-label=\"Mehr \u00fcber 2018 DR Kongo verl\u00e4ngert Primarschule von 6 auf 8 Schuljahre\" tabindex=\"-1\" >\n\t\t\tWeiterlesen \u00bb\t\t<\/a>\n\n\t\t\t\t<\/div>\n\t\t\t\t<\/article>\n\t\t\t\t<article class=\"elementor-post elementor-grid-item post-268 post type-post status-publish format-standard has-post-thumbnail hentry category-archiv-2018\" role=\"listitem\">\n\t\t\t\t<a class=\"elementor-post__thumbnail__link\" href=\"https:\/\/maendeleo.ch\/wordpress\/kongonews-2\/\" tabindex=\"-1\" >\n\t\t\t<div class=\"elementor-post__thumbnail\"><img loading=\"lazy\" decoding=\"async\" width=\"300\" height=\"226\" src=\"https:\/\/maendeleo.ch\/wordpress\/wp-content\/uploads\/2018\/08\/bau04_web-300x226.jpg\" class=\"attachment-medium size-medium wp-image-122\" alt=\"\" srcset=\"https:\/\/maendeleo.ch\/wordpress\/wp-content\/uploads\/2018\/08\/bau04_web-300x226.jpg 300w, https:\/\/maendeleo.ch\/wordpress\/wp-content\/uploads\/2018\/08\/bau04_web.jpg 400w\" sizes=\"(max-width: 300px) 100vw, 300px\" \/><\/div>\n\t\t<\/a>\n\t\t\t\t<div class=\"elementor-post__text\">\n\t\t\t\t<h3 class=\"elementor-post__title\">\n\t\t\t<a href=\"https:\/\/maendeleo.ch\/wordpress\/kongonews-2\/\" >\n\t\t\t\tArbeitspl\u00e4tze\t\t\t<\/a>\n\t\t<\/h3>\n\t\t\t\t<div class=\"elementor-post__meta-data\">\n\t\t\t\t\t<span class=\"elementor-post-date\">\n\t\t\t4. September 2018\t\t<\/span>\n\t\t\t\t<\/div>\n\t\t\t\t<div class=\"elementor-post__excerpt\">\n\t\t\t<p>Schaffung und Erhaltung von Arbeitspl\u00e4tzen Im Kongo erhalten h\u00f6chstens 10% der arbeitsf\u00e4higen Bev\u00f6lkerung jeden Monat einen Lohn. Die andern \u00fcberleben als Kleinstbauern, Tagel\u00f6hner oder verkaufen Altkleider und chinesische Billigstwaren auf der Strasse. Nach schweizerischen Standards gelten mindestens 50% der arbeitsf\u00e4higen Bev\u00f6lkerung als arbeitslos. Mit zinslosen Darlehen, Material, Stipendien versuchen wir<\/p>\n\t\t<\/div>\n\t\t\n\t\t<a class=\"elementor-post__read-more\" href=\"https:\/\/maendeleo.ch\/wordpress\/kongonews-2\/\" aria-label=\"Mehr \u00fcber Arbeitspl\u00e4tze\" tabindex=\"-1\" >\n\t\t\tWeiterlesen \u00bb\t\t<\/a>\n\n\t\t\t\t<\/div>\n\t\t\t\t<\/article>\n\t\t\t\t<article class=\"elementor-post elementor-grid-item post-243 post type-post status-publish format-standard has-post-thumbnail hentry category-archiv-2018\" role=\"listitem\">\n\t\t\t\t<a class=\"elementor-post__thumbnail__link\" href=\"https:\/\/maendeleo.ch\/wordpress\/quartierbrand-in-bukavu\/\" tabindex=\"-1\" >\n\t\t\t<div class=\"elementor-post__thumbnail\"><img loading=\"lazy\" decoding=\"async\" width=\"300\" height=\"225\" src=\"https:\/\/maendeleo.ch\/wordpress\/wp-content\/uploads\/2018\/09\/feu-bukavu-300x225.jpg\" class=\"attachment-medium size-medium wp-image-407\" alt=\"\" srcset=\"https:\/\/maendeleo.ch\/wordpress\/wp-content\/uploads\/2018\/09\/feu-bukavu-300x225.jpg 300w, https:\/\/maendeleo.ch\/wordpress\/wp-content\/uploads\/2018\/09\/feu-bukavu.jpg 431w\" sizes=\"(max-width: 300px) 100vw, 300px\" \/><\/div>\n\t\t<\/a>\n\t\t\t\t<div class=\"elementor-post__text\">\n\t\t\t\t<h3 class=\"elementor-post__title\">\n\t\t\t<a href=\"https:\/\/maendeleo.ch\/wordpress\/quartierbrand-in-bukavu\/\" >\n\t\t\t\tQuartierbrand in Bukavu\t\t\t<\/a>\n\t\t<\/h3>\n\t\t\t\t<div class=\"elementor-post__meta-data\">\n\t\t\t\t\t<span class=\"elementor-post-date\">\n\t\t\t27. August 2018\t\t<\/span>\n\t\t\t\t<\/div>\n\t\t\t\t<div class=\"elementor-post__excerpt\">\n\t\t\t<p>Bukavu, Freitag 17. August 2018 Eine Feuersbrunst zerst\u00f6rt an der Avenue Luciba 400 H\u00e4user. Im Video von Bertin Mugombe zeigt die verheerenden Sch\u00e4den und das Schicksal betroffener Bewohner auf.<\/p>\n\t\t<\/div>\n\t\t\n\t\t<a class=\"elementor-post__read-more\" href=\"https:\/\/maendeleo.ch\/wordpress\/quartierbrand-in-bukavu\/\" aria-label=\"Mehr \u00fcber Quartierbrand in Bukavu\" tabindex=\"-1\" >\n\t\t\tWeiterlesen \u00bb\t\t<\/a>\n\n\t\t\t\t<\/div>\n\t\t\t\t<\/article>\n\t\t\t\t<article class=\"elementor-post elementor-grid-item post-6690 post type-post status-publish format-standard has-post-thumbnail hentry category-archiv-2018 category-verein-maendeleo\" role=\"listitem\">\n\t\t\t\t<a class=\"elementor-post__thumbnail__link\" href=\"https:\/\/maendeleo.ch\/wordpress\/organisation-in-der-schweiz-verein-maendeleo\/\" tabindex=\"-1\" >\n\t\t\t<div class=\"elementor-post__thumbnail\"><img loading=\"lazy\" decoding=\"async\" width=\"300\" height=\"209\" src=\"https:\/\/maendeleo.ch\/wordpress\/wp-content\/uploads\/2020\/04\/unsere-schule-300x209.png\" class=\"attachment-medium size-medium wp-image-6652\" alt=\"\" srcset=\"https:\/\/maendeleo.ch\/wordpress\/wp-content\/uploads\/2020\/04\/unsere-schule-300x209.png 300w, https:\/\/maendeleo.ch\/wordpress\/wp-content\/uploads\/2020\/04\/unsere-schule-768x536.png 768w, https:\/\/maendeleo.ch\/wordpress\/wp-content\/uploads\/2020\/04\/unsere-schule.png 958w\" sizes=\"(max-width: 300px) 100vw, 300px\" \/><\/div>\n\t\t<\/a>\n\t\t\t\t<div class=\"elementor-post__text\">\n\t\t\t\t<h3 class=\"elementor-post__title\">\n\t\t\t<a href=\"https:\/\/maendeleo.ch\/wordpress\/organisation-in-der-schweiz-verein-maendeleo\/\" >\n\t\t\t\tOrganisation in der Schweiz: Verein Maendeleo\t\t\t<\/a>\n\t\t<\/h3>\n\t\t\t\t<div class=\"elementor-post__meta-data\">\n\t\t\t\t\t<span class=\"elementor-post-date\">\n\t\t\t30. April 2018\t\t<\/span>\n\t\t\t\t<\/div>\n\t\t\t\t<div class=\"elementor-post__excerpt\">\n\t\t\t<p>Der Verein Maendeleo wurde 2009 gegr\u00fcndet&nbsp;von Hansj\u00f6rg Enz, der zwei Jahre als Entwicklungshelfer im Bukavu, Demokratische Republik Kongo, arbeitete. Der Vorstand des Vereins leitet seither die Projekte von der Schweiz aus und ist f\u00fcr das Spendenwesen verantwortlich. Der Verein ist offiziell anerkannt, SpenderInnen erhalten auf Wunsch eine Bescheinigung und k\u00f6nnen<\/p>\n\t\t<\/div>\n\t\t\n\t\t<a class=\"elementor-post__read-more\" href=\"https:\/\/maendeleo.ch\/wordpress\/organisation-in-der-schweiz-verein-maendeleo\/\" aria-label=\"Mehr \u00fcber Organisation in der Schweiz: Verein Maendeleo\" tabindex=\"-1\" >\n\t\t\tWeiterlesen \u00bb\t\t<\/a>\n\n\t\t\t\t<\/div>\n\t\t\t\t<\/article>\n\t\t\t\t<\/div>\n\t\t\n\t\t\t\t\t\t<\/div>\n\t\t\t\t<\/div>\n\t\t\t\t\t<\/div>\n\t\t\t\t<\/div>\n\t\t\t\t<\/div>\n\t\t","protected":false},"excerpt":{"rendered":"<p>2018<\/p>\n","protected":false},"author":1,"featured_media":0,"parent":115,"menu_order":0,"comment_status":"closed","ping_status":"closed","template":"page-templates\/template-pagebuilder-full-width.php","meta":{"footnotes":""},"class_list":["post-8581","page","type-page","status-publish","hentry"],"_links":{"self":[{"href":"https:\/\/maendeleo.ch\/wordpress\/wp-json\/wp\/v2\/pages\/8581","targetHints":{"allow":["GET"]}}],"collection":[{"href":"https:\/\/maendeleo.ch\/wordpress\/wp-json\/wp\/v2\/pages"}],"about":[{"href":"https:\/\/maendeleo.ch\/wordpress\/wp-json\/wp\/v2\/types\/page"}],"author":[{"embeddable":true,"href":"https:\/\/maendeleo.ch\/wordpress\/wp-json\/wp\/v2\/users\/1"}],"replies":[{"embeddable":true,"href":"https:\/\/maendeleo.ch\/wordpress\/wp-json\/wp\/v2\/comments?post=8581"}],"version-history":[{"count":19,"href":"https:\/\/maendeleo.ch\/wordpress\/wp-json\/wp\/v2\/pages\/8581\/revisions"}],"predecessor-version":[{"id":9069,"href":"https:\/\/maendeleo.ch\/wordpress\/wp-json\/wp\/v2\/pages\/8581\/revisions\/9069"}],"up":[{"embeddable":true,"href":"https:\/\/maendeleo.ch\/wordpress\/wp-json\/wp\/v2\/pages\/115"}],"wp:attachment":[{"href":"https:\/\/maendeleo.ch\/wordpress\/wp-json\/wp\/v2\/media?parent=8581"}],"curies":[{"name":"wp","href":"https:\/\/api.w.org\/{rel}","templated":true}]}}