{"id":6610,"date":"2020-04-30T08:54:00","date_gmt":"2020-04-30T08:54:00","guid":{"rendered":"https:\/\/maendeleo.ch\/wordpress\/?page_id=6610"},"modified":"2025-03-14T18:22:49","modified_gmt":"2025-03-14T16:22:49","slug":"videos-2","status":"publish","type":"page","link":"https:\/\/maendeleo.ch\/wordpress\/videos-2\/","title":{"rendered":"Videos"},"content":{"rendered":"\t\t<div data-elementor-type=\"wp-page\" data-elementor-id=\"6610\" class=\"elementor elementor-6610\" data-elementor-post-type=\"page\">\n\t\t\t\t<div class=\"elementor-element elementor-element-6389b77 e-grid e-con-boxed e-con e-parent\" data-id=\"6389b77\" data-element_type=\"container\" data-e-type=\"container\">\n\t\t\t\t\t<div class=\"e-con-inner\">\n\t\t\t\t<div class=\"elementor-element elementor-element-b52babd elementor-widget elementor-widget-video\" data-id=\"b52babd\" data-element_type=\"widget\" data-e-type=\"widget\" data-settings=\"{&quot;youtube_url&quot;:&quot;https:\\\/\\\/youtu.be\\\/PvMrNZB1C3E&quot;,&quot;video_type&quot;:&quot;youtube&quot;,&quot;controls&quot;:&quot;yes&quot;}\" data-widget_type=\"video.default\">\n\t\t\t\t<div class=\"elementor-widget-container\">\n\t\t\t\t\t\t\t<div class=\"elementor-wrapper elementor-open-inline\">\n\t\t\t<div class=\"elementor-video\"><\/div>\t\t<\/div>\n\t\t\t\t\t\t<\/div>\n\t\t\t\t<\/div>\n\t\t\t\t\t<\/div>\n\t\t\t\t<\/div>\n\t\t<div class=\"elementor-element elementor-element-64a2698 e-flex e-con-boxed e-con e-parent\" data-id=\"64a2698\" data-element_type=\"container\" data-e-type=\"container\">\n\t\t\t\t\t<div class=\"e-con-inner\">\n\t\t<div class=\"elementor-element elementor-element-2efa7db e-con-full e-flex e-con e-child\" data-id=\"2efa7db\" data-element_type=\"container\" data-e-type=\"container\">\n\t\t\t\t<div class=\"elementor-element elementor-element-da138ab elementor-widget elementor-widget-video\" data-id=\"da138ab\" data-element_type=\"widget\" data-e-type=\"widget\" data-settings=\"{&quot;youtube_url&quot;:&quot;https:\\\/\\\/youtu.be\\\/NIj-utY3BHU&quot;,&quot;video_type&quot;:&quot;youtube&quot;,&quot;controls&quot;:&quot;yes&quot;}\" data-widget_type=\"video.default\">\n\t\t\t\t<div class=\"elementor-widget-container\">\n\t\t\t\t\t\t\t<div class=\"elementor-wrapper elementor-open-inline\">\n\t\t\t<div class=\"elementor-video\"><\/div>\t\t<\/div>\n\t\t\t\t\t\t<\/div>\n\t\t\t\t<\/div>\n\t\t\t\t<\/div>\n\t\t<div class=\"elementor-element elementor-element-8d8aa9b e-con-full e-flex e-con e-child\" data-id=\"8d8aa9b\" data-element_type=\"container\" data-e-type=\"container\">\n\t\t\t\t<div class=\"elementor-element elementor-element-4aff0fc elementor-widget elementor-widget-video\" data-id=\"4aff0fc\" data-element_type=\"widget\" data-e-type=\"widget\" data-settings=\"{&quot;youtube_url&quot;:&quot;https:\\\/\\\/youtu.be\\\/2Rmk0UzyOrg&quot;,&quot;video_type&quot;:&quot;youtube&quot;,&quot;controls&quot;:&quot;yes&quot;}\" data-widget_type=\"video.default\">\n\t\t\t\t<div class=\"elementor-widget-container\">\n\t\t\t\t\t\t\t<div class=\"elementor-wrapper elementor-open-inline\">\n\t\t\t<div class=\"elementor-video\"><\/div>\t\t<\/div>\n\t\t\t\t\t\t<\/div>\n\t\t\t\t<\/div>\n\t\t\t\t<\/div>\n\t\t<div class=\"elementor-element elementor-element-4182d91 e-con-full e-flex e-con e-child\" data-id=\"4182d91\" data-element_type=\"container\" data-e-type=\"container\">\n\t\t\t\t<div class=\"elementor-element elementor-element-cc36142 elementor-widget elementor-widget-video\" data-id=\"cc36142\" data-element_type=\"widget\" data-e-type=\"widget\" data-settings=\"{&quot;youtube_url&quot;:&quot;https:\\\/\\\/youtu.be\\\/0yuZSFt2zjg&quot;,&quot;video_type&quot;:&quot;youtube&quot;,&quot;controls&quot;:&quot;yes&quot;}\" data-widget_type=\"video.default\">\n\t\t\t\t<div class=\"elementor-widget-container\">\n\t\t\t\t\t\t\t<div class=\"elementor-wrapper elementor-open-inline\">\n\t\t\t<div class=\"elementor-video\"><\/div>\t\t<\/div>\n\t\t\t\t\t\t<\/div>\n\t\t\t\t<\/div>\n\t\t\t\t<\/div>\n\t\t<div class=\"elementor-element elementor-element-5cc827c e-con-full e-flex e-con e-child\" data-id=\"5cc827c\" data-element_type=\"container\" data-e-type=\"container\">\n\t\t\t\t<div class=\"elementor-element elementor-element-5aaed2b elementor-widget elementor-widget-video\" data-id=\"5aaed2b\" data-element_type=\"widget\" data-e-type=\"widget\" data-settings=\"{&quot;youtube_url&quot;:&quot;https:\\\/\\\/youtu.be\\\/eZgkcOpGW9E&quot;,&quot;video_type&quot;:&quot;youtube&quot;,&quot;controls&quot;:&quot;yes&quot;}\" data-widget_type=\"video.default\">\n\t\t\t\t<div class=\"elementor-widget-container\">\n\t\t\t\t\t\t\t<div class=\"elementor-wrapper elementor-open-inline\">\n\t\t\t<div class=\"elementor-video\"><\/div>\t\t<\/div>\n\t\t\t\t\t\t<\/div>\n\t\t\t\t<\/div>\n\t\t\t\t<\/div>\n\t\t\t\t\t<\/div>\n\t\t\t\t<\/div>\n\t\t<div class=\"elementor-element elementor-element-ff7e142 e-flex e-con-boxed e-con e-parent\" data-id=\"ff7e142\" data-element_type=\"container\" data-e-type=\"container\">\n\t\t\t\t\t<div class=\"e-con-inner\">\n\t\t<div class=\"elementor-element elementor-element-6733796 e-con-full e-flex e-con e-child\" data-id=\"6733796\" data-element_type=\"container\" data-e-type=\"container\">\n\t\t\t\t<div class=\"elementor-element elementor-element-bd564c9 elementor-widget elementor-widget-video\" data-id=\"bd564c9\" data-element_type=\"widget\" data-e-type=\"widget\" data-settings=\"{&quot;youtube_url&quot;:&quot;https:\\\/\\\/youtu.be\\\/ebbRFO8gQDA&quot;,&quot;video_type&quot;:&quot;youtube&quot;,&quot;controls&quot;:&quot;yes&quot;}\" data-widget_type=\"video.default\">\n\t\t\t\t<div class=\"elementor-widget-container\">\n\t\t\t\t\t\t\t<div class=\"elementor-wrapper elementor-open-inline\">\n\t\t\t<div class=\"elementor-video\"><\/div>\t\t<\/div>\n\t\t\t\t\t\t<\/div>\n\t\t\t\t<\/div>\n\t\t\t\t<\/div>\n\t\t<div class=\"elementor-element elementor-element-eb39a0b e-con-full e-flex e-con e-child\" data-id=\"eb39a0b\" data-element_type=\"container\" data-e-type=\"container\">\n\t\t\t\t<div class=\"elementor-element elementor-element-5b97b1a elementor-widget elementor-widget-video\" data-id=\"5b97b1a\" data-element_type=\"widget\" data-e-type=\"widget\" data-settings=\"{&quot;youtube_url&quot;:&quot;https:\\\/\\\/youtu.be\\\/TOeYbchfH54&quot;,&quot;video_type&quot;:&quot;youtube&quot;,&quot;controls&quot;:&quot;yes&quot;}\" data-widget_type=\"video.default\">\n\t\t\t\t<div class=\"elementor-widget-container\">\n\t\t\t\t\t\t\t<div class=\"elementor-wrapper elementor-open-inline\">\n\t\t\t<div class=\"elementor-video\"><\/div>\t\t<\/div>\n\t\t\t\t\t\t<\/div>\n\t\t\t\t<\/div>\n\t\t\t\t<\/div>\n\t\t\t\t\t<\/div>\n\t\t\t\t<\/div>\n\t\t\t\t<section class=\"elementor-section elementor-top-section elementor-element elementor-element-ab2dedb elementor-section-boxed elementor-section-height-default elementor-section-height-default\" data-id=\"ab2dedb\" data-element_type=\"section\" data-e-type=\"section\">\n\t\t\t\t\t\t<div class=\"elementor-container elementor-column-gap-default\">\n\t\t\t\t\t<div class=\"elementor-column elementor-col-100 elementor-top-column elementor-element elementor-element-36bcb20\" data-id=\"36bcb20\" data-element_type=\"column\" data-e-type=\"column\">\n\t\t\t<div class=\"elementor-widget-wrap elementor-element-populated\">\n\t\t\t\t\t\t<div class=\"elementor-element elementor-element-02e6cc0 elementor-grid-4 elementor-grid-tablet-2 elementor-grid-mobile-1 elementor-posts--thumbnail-top elementor-widget elementor-widget-posts\" data-id=\"02e6cc0\" data-element_type=\"widget\" data-e-type=\"widget\" data-settings=\"{&quot;pagination_type&quot;:&quot;numbers&quot;,&quot;classic_columns&quot;:&quot;4&quot;,&quot;classic_columns_tablet&quot;:&quot;2&quot;,&quot;classic_columns_mobile&quot;:&quot;1&quot;,&quot;classic_row_gap&quot;:{&quot;unit&quot;:&quot;px&quot;,&quot;size&quot;:35,&quot;sizes&quot;:[]},&quot;classic_row_gap_tablet&quot;:{&quot;unit&quot;:&quot;px&quot;,&quot;size&quot;:&quot;&quot;,&quot;sizes&quot;:[]},&quot;classic_row_gap_mobile&quot;:{&quot;unit&quot;:&quot;px&quot;,&quot;size&quot;:&quot;&quot;,&quot;sizes&quot;:[]}}\" data-widget_type=\"posts.classic\">\n\t\t\t\t<div class=\"elementor-widget-container\">\n\t\t\t\t\t\t\t<div class=\"elementor-posts-container elementor-posts elementor-posts--skin-classic elementor-grid\" role=\"list\">\n\t\t\t\t<article class=\"elementor-post elementor-grid-item post-6741 post type-post status-publish format-standard has-post-thumbnail hentry category-video\" role=\"listitem\">\n\t\t\t\t<a class=\"elementor-post__thumbnail__link\" href=\"https:\/\/maendeleo.ch\/wordpress\/mit-dem-velo-zur-schule-2\/\" tabindex=\"-1\" >\n\t\t\t<div class=\"elementor-post__thumbnail\"><img fetchpriority=\"high\" decoding=\"async\" width=\"562\" height=\"538\" src=\"https:\/\/maendeleo.ch\/wordpress\/wp-content\/uploads\/2020\/05\/velo-francois.jpg\" class=\"attachment-full size-full wp-image-6732\" alt=\"\" srcset=\"https:\/\/maendeleo.ch\/wordpress\/wp-content\/uploads\/2020\/05\/velo-francois.jpg 562w, https:\/\/maendeleo.ch\/wordpress\/wp-content\/uploads\/2020\/05\/velo-francois-300x287.jpg 300w\" sizes=\"(max-width: 562px) 100vw, 562px\" \/><\/div>\n\t\t<\/a>\n\t\t\t\t<div class=\"elementor-post__text\">\n\t\t\t\t<h3 class=\"elementor-post__title\">\n\t\t\t<a href=\"https:\/\/maendeleo.ch\/wordpress\/mit-dem-velo-zur-schule-2\/\" >\n\t\t\t\tMit dem Velo zur Schule\t\t\t<\/a>\n\t\t<\/h3>\n\t\t\t\t<div class=\"elementor-post__excerpt\">\n\t\t\t<p>(frz. 2020, 1:54) Unsre Lehrpersonen nehmen lange Wege auf sich um&nbsp;zur Schule zu kommen. Zwei von ihnen marschieren jeden Tag hin und zur\u00fcck 2 x 2 Stunden.Im Dezember haben wir jetzt auch f\u00fcr Fran\u00e7ois ein Mountain-Bike aus der Schweiz gebracht . In Bukavu gibt es zwar auch Velos zu kaufen,&nbsp;&nbsp;antike<\/p>\n\t\t<\/div>\n\t\t\n\t\t<a class=\"elementor-post__read-more\" href=\"https:\/\/maendeleo.ch\/wordpress\/mit-dem-velo-zur-schule-2\/\" aria-label=\"Mehr \u00fcber Mit dem Velo zur Schule\" tabindex=\"-1\" >\n\t\t\tWeiterlesen \u00bb\t\t<\/a>\n\n\t\t\t\t<\/div>\n\t\t\t\t<\/article>\n\t\t\t\t<article class=\"elementor-post elementor-grid-item post-6566 post type-post status-publish format-standard has-post-thumbnail hentry category-video\" role=\"listitem\">\n\t\t\t\t<a class=\"elementor-post__thumbnail__link\" href=\"https:\/\/maendeleo.ch\/wordpress\/genoux-croisees\/\" tabindex=\"-1\" >\n\t\t\t<div class=\"elementor-post__thumbnail\"><img decoding=\"async\" width=\"1282\" height=\"672\" src=\"https:\/\/maendeleo.ch\/wordpress\/wp-content\/uploads\/2020\/04\/genoux-croises-1.jpg\" class=\"attachment-full size-full wp-image-6575\" alt=\"\" srcset=\"https:\/\/maendeleo.ch\/wordpress\/wp-content\/uploads\/2020\/04\/genoux-croises-1.jpg 1282w, https:\/\/maendeleo.ch\/wordpress\/wp-content\/uploads\/2020\/04\/genoux-croises-1-300x157.jpg 300w, https:\/\/maendeleo.ch\/wordpress\/wp-content\/uploads\/2020\/04\/genoux-croises-1-1024x537.jpg 1024w, https:\/\/maendeleo.ch\/wordpress\/wp-content\/uploads\/2020\/04\/genoux-croises-1-768x403.jpg 768w\" sizes=\"(max-width: 1282px) 100vw, 1282px\" \/><\/div>\n\t\t<\/a>\n\t\t\t\t<div class=\"elementor-post__text\">\n\t\t\t\t<h3 class=\"elementor-post__title\">\n\t\t\t<a href=\"https:\/\/maendeleo.ch\/wordpress\/genoux-croisees\/\" >\n\t\t\t\tGekreuzte Knie\t\t\t<\/a>\n\t\t<\/h3>\n\t\t\t\t<div class=\"elementor-post__excerpt\">\n\t\t\t<p>(Musikvideo 2020, 4:58) Der Song \u201eGenoux crois\u00e9es\u201c ist die dritte Zusammenarbeit der Band Arc-en-Ciel mit Hansj\u00f6rg Enz. Er entstand spontan im Dezember 2019 in der Lodge COCO des Schweizers Carlos Schuler in Bukavu. Hansj\u00f6rg hatte bei vielen Trainings in Afrika als Auflockerung versucht, den JournalistInnen eine Tanzfigur aus dem Charleston<\/p>\n\t\t<\/div>\n\t\t\n\t\t<a class=\"elementor-post__read-more\" href=\"https:\/\/maendeleo.ch\/wordpress\/genoux-croisees\/\" aria-label=\"Mehr \u00fcber Gekreuzte Knie\" tabindex=\"-1\" >\n\t\t\tWeiterlesen \u00bb\t\t<\/a>\n\n\t\t\t\t<\/div>\n\t\t\t\t<\/article>\n\t\t\t\t<article class=\"elementor-post elementor-grid-item post-6603 post type-post status-publish format-standard has-post-thumbnail hentry category-video\" role=\"listitem\">\n\t\t\t\t<a class=\"elementor-post__thumbnail__link\" href=\"https:\/\/maendeleo.ch\/wordpress\/ecole-primaire-a-ikoma-dr-kongo\/\" tabindex=\"-1\" >\n\t\t\t<div class=\"elementor-post__thumbnail\"><img decoding=\"async\" width=\"1274\" height=\"673\" src=\"https:\/\/maendeleo.ch\/wordpress\/wp-content\/uploads\/2020\/04\/ecole-primaire.png\" class=\"attachment-full size-full wp-image-6657\" alt=\"\" srcset=\"https:\/\/maendeleo.ch\/wordpress\/wp-content\/uploads\/2020\/04\/ecole-primaire.png 1274w, https:\/\/maendeleo.ch\/wordpress\/wp-content\/uploads\/2020\/04\/ecole-primaire-300x158.png 300w, https:\/\/maendeleo.ch\/wordpress\/wp-content\/uploads\/2020\/04\/ecole-primaire-1024x541.png 1024w, https:\/\/maendeleo.ch\/wordpress\/wp-content\/uploads\/2020\/04\/ecole-primaire-768x406.png 768w\" sizes=\"(max-width: 1274px) 100vw, 1274px\" \/><\/div>\n\t\t<\/a>\n\t\t\t\t<div class=\"elementor-post__text\">\n\t\t\t\t<h3 class=\"elementor-post__title\">\n\t\t\t<a href=\"https:\/\/maendeleo.ch\/wordpress\/ecole-primaire-a-ikoma-dr-kongo\/\" >\n\t\t\t\t10 Jahre Primarschule Milondola in Ikoma\t\t\t<\/a>\n\t\t<\/h3>\n\t\t\t\t<div class=\"elementor-post__excerpt\">\n\t\t\t<p>&nbsp;(CHdt.\/frz. 2019, 3:06) Das Video erkl\u00e4rt die Entstehungsgeschichte des Schulhauses in Ikoma und des Vereins Maendeleo in der Schweiz. Es zeigt die Baugeschichte, die Schwierigkeiten, welche die Kinder und LehrerInnen meistern m\u00fcssen im kongolesischen Schulsystem. Es zeigt auch, warum zur Schule bis Ende 2019 ein Agroprojekt geh\u00f6rte, wo Eltern statt<\/p>\n\t\t<\/div>\n\t\t\n\t\t<a class=\"elementor-post__read-more\" href=\"https:\/\/maendeleo.ch\/wordpress\/ecole-primaire-a-ikoma-dr-kongo\/\" aria-label=\"Mehr \u00fcber 10 Jahre Primarschule Milondola in Ikoma\" tabindex=\"-1\" >\n\t\t\tWeiterlesen \u00bb\t\t<\/a>\n\n\t\t\t\t<\/div>\n\t\t\t\t<\/article>\n\t\t\t\t<article class=\"elementor-post elementor-grid-item post-6615 post type-post status-publish format-standard has-post-thumbnail hentry category-video\" role=\"listitem\">\n\t\t\t\t<a class=\"elementor-post__thumbnail__link\" href=\"https:\/\/maendeleo.ch\/wordpress\/fille-chez-elle\/\" tabindex=\"-1\" >\n\t\t\t<div class=\"elementor-post__thumbnail\"><img loading=\"lazy\" decoding=\"async\" width=\"1278\" height=\"671\" src=\"https:\/\/maendeleo.ch\/wordpress\/wp-content\/uploads\/2020\/04\/fille-chez-elle.png\" class=\"attachment-full size-full wp-image-6649\" alt=\"\" srcset=\"https:\/\/maendeleo.ch\/wordpress\/wp-content\/uploads\/2020\/04\/fille-chez-elle.png 1278w, https:\/\/maendeleo.ch\/wordpress\/wp-content\/uploads\/2020\/04\/fille-chez-elle-300x158.png 300w, https:\/\/maendeleo.ch\/wordpress\/wp-content\/uploads\/2020\/04\/fille-chez-elle-1024x538.png 1024w, https:\/\/maendeleo.ch\/wordpress\/wp-content\/uploads\/2020\/04\/fille-chez-elle-768x403.png 768w\" sizes=\"(max-width: 1278px) 100vw, 1278px\" \/><\/div>\n\t\t<\/a>\n\t\t\t\t<div class=\"elementor-post__text\">\n\t\t\t\t<h3 class=\"elementor-post__title\">\n\t\t\t<a href=\"https:\/\/maendeleo.ch\/wordpress\/fille-chez-elle\/\" >\n\t\t\t\tFille chez elle\t\t\t<\/a>\n\t\t<\/h3>\n\t\t\t\t<div class=\"elementor-post__excerpt\">\n\t\t\t<p>(frz. 2018, 1:56) In \u201eM\u00e4dchen daheim\u201c erz\u00e4hlt die siebenj\u00e4hrige Nabintu, eine Zweitkl\u00e4sslerin der Schule Milondola: \u201eIch m\u00f6chte die Schule absolvieren und dann eine gute Lehrerin werden (wie ihre Mutter). Ich helfe den Eltern bei den Arbeiten im Haus. Ich liebe es zu lernen; wenn ich meine Studien fertig habe, bin<\/p>\n\t\t<\/div>\n\t\t\n\t\t<a class=\"elementor-post__read-more\" href=\"https:\/\/maendeleo.ch\/wordpress\/fille-chez-elle\/\" aria-label=\"Mehr \u00fcber Fille chez elle\" tabindex=\"-1\" >\n\t\t\tWeiterlesen \u00bb\t\t<\/a>\n\n\t\t\t\t<\/div>\n\t\t\t\t<\/article>\n\t\t\t\t<article class=\"elementor-post elementor-grid-item post-6619 post type-post status-publish format-standard has-post-thumbnail hentry category-video\" role=\"listitem\">\n\t\t\t\t<a class=\"elementor-post__thumbnail__link\" href=\"https:\/\/maendeleo.ch\/wordpress\/elementor-6619\/\" tabindex=\"-1\" >\n\t\t\t<div class=\"elementor-post__thumbnail\"><img loading=\"lazy\" decoding=\"async\" width=\"1280\" height=\"671\" src=\"https:\/\/maendeleo.ch\/wordpress\/wp-content\/uploads\/2020\/04\/garcon-en-classe.png\" class=\"attachment-full size-full wp-image-6650\" alt=\"\" srcset=\"https:\/\/maendeleo.ch\/wordpress\/wp-content\/uploads\/2020\/04\/garcon-en-classe.png 1280w, https:\/\/maendeleo.ch\/wordpress\/wp-content\/uploads\/2020\/04\/garcon-en-classe-300x157.png 300w, https:\/\/maendeleo.ch\/wordpress\/wp-content\/uploads\/2020\/04\/garcon-en-classe-1024x537.png 1024w, https:\/\/maendeleo.ch\/wordpress\/wp-content\/uploads\/2020\/04\/garcon-en-classe-768x403.png 768w\" sizes=\"(max-width: 1280px) 100vw, 1280px\" \/><\/div>\n\t\t<\/a>\n\t\t\t\t<div class=\"elementor-post__text\">\n\t\t\t\t<h3 class=\"elementor-post__title\">\n\t\t\t<a href=\"https:\/\/maendeleo.ch\/wordpress\/elementor-6619\/\" >\n\t\t\t\tLe gar\u00e7on en classe\t\t\t<\/a>\n\t\t<\/h3>\n\t\t\t\t<div class=\"elementor-post__excerpt\">\n\t\t\t<p>(frz. 2018, 1:55) In der \u201eDer Bub in der Schulklasse\u201c erz\u00e4hlt der Sechstkl\u00e4ssler Mulume: \u201eIch m\u00f6chte studieren und eines Tages Arzt werden. Wenn ich nicht in der Schule bin, helfe ich den Eltern zu Hause. Meine Eltern m\u00f6chten mich gesund und intelligent aufwachsen sehen. Ich m\u00f6chte Arzt werden um anderen<\/p>\n\t\t<\/div>\n\t\t\n\t\t<a class=\"elementor-post__read-more\" href=\"https:\/\/maendeleo.ch\/wordpress\/elementor-6619\/\" aria-label=\"Mehr \u00fcber Le gar\u00e7on en classe\" tabindex=\"-1\" >\n\t\t\tWeiterlesen \u00bb\t\t<\/a>\n\n\t\t\t\t<\/div>\n\t\t\t\t<\/article>\n\t\t\t\t<article class=\"elementor-post elementor-grid-item post-6624 post type-post status-publish format-standard has-post-thumbnail hentry category-video\" role=\"listitem\">\n\t\t\t\t<a class=\"elementor-post__thumbnail__link\" href=\"https:\/\/maendeleo.ch\/wordpress\/moise\/\" tabindex=\"-1\" >\n\t\t\t<div class=\"elementor-post__thumbnail\"><img loading=\"lazy\" decoding=\"async\" width=\"1279\" height=\"665\" src=\"https:\/\/maendeleo.ch\/wordpress\/wp-content\/uploads\/2020\/04\/moise.png\" class=\"attachment-full size-full wp-image-6651\" alt=\"\" srcset=\"https:\/\/maendeleo.ch\/wordpress\/wp-content\/uploads\/2020\/04\/moise.png 1279w, https:\/\/maendeleo.ch\/wordpress\/wp-content\/uploads\/2020\/04\/moise-300x156.png 300w, https:\/\/maendeleo.ch\/wordpress\/wp-content\/uploads\/2020\/04\/moise-1024x532.png 1024w, https:\/\/maendeleo.ch\/wordpress\/wp-content\/uploads\/2020\/04\/moise-768x399.png 768w\" sizes=\"(max-width: 1279px) 100vw, 1279px\" \/><\/div>\n\t\t<\/a>\n\t\t\t\t<div class=\"elementor-post__text\">\n\t\t\t\t<h3 class=\"elementor-post__title\">\n\t\t\t<a href=\"https:\/\/maendeleo.ch\/wordpress\/moise\/\" >\n\t\t\t\tMoise\t\t\t<\/a>\n\t\t<\/h3>\n\t\t\t\t<div class=\"elementor-post__excerpt\">\n\t\t\t<p>(frz. 2018, 2:08) Der siebenj\u00e4hrige Moise erz\u00e4hlt: \u201eWenn ich aufwache, wasche ich mich, nehme dann meinen Rucksack und gehe zur Schule. Wenn es die Schule nicht g\u00e4be, m\u00fcsste ich Bauer werden oder Hirte. Ich liebe die Schule, weil sie mir hilft, Priester zu werden. Ich bin bereit zur Schule zu<\/p>\n\t\t<\/div>\n\t\t\n\t\t<a class=\"elementor-post__read-more\" href=\"https:\/\/maendeleo.ch\/wordpress\/moise\/\" aria-label=\"Mehr \u00fcber Moise\" tabindex=\"-1\" >\n\t\t\tWeiterlesen \u00bb\t\t<\/a>\n\n\t\t\t\t<\/div>\n\t\t\t\t<\/article>\n\t\t\t\t<article class=\"elementor-post elementor-grid-item post-6636 post type-post status-publish format-standard has-post-thumbnail hentry category-video\" role=\"listitem\">\n\t\t\t\t<a class=\"elementor-post__thumbnail__link\" href=\"https:\/\/maendeleo.ch\/wordpress\/visite-a-ikoma\/\" tabindex=\"-1\" >\n\t\t\t<div class=\"elementor-post__thumbnail\"><img loading=\"lazy\" decoding=\"async\" width=\"1276\" height=\"656\" src=\"https:\/\/maendeleo.ch\/wordpress\/wp-content\/uploads\/2020\/04\/visite-ikoma.png\" class=\"attachment-full size-full wp-image-6654\" alt=\"\" srcset=\"https:\/\/maendeleo.ch\/wordpress\/wp-content\/uploads\/2020\/04\/visite-ikoma.png 1276w, https:\/\/maendeleo.ch\/wordpress\/wp-content\/uploads\/2020\/04\/visite-ikoma-300x154.png 300w, https:\/\/maendeleo.ch\/wordpress\/wp-content\/uploads\/2020\/04\/visite-ikoma-1024x526.png 1024w, https:\/\/maendeleo.ch\/wordpress\/wp-content\/uploads\/2020\/04\/visite-ikoma-768x395.png 768w\" sizes=\"(max-width: 1276px) 100vw, 1276px\" \/><\/div>\n\t\t<\/a>\n\t\t\t\t<div class=\"elementor-post__text\">\n\t\t\t\t<h3 class=\"elementor-post__title\">\n\t\t\t<a href=\"https:\/\/maendeleo.ch\/wordpress\/visite-a-ikoma\/\" >\n\t\t\t\tFormation professionelle\t\t\t<\/a>\n\t\t<\/h3>\n\t\t\t\t<div class=\"elementor-post__excerpt\">\n\t\t\t<p>(frz.\/Kiswahili 2016, 3:20) Ein Berufsbildungs-Projekt in Walungu, rund 30 Kilometer von Ikoma, besuchte eine Delegation des Vereins Milondola aus der Schweiz 2016. Augustin Basimane hatte es realisiert mit Hilfe ausl\u00e4ndischer Geldgeber. Weil diese Geldgeber nach einigen Jahren die Zahlungen einstellten, finden in den daf\u00fcr gebauten R\u00e4umen keine neuen Ausbildungen mehr<\/p>\n\t\t<\/div>\n\t\t\n\t\t<a class=\"elementor-post__read-more\" href=\"https:\/\/maendeleo.ch\/wordpress\/visite-a-ikoma\/\" aria-label=\"Mehr \u00fcber Formation professionelle\" tabindex=\"-1\" >\n\t\t\tWeiterlesen \u00bb\t\t<\/a>\n\n\t\t\t\t<\/div>\n\t\t\t\t<\/article>\n\t\t\t\t<article class=\"elementor-post elementor-grid-item post-6643 post type-post status-publish format-standard has-post-thumbnail hentry category-video\" role=\"listitem\">\n\t\t\t\t<a class=\"elementor-post__thumbnail__link\" href=\"https:\/\/maendeleo.ch\/wordpress\/visite-du-projet\/\" tabindex=\"-1\" >\n\t\t\t<div class=\"elementor-post__thumbnail\"><img loading=\"lazy\" decoding=\"async\" width=\"1279\" height=\"675\" src=\"https:\/\/maendeleo.ch\/wordpress\/wp-content\/uploads\/2020\/04\/projet-ferme-ecole.png\" class=\"attachment-full size-full wp-image-6656\" alt=\"\" srcset=\"https:\/\/maendeleo.ch\/wordpress\/wp-content\/uploads\/2020\/04\/projet-ferme-ecole.png 1279w, https:\/\/maendeleo.ch\/wordpress\/wp-content\/uploads\/2020\/04\/projet-ferme-ecole-300x158.png 300w, https:\/\/maendeleo.ch\/wordpress\/wp-content\/uploads\/2020\/04\/projet-ferme-ecole-1024x540.png 1024w, https:\/\/maendeleo.ch\/wordpress\/wp-content\/uploads\/2020\/04\/projet-ferme-ecole-768x405.png 768w\" sizes=\"(max-width: 1279px) 100vw, 1279px\" \/><\/div>\n\t\t<\/a>\n\t\t\t\t<div class=\"elementor-post__text\">\n\t\t\t\t<h3 class=\"elementor-post__title\">\n\t\t\t<a href=\"https:\/\/maendeleo.ch\/wordpress\/visite-du-projet\/\" >\n\t\t\t\tZusammenspiel Schule und Agro-Projekt\t\t\t<\/a>\n\t\t<\/h3>\n\t\t\t\t<div class=\"elementor-post__excerpt\">\n\t\t\t<p>(frz. 2017, 10:59) Dieses Video vermittelt einen Eindruck der Gegend um Ikoma, wo Maendelo\/Milondola die Schule und das landwirtschaftliche Projekt realisiert haben. Es zeigt, wie die beiden Projekte voneinander profitieren und wie Fiston Maheshe, Koordinator von Milondola mit Augustin Basimane, dem Verantwortlichen f\u00fcr das Agro-Projekt zusammenarbeiten. Das Video wurde realisiert<\/p>\n\t\t<\/div>\n\t\t\n\t\t<a class=\"elementor-post__read-more\" href=\"https:\/\/maendeleo.ch\/wordpress\/visite-du-projet\/\" aria-label=\"Mehr \u00fcber Zusammenspiel Schule und Agro-Projekt\" tabindex=\"-1\" >\n\t\t\tWeiterlesen \u00bb\t\t<\/a>\n\n\t\t\t\t<\/div>\n\t\t\t\t<\/article>\n\t\t\t\t<\/div>\n\t\t\n\t\t\t\t<div class=\"e-load-more-anchor\" data-page=\"1\" data-max-page=\"2\" data-next-page=\"https:\/\/maendeleo.ch\/wordpress\/wp-json\/wp\/v2\/pages\/6610\/page\/2\/\"><\/div>\n\t\t\t\t<nav class=\"elementor-pagination\" aria-label=\"Seitennummerierung\">\n\t\t\t<span aria-current=\"page\" class=\"page-numbers current\"><span class=\"elementor-screen-only\">Seite<\/span>1<\/span>\n<a class=\"page-numbers\" href=\"https:\/\/maendeleo.ch\/wordpress\/wp-json\/wp\/v2\/pages\/6610\/page\/2\/\"><span class=\"elementor-screen-only\">Seite<\/span>2<\/a>\t\t<\/nav>\n\t\t\t\t\t\t<\/div>\n\t\t\t\t<\/div>\n\t\t\t\t\t<\/div>\n\t\t<\/div>\n\t\t\t\t\t<\/div>\n\t\t<\/section>\n\t\t\t\t<\/div>\n\t\t","protected":false},"excerpt":{"rendered":"<p>https:\/\/youtu.be\/PvMrNZB1C3Ehttps:\/\/youtu.be\/NIj-utY3BHUhttps:\/\/youtu.be\/2Rmk0UzyOrghttps:\/\/youtu.be\/0yuZSFt2zjghttps:\/\/youtu.be\/eZgkcOpGW9Ehttps:\/\/youtu.be\/ebbRFO8gQDAhttps:\/\/youtu.be\/TOeYbchfH54<\/p>\n","protected":false},"author":1,"featured_media":6386,"parent":0,"menu_order":0,"comment_status":"closed","ping_status":"closed","template":"page-templates\/template-pagebuilder-full-width.php","meta":{"footnotes":""},"class_list":["post-6610","page","type-page","status-publish","has-post-thumbnail","hentry"],"_links":{"self":[{"href":"https:\/\/maendeleo.ch\/wordpress\/wp-json\/wp\/v2\/pages\/6610","targetHints":{"allow":["GET"]}}],"collection":[{"href":"https:\/\/maendeleo.ch\/wordpress\/wp-json\/wp\/v2\/pages"}],"about":[{"href":"https:\/\/maendeleo.ch\/wordpress\/wp-json\/wp\/v2\/types\/page"}],"author":[{"embeddable":true,"href":"https:\/\/maendeleo.ch\/wordpress\/wp-json\/wp\/v2\/users\/1"}],"replies":[{"embeddable":true,"href":"https:\/\/maendeleo.ch\/wordpress\/wp-json\/wp\/v2\/comments?post=6610"}],"version-history":[{"count":51,"href":"https:\/\/maendeleo.ch\/wordpress\/wp-json\/wp\/v2\/pages\/6610\/revisions"}],"predecessor-version":[{"id":9494,"href":"https:\/\/maendeleo.ch\/wordpress\/wp-json\/wp\/v2\/pages\/6610\/revisions\/9494"}],"wp:featuredmedia":[{"embeddable":true,"href":"https:\/\/maendeleo.ch\/wordpress\/wp-json\/wp\/v2\/media\/6386"}],"wp:attachment":[{"href":"https:\/\/maendeleo.ch\/wordpress\/wp-json\/wp\/v2\/media?parent=6610"}],"curies":[{"name":"wp","href":"https:\/\/api.w.org\/{rel}","templated":true}]}}