{"id":453,"date":"2018-10-04T09:40:57","date_gmt":"2018-10-04T09:40:57","guid":{"rendered":"https:\/\/maendeleo.ch\/wordpress\/?page_id=453"},"modified":"2024-12-02T10:28:07","modified_gmt":"2024-12-02T08:28:07","slug":"2016-2","status":"publish","type":"page","link":"https:\/\/maendeleo.ch\/wordpress\/archiv\/2016-2\/","title":{"rendered":"2016"},"content":{"rendered":"\t\t<div data-elementor-type=\"wp-page\" data-elementor-id=\"453\" class=\"elementor elementor-453\" data-elementor-post-type=\"page\">\n\t\t\t\t\t\t<section class=\"elementor-section elementor-top-section elementor-element elementor-element-733db95f elementor-section-boxed elementor-section-height-default elementor-section-height-default\" data-id=\"733db95f\" data-element_type=\"section\" data-e-type=\"section\">\n\t\t\t\t\t\t<div class=\"elementor-container elementor-column-gap-default\">\n\t\t\t\t\t<div class=\"elementor-column elementor-col-100 elementor-top-column elementor-element elementor-element-7cc09a35\" data-id=\"7cc09a35\" data-element_type=\"column\" data-e-type=\"column\">\n\t\t\t<div class=\"elementor-widget-wrap elementor-element-populated\">\n\t\t\t\t\t\t<div class=\"elementor-element elementor-element-24d3629 elementor-widget elementor-widget-heading\" data-id=\"24d3629\" data-element_type=\"widget\" data-e-type=\"widget\" data-widget_type=\"heading.default\">\n\t\t\t\t<div class=\"elementor-widget-container\">\n\t\t\t\t\t<h2 class=\"elementor-heading-title elementor-size-default\">2016<\/h2>\t\t\t\t<\/div>\n\t\t\t\t<\/div>\n\t\t\t\t<div class=\"elementor-element elementor-element-73dca9b1 elementor-widget elementor-widget-text-editor\" data-id=\"73dca9b1\" data-element_type=\"widget\" data-e-type=\"widget\" data-widget_type=\"text-editor.default\">\n\t\t\t\t<div class=\"elementor-widget-container\">\n\t\t\t\t\t\t\t\t\t<p><strong>Zu Besuch in der Schule in Ikoma<br \/><img fetchpriority=\"high\" decoding=\"async\" src=\"https:\/\/maendeleo.ch\/wordpress\/wp-content\/uploads\/2018\/10\/16_schulbesuch_in_ikoma.jpg\" alt=\"\" width=\"800\" height=\"600\" class=\"alignnone size-full wp-image-548\" srcset=\"https:\/\/maendeleo.ch\/wordpress\/wp-content\/uploads\/2018\/10\/16_schulbesuch_in_ikoma.jpg 800w, https:\/\/maendeleo.ch\/wordpress\/wp-content\/uploads\/2018\/10\/16_schulbesuch_in_ikoma-300x225.jpg 300w, https:\/\/maendeleo.ch\/wordpress\/wp-content\/uploads\/2018\/10\/16_schulbesuch_in_ikoma-768x576.jpg 768w\" sizes=\"(max-width: 800px) 100vw, 800px\" \/><\/strong><br \/>Am Dienstag, 2. Februar 2016 machten sich Bruno Fink, Hansj\u00f6rg und Anita Enz mit den neuen Koordinator Fiston Maheshe\u00a0auf den Weg nach Ikoma. Nach einer abenteuerlichen Fahrt auf &#8222;typisch kongolesischen&#8220; Strassen&#8220; &#8211;\u00a0glitischig und matschig\u00a0vom t\u00e4glichen Regen &#8211;\u00a0kamen wir sp\u00e4ter als erwartet in der Schule an. Es blieb gerade noch eine halbe Stunde, um einen Blick in die mit Sch\u00fclern \u00fcberf\u00fcllten Schulzimmer zu werfen und den Unterricht zu verfolgen.<\/p><p>Ab 2012 begannen wir, in Ikoma Land zu kaufen f\u00fcr einen Schulgarten. Die\u00a0Lehrpersonen erhielten\u00a0die M\u00f6glichkeit, dort den obligatorischen w\u00f6chentlichen Halbtag Praxisunterricht durchzuf\u00fchren. 2013\u00a0bekamen wir Geld\u00a0von der Stadt Frauenfeld. Wir kauften mehr Land und bauten einen Stall. Langfristiges Ziel war es, mit Aufzucht von Tieren und Verkauf von Fr\u00fcchten und Gem\u00fcsen Geld zu verdienen, das der Schule zukommen sollte. Ein drittes Ziel war es, den Eltern eine Chance zu geben, mit Arbeit in der Landwirtschaft Schulgeld f\u00fcr die Kinder zu verdienen. 2014 stellten wir einen Koordinator ein, 2015 einen jungen Agronomen, um diese Ideen umzusetzen.<\/p><p><span style=\"font-size: 12pt;\"><strong>2016 Neustart und letzte Chance?<\/strong><\/span><\/p><p><span style=\"font-size: 12pt;\"><strong><img decoding=\"async\" src=\"https:\/\/maendeleo.ch\/wordpress\/wp-content\/uploads\/2018\/08\/slider4.jpg\" alt=\"\" width=\"1440\" height=\"1080\" class=\"alignnone size-full wp-image-172\" srcset=\"https:\/\/maendeleo.ch\/wordpress\/wp-content\/uploads\/2018\/08\/slider4.jpg 1440w, https:\/\/maendeleo.ch\/wordpress\/wp-content\/uploads\/2018\/08\/slider4-300x225.jpg 300w, https:\/\/maendeleo.ch\/wordpress\/wp-content\/uploads\/2018\/08\/slider4-768x576.jpg 768w, https:\/\/maendeleo.ch\/wordpress\/wp-content\/uploads\/2018\/08\/slider4-1024x768.jpg 1024w\" sizes=\"(max-width: 1440px) 100vw, 1440px\" \/><br \/><\/strong><\/span>Bereits im letzten Jahr zeigte sich, dass die Chemie\u00a0unter dem Personal nicht stimmte. Es gab Monate, w\u00e4hrend\u00a0denen der Koordinator weder mit dem Agronomen noch dem Lehrerteam sprach.\u00a0Es war deshalb allen klar, dass wir beim Besuch im Februar die Organisation vor Ort w\u00fcrden \u00e4ndern m\u00fcssen. Der Besuch auf den Feldern best\u00e4rkte uns in dieser Meinung: die Felder waren kaum bebaut, es war nicht klar, wie viele Ziegen wir besitzen, die Drainageleitungen, resp. Entw\u00e4sserungsgr\u00e4ben waren verstopft. Die Meerschweinchen hatte sich in einem Jahr kaum vermehrt. Uns wurde erkl\u00e4rt, gerade gestern sei ein Hund in den Stall eingedrungen und habe \u00fcber 20 Meerschweinchen verzehrt (muss ein Riesentier gewesen sein&#8230;). Zudem hatte die Landwirtschaft letztes Jahr viel Geld verschlungen und kaum Einkommen generiert.\u00a0Wir beschlossen, den bisherigen Koordinator von allen Aufgaben zu entlasten, der Agronom arbeitet auf Bew\u00e4hrung weiter.<\/p><p><strong>Neuer Koordinator Fiston Maheshe Bahati<\/strong><\/p><p><strong><img decoding=\"async\" src=\"https:\/\/maendeleo.ch\/wordpress\/wp-content\/uploads\/2018\/10\/fiston.jpg\" alt=\"\" width=\"800\" height=\"600\" class=\"alignnone size-full wp-image-555\" srcset=\"https:\/\/maendeleo.ch\/wordpress\/wp-content\/uploads\/2018\/10\/fiston.jpg 800w, https:\/\/maendeleo.ch\/wordpress\/wp-content\/uploads\/2018\/10\/fiston-300x225.jpg 300w, https:\/\/maendeleo.ch\/wordpress\/wp-content\/uploads\/2018\/10\/fiston-768x576.jpg 768w\" sizes=\"(max-width: 800px) 100vw, 800px\" \/><br \/><\/strong>Seit M\u00e4rz 2016 hat\u00a0Fiston Maheshe die Leitung den Bereiches Landwirtschaft im Nebenamt.\u00a0Im Hauptamt ist er Leiter von FOPAK, einer Dachorganisation von Agroproduzenten.\u00a0Sein Ziel ist, uns in einem Jahr &#8211; also im Fr\u00fchling 17 &#8211; zu zeigen, dass das Agroprojekt zu retten ist.<\/p><p>Fiston hatte im Dezember die Chance uns in der Schweiz zu besuchen. Er war von einer belgischen Landwirtschafts-Organisation eingeladen worden. Wir erm\u00f6glichten ihm, uns in der Schweiz zu besuchen. Er sah zum ersten Mal Schnee, arbeitete an einem &#8222;Fron&#8220;morgen in der Genossenschaft Eisenwerk tatkr\u00e4ftig mit. Am Nachmittag besuchte\u00a0er den Weihnachtsmarkt in H\u00fcttwilen, wo Frauen des\u00a0Vereins Maendeleo an einem Stand f\u00fcr unser Kongo-Projekt Selbstgemachtes verkauften.<\/p><p><strong>Ziegen, Meerschweinchen, Bohnen und Kohl<\/strong><\/p><p><strong><img loading=\"lazy\" decoding=\"async\" src=\"https:\/\/maendeleo.ch\/wordpress\/wp-content\/uploads\/2018\/10\/15-agro-3.jpg\" alt=\"\" width=\"720\" height=\"270\" class=\"alignnone wp-image-543 size-full\" srcset=\"https:\/\/maendeleo.ch\/wordpress\/wp-content\/uploads\/2018\/10\/15-agro-3.jpg 720w, https:\/\/maendeleo.ch\/wordpress\/wp-content\/uploads\/2018\/10\/15-agro-3-300x113.jpg 300w\" sizes=\"(max-width: 720px) 100vw, 720px\" \/><br \/><\/strong><br \/>Seit 2011 unterst\u00fctzt die Stadt Frauenfeld den Verein Maendeleo. So wurde es m\u00f6glich, ein Agroprojekt zu starten. Der lokale Partner, die Association Milondola, besitzt jetzt ein gute Hektare Land, eine Viertelhektare davon an einem Hang. Dort steht seit diesem Jahr ein Stall f\u00fcr Ziegen und Meerschweinchen. Die Ziegen sind nur nachts im Stall, am Tag treiben unsre Hirten die 30 Tiere auf das Land von zwei Grossgrundbesitzern. F\u00fcr eine Ziege pro Jahr \u00fcberlassen sie uns die Nutzung von zwei grossen Grundst\u00fccken.<br \/>In der fruchtbaren Ebene baut die Association seit letztem Herbst Gem\u00fcse an (Bohnen, Kohl, Mais), bald kann sie auch Ziegen und Meerschweinchen (zum Essen) verkaufen. Derzeit ist die Association Milondola daran, eine Verkaufs-Organisation aufzubauen.<\/p><p><img loading=\"lazy\" decoding=\"async\" src=\"https:\/\/maendeleo.ch\/wordpress\/wp-content\/uploads\/2018\/10\/kohl_ziegen_venant.jpg\" alt=\"\" width=\"800\" height=\"300\" class=\"alignnone size-full wp-image-559\" srcset=\"https:\/\/maendeleo.ch\/wordpress\/wp-content\/uploads\/2018\/10\/kohl_ziegen_venant.jpg 800w, https:\/\/maendeleo.ch\/wordpress\/wp-content\/uploads\/2018\/10\/kohl_ziegen_venant-300x113.jpg 300w, https:\/\/maendeleo.ch\/wordpress\/wp-content\/uploads\/2018\/10\/kohl_ziegen_venant-768x288.jpg 768w\" sizes=\"(max-width: 800px) 100vw, 800px\" \/><\/p>\t\t\t\t\t\t\t\t<\/div>\n\t\t\t\t<\/div>\n\t\t\t\t\t<\/div>\n\t\t<\/div>\n\t\t\t\t\t<\/div>\n\t\t<\/section>\n\t\t\t\t<\/div>\n\t\t","protected":false},"excerpt":{"rendered":"<p>2016 Zu Besuch in der Schule in IkomaAm Dienstag, 2. Februar 2016 machten sich Bruno Fink, Hansj\u00f6rg und Anita Enz mit den neuen Koordinator Fiston Maheshe\u00a0auf den Weg nach Ikoma. Nach einer abenteuerlichen Fahrt auf &#8222;typisch kongolesischen&#8220; Strassen&#8220; &#8211;\u00a0glitischig und matschig\u00a0vom t\u00e4glichen Regen &#8211;\u00a0kamen wir sp\u00e4ter als erwartet in der [&hellip;]<\/p>\n","protected":false},"author":1,"featured_media":14,"parent":115,"menu_order":0,"comment_status":"closed","ping_status":"closed","template":"","meta":{"footnotes":""},"class_list":["post-453","page","type-page","status-publish","has-post-thumbnail","hentry"],"_links":{"self":[{"href":"https:\/\/maendeleo.ch\/wordpress\/wp-json\/wp\/v2\/pages\/453","targetHints":{"allow":["GET"]}}],"collection":[{"href":"https:\/\/maendeleo.ch\/wordpress\/wp-json\/wp\/v2\/pages"}],"about":[{"href":"https:\/\/maendeleo.ch\/wordpress\/wp-json\/wp\/v2\/types\/page"}],"author":[{"embeddable":true,"href":"https:\/\/maendeleo.ch\/wordpress\/wp-json\/wp\/v2\/users\/1"}],"replies":[{"embeddable":true,"href":"https:\/\/maendeleo.ch\/wordpress\/wp-json\/wp\/v2\/comments?post=453"}],"version-history":[{"count":13,"href":"https:\/\/maendeleo.ch\/wordpress\/wp-json\/wp\/v2\/pages\/453\/revisions"}],"predecessor-version":[{"id":9051,"href":"https:\/\/maendeleo.ch\/wordpress\/wp-json\/wp\/v2\/pages\/453\/revisions\/9051"}],"up":[{"embeddable":true,"href":"https:\/\/maendeleo.ch\/wordpress\/wp-json\/wp\/v2\/pages\/115"}],"wp:featuredmedia":[{"embeddable":true,"href":"https:\/\/maendeleo.ch\/wordpress\/wp-json\/wp\/v2\/media\/14"}],"wp:attachment":[{"href":"https:\/\/maendeleo.ch\/wordpress\/wp-json\/wp\/v2\/media?parent=453"}],"curies":[{"name":"wp","href":"https:\/\/api.w.org\/{rel}","templated":true}]}}