{"id":438,"date":"2018-10-04T08:49:32","date_gmt":"2018-10-04T08:49:32","guid":{"rendered":"https:\/\/maendeleo.ch\/wordpress\/?page_id=438"},"modified":"2018-10-06T10:56:19","modified_gmt":"2018-10-06T10:56:19","slug":"2013-2","status":"publish","type":"page","link":"https:\/\/maendeleo.ch\/wordpress\/archiv\/2013-2\/","title":{"rendered":"2013"},"content":{"rendered":"<p><strong>Suppentag in H\u00fcttwilen M\u00e4rz 2013<\/strong><\/p>\n<p><strong><img fetchpriority=\"high\" decoding=\"async\" src=\"https:\/\/maendeleo.ch\/wordpress\/wp-content\/uploads\/2018\/09\/suppentag-2013-web.jpg\" alt=\"\" width=\"780\" height=\"520\" class=\"alignnone size-full wp-image-418\" srcset=\"https:\/\/maendeleo.ch\/wordpress\/wp-content\/uploads\/2018\/09\/suppentag-2013-web.jpg 780w, https:\/\/maendeleo.ch\/wordpress\/wp-content\/uploads\/2018\/09\/suppentag-2013-web-300x200.jpg 300w, https:\/\/maendeleo.ch\/wordpress\/wp-content\/uploads\/2018\/09\/suppentag-2013-web-768x512.jpg 768w, https:\/\/maendeleo.ch\/wordpress\/wp-content\/uploads\/2018\/09\/suppentag-2013-web-360x240.jpg 360w\" sizes=\"(max-width: 780px) 100vw, 780px\" \/><br \/>\n<\/strong>Am diesj\u00e4hrigen Suppentag in H\u00fcttwilen stellte Hansj\u00f6rg Enz unseren Verein und unsere Projekte vor. Die grosse Besucherschar lauschte sehr\u00a0interessiert\u00a0und\u00a0aufmerksam\u00a0seinen Ausf\u00fchrungen. Gerne h\u00e4tte man ihm noch l\u00e4nger zugeh\u00f6rt! Am Schluss wurde unserem Verein die tolle Spende von Fr. 3170.- \u00fcberwiesen. Wir danken allen Spendern, den freiwilligen Helfern und den Verantwortlichen des Suppentags ganz herzlich f\u00fcr die Unterst\u00fctzung unseres Vereins.<\/p>\n<p><strong>Schule Projektstand Oktober 2013<\/strong><\/p>\n<p><strong><img decoding=\"async\" src=\"https:\/\/maendeleo.ch\/wordpress\/wp-content\/uploads\/2018\/10\/association-milondola.jpg\" alt=\"\" width=\"800\" height=\"600\" class=\"alignnone size-full wp-image-553\" srcset=\"https:\/\/maendeleo.ch\/wordpress\/wp-content\/uploads\/2018\/10\/association-milondola.jpg 800w, https:\/\/maendeleo.ch\/wordpress\/wp-content\/uploads\/2018\/10\/association-milondola-300x225.jpg 300w, https:\/\/maendeleo.ch\/wordpress\/wp-content\/uploads\/2018\/10\/association-milondola-768x576.jpg 768w\" sizes=\"(max-width: 800px) 100vw, 800px\" \/><\/strong><br \/>\nIn der Woche vom 21. bis 26. Oktober 2013 weilte ich f\u00fcr ein Training mit JournalistInnen in Bukavu. Am Abend und am Samstag traf ich mich f\u00fcr l\u00e4ngere Sitzungen mit Venant, Sosth\u00e8ne und Fiston, den Verantwortlichen der Association Milondola.<br \/>\n<span>Sie berichten, dass die Schule Mitte September mit 7 Klassen und dem bisherigen LehrerInnenteam ins neue Schuljahr gestartet ist. Alle Lehrpersonen haben im Fr\u00fchjahr eine Ziege &#8211; auf Kredit &#8211; erhalten. Die Idee ist, dass sie damit eine kleine Ziegenzucht aufbauen, um ihren bescheidenen Lohn von 65 USD etwas aufzubessern. Die Association hat mit den Lehrpersonen vereinbart, dass sie das erste oder zweite Zicklein der Association zur\u00fcckgeben, um den Kredit zu begleichen. Dies d\u00fcrfte bald der Fall sein, die Ziegen sind tr\u00e4chti<\/span>g.<\/p>\n<p><strong>Gute Resultate<\/strong><\/p>\n<p><strong><img decoding=\"async\" src=\"https:\/\/maendeleo.ch\/wordpress\/wp-content\/uploads\/2018\/10\/schueler-lehrer.jpg\" alt=\"\" width=\"800\" height=\"600\" class=\"alignnone size-full wp-image-529\" srcset=\"https:\/\/maendeleo.ch\/wordpress\/wp-content\/uploads\/2018\/10\/schueler-lehrer.jpg 800w, https:\/\/maendeleo.ch\/wordpress\/wp-content\/uploads\/2018\/10\/schueler-lehrer-300x225.jpg 300w, https:\/\/maendeleo.ch\/wordpress\/wp-content\/uploads\/2018\/10\/schueler-lehrer-768x576.jpg 768w\" sizes=\"(max-width: 800px) 100vw, 800px\" \/><\/strong><br \/>\nIm Kongo m\u00fcssen alle Sch\u00fclerInnen am Ende des Schuljahres eine nationale Pr\u00fcfung ablegen. Im Juli 2013 haben die 22 Sechstkl\u00e4ssler unserer die Abschlusspr\u00fcfung der Primarschule gemacht.\u00a0Alle haben bestanden. Der beste mit 86 von 100 Punkten &#8211; ein Glanzresultat. HerzlichenDank an Lehrer und Sch\u00fcler!<\/p>\n<p><strong>Das Agro-Projekt wird gr\u00f6sser<\/strong><br \/>\n1,5 Hektaren Land besitzt die Association Milondola jetzt, eine halbe Hektare Weideland f\u00fcr Ziegen und Schafzucht und eine Hektare sehr fruchtbares Land in der Ebene, wo ab Januar 2014 vor allem Bohnen angebaut werden. Im Sommer haben lokale Handwerker einen Stall gebaut, der im Oktober 2013 6 Ziegen beherbergte. Ein Ausbau auf 24 Tiere ist m\u00f6glich, das ist aber davon abh\u00e4ngig, ob genug Weideland bzw. Futter f\u00fcr die Tiere vorhanden ist. Die Association hat bereits Abmachungen mit lokalen Bauern getroffen, die Futter liefern k\u00f6nnen. Die Association pr\u00fcft jetzt, wie viel die Bauern liefern k\u00f6nnen und zu welchen Bedingungen.<\/p>\n<p><img loading=\"lazy\" decoding=\"async\" src=\"https:\/\/maendeleo.ch\/wordpress\/wp-content\/uploads\/2018\/10\/16_haus_und_huette.jpg\" alt=\"\" width=\"800\" height=\"600\" class=\"size-full wp-image-546\" srcset=\"https:\/\/maendeleo.ch\/wordpress\/wp-content\/uploads\/2018\/10\/16_haus_und_huette.jpg 800w, https:\/\/maendeleo.ch\/wordpress\/wp-content\/uploads\/2018\/10\/16_haus_und_huette-300x225.jpg 300w, https:\/\/maendeleo.ch\/wordpress\/wp-content\/uploads\/2018\/10\/16_haus_und_huette-768x576.jpg 768w\" sizes=\"(max-width: 800px) 100vw, 800px\" \/><\/p>\n<p><strong>Kann sich das Projekt selber tragen?<br \/>\n<\/strong>Das Agro-Projekt wird bis 2015 von der Stadt Frauenfeld unterst\u00fctzt. Danach muss es zumindest selbsttragend sein. Mit Fiston Maheshe geh\u00f6rt ein Spezialist f\u00fcr Agro-Fragen zum Komitee der Association Milondola, unsrer lokalen Partnerorganisation. Wir haben aber beschlossen, noch zus\u00e4tzliches Coaching zu holen bei PAD, einer lokalen Organisation mit viel Erfahrung in Agrar-Projekten. Ren\u00e9 Rubambura, der Chef von PAD, war mit zwei seiner Agronomen mehrmals auf dem Gel\u00e4nde in Ikoma. Das PAD-Team meinte bei den Sitzungen im Oktober 2013, dass das Projekt gut gestartet sei und auch Potential habe. Wichtig sei jetzt, dass das Projekt vor Ort gesteuert wird. Im Januar 2014 beginnt der Ackerbau, die Verhandlungen mit den Futterlieferanten m\u00fcssen gef\u00fchrt werden. Seit diesem Schuljahr k\u00f6nnen Eltern, die kein Schulgeld zahlen k\u00f6nnen, im Agro-Projekt das Schulgeld erarbeiten. All das muss organisiert und \u00fcberwacht werden. Venant, der Pr\u00e4sident der Association, ist bereit, ab Januar in Ikoma die Leitung des Projektes zu \u00fcbernehmen. Er kann sich daf\u00fcr von seiner Schule beurlauben lassen. Mit seiner Pr\u00e4senz vor Ort und der Begleitung durch PAD sollte es m\u00f6glich sein, dass sich das Projekt bis 2015 selber tragen kann.<\/p>\n","protected":false},"excerpt":{"rendered":"<p>Suppentag in H\u00fcttwilen M\u00e4rz 2013 Am diesj\u00e4hrigen Suppentag in H\u00fcttwilen stellte Hansj\u00f6rg Enz unseren Verein und unsere Projekte vor. Die grosse Besucherschar lauschte sehr\u00a0interessiert\u00a0und\u00a0aufmerksam\u00a0seinen Ausf\u00fchrungen. Gerne h\u00e4tte man ihm noch l\u00e4nger zugeh\u00f6rt! Am Schluss wurde unserem Verein die tolle Spende von Fr. 3170.- \u00fcberwiesen. Wir danken allen Spendern, den freiwilligen [&hellip;]<\/p>\n","protected":false},"author":1,"featured_media":529,"parent":115,"menu_order":0,"comment_status":"closed","ping_status":"closed","template":"","meta":{"footnotes":""},"class_list":["post-438","page","type-page","status-publish","has-post-thumbnail","hentry"],"_links":{"self":[{"href":"https:\/\/maendeleo.ch\/wordpress\/wp-json\/wp\/v2\/pages\/438","targetHints":{"allow":["GET"]}}],"collection":[{"href":"https:\/\/maendeleo.ch\/wordpress\/wp-json\/wp\/v2\/pages"}],"about":[{"href":"https:\/\/maendeleo.ch\/wordpress\/wp-json\/wp\/v2\/types\/page"}],"author":[{"embeddable":true,"href":"https:\/\/maendeleo.ch\/wordpress\/wp-json\/wp\/v2\/users\/1"}],"replies":[{"embeddable":true,"href":"https:\/\/maendeleo.ch\/wordpress\/wp-json\/wp\/v2\/comments?post=438"}],"version-history":[{"count":5,"href":"https:\/\/maendeleo.ch\/wordpress\/wp-json\/wp\/v2\/pages\/438\/revisions"}],"predecessor-version":[{"id":603,"href":"https:\/\/maendeleo.ch\/wordpress\/wp-json\/wp\/v2\/pages\/438\/revisions\/603"}],"up":[{"embeddable":true,"href":"https:\/\/maendeleo.ch\/wordpress\/wp-json\/wp\/v2\/pages\/115"}],"wp:featuredmedia":[{"embeddable":true,"href":"https:\/\/maendeleo.ch\/wordpress\/wp-json\/wp\/v2\/media\/529"}],"wp:attachment":[{"href":"https:\/\/maendeleo.ch\/wordpress\/wp-json\/wp\/v2\/media?parent=438"}],"curies":[{"name":"wp","href":"https:\/\/api.w.org\/{rel}","templated":true}]}}