{"id":430,"date":"2018-10-04T08:35:11","date_gmt":"2018-10-04T08:35:11","guid":{"rendered":"https:\/\/maendeleo.ch\/wordpress\/?page_id=430"},"modified":"2018-10-06T10:54:44","modified_gmt":"2018-10-06T10:54:44","slug":"2011-2","status":"publish","type":"page","link":"https:\/\/maendeleo.ch\/wordpress\/archiv\/2011-2\/","title":{"rendered":"2011"},"content":{"rendered":"<p><strong>Idee Projekt Agro-Education<br \/>\n<\/strong>Die\u00a0Partnerorganisationen Maendeleo und Milondola sind daran eine Hektare Ackerland zu erwerben. Die H\u00e4lfte haben wir bereits von lokalen Besitzern kaufen k\u00f6nnen, mit weiteren sind wir in Verhandlung. Wir achten darauf, nur mit Bauern zu verhandeln, die viel Land haben. Wir wollen verhindern, dass arme Kleinbauern sich verf\u00fchren lassen von einigen hundert Dollar, ihr ganzes Besitztum verkaufen und danach gar nichts mehr besitzen.<\/p>\n<p><strong>Milondola Agroprojekt gestartet<br \/>\n<\/strong><img fetchpriority=\"high\" decoding=\"async\" src=\"https:\/\/maendeleo.ch\/wordpress\/wp-content\/uploads\/2018\/08\/wandererimkongo.jpg\" alt=\"\" width=\"1440\" height=\"1080\" class=\"alignnone size-full wp-image-14\" srcset=\"https:\/\/maendeleo.ch\/wordpress\/wp-content\/uploads\/2018\/08\/wandererimkongo.jpg 1440w, https:\/\/maendeleo.ch\/wordpress\/wp-content\/uploads\/2018\/08\/wandererimkongo-300x225.jpg 300w, https:\/\/maendeleo.ch\/wordpress\/wp-content\/uploads\/2018\/08\/wandererimkongo-768x576.jpg 768w, https:\/\/maendeleo.ch\/wordpress\/wp-content\/uploads\/2018\/08\/wandererimkongo-1024x768.jpg 1024w\" sizes=\"(max-width: 1440px) 100vw, 1440px\" \/><br \/>\nIm August hat unser lokaler Verein Milondola nochmals ein St\u00fcck Agrarland in Ikoma erwerben k\u00f6nnen. Wir besitzen jetzt eine halbe Hektare Land, das wir sinnvoll bebauen wollen. Das Problem in Ikoma: Das Land ist nach 200 Jahren intensiver Bebauung nur noch wenig fruchtbar.<span>\u00a0<\/span><\/p>\n<p>In einer ersten Etappe geht es darum, den Boden wieder fruchtbarer zu machen durch Gr\u00fcnd\u00fcngung und Ausbringen von D\u00fcnger. Zudem wollen wir das leicht abfallende Gel\u00e4nde wieder neu terrassieren.\u00a0 Bei der Arbeit hilft uns ein Agronom, den wir f\u00fcr unser Projekt engagiert haben.<span>\u00a0<\/span><br \/>\nDie Idee ist, dass die Schulkinder lernen, wie Boden wieder fruchtbarer gemacht werden kann. Der Agronom wird aber auch Kurse anbieten f\u00fcr die Bauern der Gegend. Wir hoffen, dass sie an unserm &#8222;Musterfeld&#8220; mitverfolgen k\u00f6nnen, wie das Land \u00fcber die Jahre wieder fruchtbarer\u00a0 werden und bessere Ertr\u00e4ge bringen kann. Wir hoffen dann, dass sie daraus lernen k\u00f6nnen, damit auch ihre Ertr\u00e4ge wieder steigen.<br \/>\nWir haben auch ein Versprechen eines Spenders, dass er uns bei diesem Projekt hilft.<span>\u00a0<\/span><br \/>\nMehr davon, sobald der Projektvorschlag eingereicht und akzeptiert ist.<\/p>\n<p><strong>Ziegen als Nebenerwerb f\u00fcr Lehrkr\u00e4fte<br \/>\n<img decoding=\"async\" src=\"https:\/\/maendeleo.ch\/wordpress\/wp-content\/uploads\/2018\/10\/agro07_web.jpg\" alt=\"\" width=\"960\" height=\"720\" class=\"alignnone size-full wp-image-489\" srcset=\"https:\/\/maendeleo.ch\/wordpress\/wp-content\/uploads\/2018\/10\/agro07_web.jpg 960w, https:\/\/maendeleo.ch\/wordpress\/wp-content\/uploads\/2018\/10\/agro07_web-300x225.jpg 300w, https:\/\/maendeleo.ch\/wordpress\/wp-content\/uploads\/2018\/10\/agro07_web-768x576.jpg 768w\" sizes=\"(max-width: 960px) 100vw, 960px\" \/><\/strong><br \/>\nDiesen Sommer haben alle Lehrpersonen eine Ziege erhalten. Sie wollen damit eine kleine Schafzucht als Nebenerwerb aufbauen. Sie erhielten die Ziege nicht einfach so: Sie mussten sich verpflichten, das erste oder zweite L\u00e4mmlein der Association zu geben, um ihre &#8222;Schulden&#8220; zu begleichen. Die Chancen daf\u00fcr stehen gut, beim Besuch im Oktober 13 waren die meisten Ziegen bereits tr\u00e4chtig.<\/p>\n<p><strong>Patenschaften f\u00fcr LehrerInnen<\/strong><br \/>\nEs gibt Hilfsorganisationen, die Patenschaften vermitteln, damit Kinder in armen L\u00e4ndern zur Schule gehen k\u00f6nnen. Der Verein Maendelo macht das auch.<span>\u00a0<\/span><br \/>\nSeit wir aber die Schule in Ikoma gebaut haben, gehen wir einen andern Weg &#8211; wir unterst\u00fctzen die Lehrpersonen.<br \/>\n<span style=\"font-size: 12pt;\"><strong>Warum Lehrkr\u00e4fte unterst\u00fctzen?<br \/>\n<img decoding=\"async\" src=\"https:\/\/maendeleo.ch\/wordpress\/wp-content\/uploads\/2018\/10\/lehrer.jpg\" alt=\"\" width=\"960\" height=\"400\" class=\"alignnone size-full wp-image-561\" srcset=\"https:\/\/maendeleo.ch\/wordpress\/wp-content\/uploads\/2018\/10\/lehrer.jpg 960w, https:\/\/maendeleo.ch\/wordpress\/wp-content\/uploads\/2018\/10\/lehrer-300x125.jpg 300w, https:\/\/maendeleo.ch\/wordpress\/wp-content\/uploads\/2018\/10\/lehrer-768x320.jpg 768w\" sizes=\"(max-width: 960px) 100vw, 960px\" \/><\/strong><\/span><br \/>\nIm Kongo sollten Lehrer vom Staat den Grundlohn von rund 40 Dollar erhalten. Der Erziehungsminister hat aber erkl\u00e4rt, der Staat h\u00e4tte nicht genug Geld, also erhalten viele Lehrer keinen Lohn. Deshalb haben die Schulen 1994 begonnen, Schulgeld zu verlangen &#8211; zwischen einem Dollar in Milondola und bis 20 Dollar in der Stadt Bukavu<br \/>\n<span style=\"font-size: 12pt;\"><strong>LehrerInnen, Schulteams zahlen einem Kollegen im Kongo Lohn.<\/strong><\/span><br \/>\nWir suchen in der Schweiz LehrerInnen, Schulteams oder andere liebe Menschen, die bereit sind, einer Lehrperson im Kongo zu einem Lohn zu verhelfen. Sie zahlen regelm\u00e4ssig 45 Dollar pro Monat, wenig f\u00fcr gut Verdienende in der Schweiz, ganz viel Hilfe f\u00fcr einen Kollegen, eine Kollegin im Kongo.<\/p>\n<p>&nbsp;<\/p>\n","protected":false},"excerpt":{"rendered":"<p>Idee Projekt Agro-Education Die\u00a0Partnerorganisationen Maendeleo und Milondola sind daran eine Hektare Ackerland zu erwerben. Die H\u00e4lfte haben wir bereits von lokalen Besitzern kaufen k\u00f6nnen, mit weiteren sind wir in Verhandlung. Wir achten darauf, nur mit Bauern zu verhandeln, die viel Land haben. Wir wollen verhindern, dass arme Kleinbauern sich verf\u00fchren [&hellip;]<\/p>\n","protected":false},"author":1,"featured_media":523,"parent":115,"menu_order":0,"comment_status":"closed","ping_status":"closed","template":"","meta":{"footnotes":""},"class_list":["post-430","page","type-page","status-publish","has-post-thumbnail","hentry"],"_links":{"self":[{"href":"https:\/\/maendeleo.ch\/wordpress\/wp-json\/wp\/v2\/pages\/430","targetHints":{"allow":["GET"]}}],"collection":[{"href":"https:\/\/maendeleo.ch\/wordpress\/wp-json\/wp\/v2\/pages"}],"about":[{"href":"https:\/\/maendeleo.ch\/wordpress\/wp-json\/wp\/v2\/types\/page"}],"author":[{"embeddable":true,"href":"https:\/\/maendeleo.ch\/wordpress\/wp-json\/wp\/v2\/users\/1"}],"replies":[{"embeddable":true,"href":"https:\/\/maendeleo.ch\/wordpress\/wp-json\/wp\/v2\/comments?post=430"}],"version-history":[{"count":3,"href":"https:\/\/maendeleo.ch\/wordpress\/wp-json\/wp\/v2\/pages\/430\/revisions"}],"predecessor-version":[{"id":596,"href":"https:\/\/maendeleo.ch\/wordpress\/wp-json\/wp\/v2\/pages\/430\/revisions\/596"}],"up":[{"embeddable":true,"href":"https:\/\/maendeleo.ch\/wordpress\/wp-json\/wp\/v2\/pages\/115"}],"wp:featuredmedia":[{"embeddable":true,"href":"https:\/\/maendeleo.ch\/wordpress\/wp-json\/wp\/v2\/media\/523"}],"wp:attachment":[{"href":"https:\/\/maendeleo.ch\/wordpress\/wp-json\/wp\/v2\/media?parent=430"}],"curies":[{"name":"wp","href":"https:\/\/api.w.org\/{rel}","templated":true}]}}