{"id":209,"date":"2018-08-27T12:31:24","date_gmt":"2018-08-27T12:31:24","guid":{"rendered":"https:\/\/maendeleo.ch\/wordpress\/?page_id=209"},"modified":"2020-06-05T09:13:11","modified_gmt":"2020-06-05T09:13:11","slug":"aktionen","status":"publish","type":"page","link":"https:\/\/maendeleo.ch\/wordpress\/aktionen\/","title":{"rendered":"Aktionen"},"content":{"rendered":"\t\t<div data-elementor-type=\"wp-post\" data-elementor-id=\"209\" class=\"elementor elementor-209\" data-elementor-post-type=\"page\">\n\t\t\t\t\t\t<section class=\"elementor-section elementor-top-section elementor-element elementor-element-fde722d elementor-section-boxed elementor-section-height-default elementor-section-height-default\" data-id=\"fde722d\" data-element_type=\"section\" data-e-type=\"section\">\n\t\t\t\t\t\t<div class=\"elementor-container elementor-column-gap-default\">\n\t\t\t\t\t<div class=\"elementor-column elementor-col-100 elementor-top-column elementor-element elementor-element-9cd1251\" data-id=\"9cd1251\" data-element_type=\"column\" data-e-type=\"column\">\n\t\t\t<div class=\"elementor-widget-wrap elementor-element-populated\">\n\t\t\t\t\t\t<div class=\"elementor-element elementor-element-b4dd33b elementor-widget elementor-widget-text-editor\" data-id=\"b4dd33b\" data-element_type=\"widget\" data-e-type=\"widget\" data-widget_type=\"text-editor.default\">\n\t\t\t\t<div class=\"elementor-widget-container\">\n\t\t\t\t\t\t\t\t\t<p style=\"margin: 0cm 0cm 0.0001pt; font-size: medium; font-family: Cambria, serif; caret-color: #000000; color: #000000;\"><span style=\"font-family: Arial, sans-serif;\"><b>Auf dieser Seite wollen wir herzlich Danke sagen, Akzanti sana sana!<o:p><\/o:p><\/b><\/span><\/p><p style=\"margin: 0cm 0cm 0.0001pt; font-size: medium; font-family: Cambria, serif; caret-color: #000000; color: #000000;\"><span style=\"font-family: Arial, sans-serif;\"><o:p>\u00a0<\/o:p><\/span><span style=\"font-family: Arial, sans-serif;\">Seit Jahren freuen uns <a href=\"https:\/\/wp.me\/Paj1Py-aK\" target=\"_blank\" rel=\"noopener\">Spenden<\/a> von Menschen, die sich w\u00fcnschen, unser Wohlergehen und unseren Wohlstand zu teilen mit Menschen in L\u00e4ndern wie dem Kongo, denen es weniger gut geht:\u00a0<\/span><span style=\"font-family: Arial, sans-serif;\">Da sind jene, die regelm\u00e4ssig spenden, die Sponsoren des 2 Stunden Laufes, die\u00a0<a href=\"https:\/\/wp.me\/Paj1Py-aK\" target=\"_blank\" rel=\"noopener\">Spenden<\/a> von Geburtagsfesten, die Beitr\u00e4ge aus einer Erbschaft, mit der Bemerkung\u00a0<i>\u201ewir m\u00f6chten teilen, was uns auch einfach zufiel\u201c, &#8230;<\/i><o:p><\/o:p><\/span><\/p><p style=\"margin: 0cm 0cm 0.0001pt; font-size: medium; font-family: Cambria, serif; caret-color: #000000; color: #000000;\"><span style=\"font-family: Arial, sans-serif;\"><i>\u00a0<\/i><\/span><\/p><p style=\"margin: 0cm 0cm 0.0001pt; font-size: medium; font-family: Cambria, serif; caret-color: #000000; color: #000000;\"><b><span style=\"font-family: Arial, sans-serif;\">Vortr\u00e4ge bei Ihnen<o:p><\/o:p><\/span><\/b><\/p><p style=\"margin: 0cm 0cm 0.0001pt; font-size: medium; font-family: Cambria, serif; caret-color: #000000; color: #000000;\"><span style=\"font-family: Arial, sans-serif;\">Wir sind gerne bereit bei Ihnen \u00fcber unsere Schule zu berichten.\u00a0<\/span><span style=\"font-family: Arial, sans-serif;\">Hansj\u00f6rg Enz k\u00f6nnen sie auch engagieren f\u00fcr einen Vortrag \u00fcber die Demokratiche Republik Kongo oder \u00fcber Vor- und Nachteile von Entwicklungs-Zusammenarbeit.\u00a0<o:p><\/o:p><\/span><span style=\"font-family: Arial, sans-serif;\">Honorare f\u00fcr solche Vortr\u00e4ge von 45 bis 90 Minuten gehen zu 100% an das Projekt.<o:p><\/o:p><\/span><\/p><p style=\"margin: 0cm 0cm 0.0001pt; font-size: medium; font-family: Cambria, serif; caret-color: #000000; color: #000000;\"><span style=\"font-family: Arial, sans-serif;\">\u00a0<\/span><\/p>\t\t\t\t\t\t\t\t<\/div>\n\t\t\t\t<\/div>\n\t\t\t\t<div class=\"elementor-element elementor-element-09e58d7 elementor-grid-4 elementor-grid-tablet-2 elementor-grid-mobile-1 elementor-posts--thumbnail-top elementor-widget elementor-widget-posts\" data-id=\"09e58d7\" data-element_type=\"widget\" data-e-type=\"widget\" data-settings=\"{&quot;pagination_type&quot;:&quot;numbers&quot;,&quot;classic_columns&quot;:&quot;4&quot;,&quot;classic_columns_tablet&quot;:&quot;2&quot;,&quot;classic_columns_mobile&quot;:&quot;1&quot;,&quot;classic_row_gap&quot;:{&quot;unit&quot;:&quot;px&quot;,&quot;size&quot;:35,&quot;sizes&quot;:[]},&quot;classic_row_gap_tablet&quot;:{&quot;unit&quot;:&quot;px&quot;,&quot;size&quot;:&quot;&quot;,&quot;sizes&quot;:[]},&quot;classic_row_gap_mobile&quot;:{&quot;unit&quot;:&quot;px&quot;,&quot;size&quot;:&quot;&quot;,&quot;sizes&quot;:[]}}\" data-widget_type=\"posts.classic\">\n\t\t\t\t<div class=\"elementor-widget-container\">\n\t\t\t\t\t\t\t<div class=\"elementor-posts-container elementor-posts elementor-posts--skin-classic elementor-grid\" role=\"list\">\n\t\t\t\t<article class=\"elementor-post elementor-grid-item post-8509 post type-post status-publish format-standard has-post-thumbnail hentry category-aktionen\" role=\"listitem\">\n\t\t\t\t<a class=\"elementor-post__thumbnail__link\" href=\"https:\/\/maendeleo.ch\/wordpress\/flohmarkt-und-chlausmarkt\/\" tabindex=\"-1\" >\n\t\t\t<div class=\"elementor-post__thumbnail\"><img fetchpriority=\"high\" decoding=\"async\" width=\"300\" height=\"225\" src=\"https:\/\/maendeleo.ch\/wordpress\/wp-content\/uploads\/2023\/07\/IMG_4062-1-300x225.jpeg\" class=\"attachment-medium size-medium wp-image-8534\" alt=\"\" srcset=\"https:\/\/maendeleo.ch\/wordpress\/wp-content\/uploads\/2023\/07\/IMG_4062-1-300x225.jpeg 300w, https:\/\/maendeleo.ch\/wordpress\/wp-content\/uploads\/2023\/07\/IMG_4062-1-768x576.jpeg 768w, https:\/\/maendeleo.ch\/wordpress\/wp-content\/uploads\/2023\/07\/IMG_4062-1.jpeg 1024w\" sizes=\"(max-width: 300px) 100vw, 300px\" \/><\/div>\n\t\t<\/a>\n\t\t\t\t<div class=\"elementor-post__text\">\n\t\t\t\t<h3 class=\"elementor-post__title\">\n\t\t\t<a href=\"https:\/\/maendeleo.ch\/wordpress\/flohmarkt-und-chlausmarkt\/\" >\n\t\t\t\tFlohmarkt und Chlausmarkt\t\t\t<\/a>\n\t\t<\/h3>\n\t\t\t\t<div class=\"elementor-post__excerpt\">\n\t\t\t<p>Unser Verkaufsteam: Kathrin und Anita Auch 2022 waren Kathrin F\u00f6llmi und Anita Enz im September am Flohmarkt in Frauenfeld und im Dezember am Chlausmarkt in H\u00fcttwilen. Kathrin F\u00f6llmi und Anita Enz am H\u00fcttwiler Chlausmarkt Sie sind unser bew\u00e4hrtes Team, Kathrin und Anita. Seit Jahren haben sie einen &#8222;Milondola-Stand&#8220;. Im September<\/p>\n\t\t<\/div>\n\t\t\n\t\t<a class=\"elementor-post__read-more\" href=\"https:\/\/maendeleo.ch\/wordpress\/flohmarkt-und-chlausmarkt\/\" aria-label=\"Mehr \u00fcber Flohmarkt und Chlausmarkt\" tabindex=\"-1\" >\n\t\t\tWeiterlesen \u00bb\t\t<\/a>\n\n\t\t\t\t<\/div>\n\t\t\t\t<\/article>\n\t\t\t\t<article class=\"elementor-post elementor-grid-item post-8513 post type-post status-publish format-standard has-post-thumbnail hentry category-aktionen\" role=\"listitem\">\n\t\t\t\t<a class=\"elementor-post__thumbnail__link\" href=\"https:\/\/maendeleo.ch\/wordpress\/hampis-70-geburtstag\/\" tabindex=\"-1\" >\n\t\t\t<div class=\"elementor-post__thumbnail\"><img decoding=\"async\" width=\"300\" height=\"169\" src=\"https:\/\/maendeleo.ch\/wordpress\/wp-content\/uploads\/2023\/07\/L1100892-2-300x169.jpg\" class=\"attachment-medium size-medium wp-image-8515\" alt=\"\" srcset=\"https:\/\/maendeleo.ch\/wordpress\/wp-content\/uploads\/2023\/07\/L1100892-2-300x169.jpg 300w, https:\/\/maendeleo.ch\/wordpress\/wp-content\/uploads\/2023\/07\/L1100892-2-768x432.jpg 768w, https:\/\/maendeleo.ch\/wordpress\/wp-content\/uploads\/2023\/07\/L1100892-2.jpg 1024w\" sizes=\"(max-width: 300px) 100vw, 300px\" \/><\/div>\n\t\t<\/a>\n\t\t\t\t<div class=\"elementor-post__text\">\n\t\t\t\t<h3 class=\"elementor-post__title\">\n\t\t\t<a href=\"https:\/\/maendeleo.ch\/wordpress\/hampis-70-geburtstag\/\" >\n\t\t\t\tHampis 70. Geburtstag\t\t\t<\/a>\n\t\t<\/h3>\n\t\t\t\t<div class=\"elementor-post__excerpt\">\n\t\t\t<p>Hampis Geburtstagsgechenk f\u00fcr Milondola Am 20. Mai 2023 lud Hanspeter Tr\u00fctsch aus Anlass seines 70 Geburtstages zu einer Schifffahrt auf dem Untersee. Geschenke wollte Hampi, &#8211; schweizweit bekannt als langj\u00e4hriger Bundeshaus-Journalist f\u00fcr Radio und Fernsehen DRS \u2013 keine. Seine G\u00e4ste sollten lieber f\u00fcr unser Schulhaus im Kongo spenden. \u00dcber 1300<\/p>\n\t\t<\/div>\n\t\t\n\t\t<a class=\"elementor-post__read-more\" href=\"https:\/\/maendeleo.ch\/wordpress\/hampis-70-geburtstag\/\" aria-label=\"Mehr \u00fcber Hampis 70. Geburtstag\" tabindex=\"-1\" >\n\t\t\tWeiterlesen \u00bb\t\t<\/a>\n\n\t\t\t\t<\/div>\n\t\t\t\t<\/article>\n\t\t\t\t<article class=\"elementor-post elementor-grid-item post-8502 post type-post status-publish format-standard has-post-thumbnail hentry category-aktionen\" role=\"listitem\">\n\t\t\t\t<a class=\"elementor-post__thumbnail__link\" href=\"https:\/\/maendeleo.ch\/wordpress\/elementor-8502\/\" tabindex=\"-1\" >\n\t\t\t<div class=\"elementor-post__thumbnail\"><img decoding=\"async\" width=\"300\" height=\"225\" src=\"https:\/\/maendeleo.ch\/wordpress\/wp-content\/uploads\/2023\/07\/Gockhausen-Verkaufsteam-300x225.jpeg\" class=\"attachment-medium size-medium wp-image-8505\" alt=\"\" srcset=\"https:\/\/maendeleo.ch\/wordpress\/wp-content\/uploads\/2023\/07\/Gockhausen-Verkaufsteam-300x225.jpeg 300w, https:\/\/maendeleo.ch\/wordpress\/wp-content\/uploads\/2023\/07\/Gockhausen-Verkaufsteam-1024x768.jpeg 1024w, https:\/\/maendeleo.ch\/wordpress\/wp-content\/uploads\/2023\/07\/Gockhausen-Verkaufsteam-768x576.jpeg 768w, https:\/\/maendeleo.ch\/wordpress\/wp-content\/uploads\/2023\/07\/Gockhausen-Verkaufsteam.jpeg 1280w\" sizes=\"(max-width: 300px) 100vw, 300px\" \/><\/div>\n\t\t<\/a>\n\t\t\t\t<div class=\"elementor-post__text\">\n\t\t\t\t<h3 class=\"elementor-post__title\">\n\t\t\t<a href=\"https:\/\/maendeleo.ch\/wordpress\/elementor-8502\/\" >\n\t\t\t\tSchule in Gockhausen f\u00fcr Schule in Ikoma\t\t\t<\/a>\n\t\t<\/h3>\n\t\t\t\t<div class=\"elementor-post__excerpt\">\n\t\t\t<p>(hje) Im November 22 erhielt ich \u00fcberraschend ein Mail von Rebecca Primus, Lehrerin an der \u00a0Primarschule Gockhausen, die zur Schulgemeinde D\u00fcbendorf geh\u00f6rt. Ich hatte sie kennen gelernt an einem Oberstimmen-Singkurs im Herbst. Sie teilte mir mit, dass das Schulteam beschlossen habe, den Erl\u00f6s ihres Weihnachts \u2013 Anlasses f\u00fcr unsre Schule<\/p>\n\t\t<\/div>\n\t\t\n\t\t<a class=\"elementor-post__read-more\" href=\"https:\/\/maendeleo.ch\/wordpress\/elementor-8502\/\" aria-label=\"Mehr \u00fcber Schule in Gockhausen f\u00fcr Schule in Ikoma\" tabindex=\"-1\" >\n\t\t\tWeiterlesen \u00bb\t\t<\/a>\n\n\t\t\t\t<\/div>\n\t\t\t\t<\/article>\n\t\t\t\t<article class=\"elementor-post elementor-grid-item post-7072 post type-post status-publish format-standard has-post-thumbnail hentry category-aktionen\" role=\"listitem\">\n\t\t\t\t<a class=\"elementor-post__thumbnail__link\" href=\"https:\/\/maendeleo.ch\/wordpress\/spende-fuer-neue-naehmaschinen\/\" tabindex=\"-1\" >\n\t\t\t<div class=\"elementor-post__thumbnail\"><img loading=\"lazy\" decoding=\"async\" width=\"225\" height=\"300\" src=\"https:\/\/maendeleo.ch\/wordpress\/wp-content\/uploads\/2020\/09\/klasse_stahl_enz_2020-225x300.jpg\" class=\"attachment-medium size-medium wp-image-7071\" alt=\"\" srcset=\"https:\/\/maendeleo.ch\/wordpress\/wp-content\/uploads\/2020\/09\/klasse_stahl_enz_2020-225x300.jpg 225w, https:\/\/maendeleo.ch\/wordpress\/wp-content\/uploads\/2020\/09\/klasse_stahl_enz_2020.jpg 755w\" sizes=\"(max-width: 225px) 100vw, 225px\" \/><\/div>\n\t\t<\/a>\n\t\t\t\t<div class=\"elementor-post__text\">\n\t\t\t\t<h3 class=\"elementor-post__title\">\n\t\t\t<a href=\"https:\/\/maendeleo.ch\/wordpress\/spende-fuer-neue-naehmaschinen\/\" >\n\t\t\t\tSpende f\u00fcr zus\u00e4tzliche N\u00e4hmaschinen\t\t\t<\/a>\n\t\t<\/h3>\n\t\t\t\t<div class=\"elementor-post__excerpt\">\n\t\t\t<p>Zus\u00e4tzliche N\u00e4hmaschinen f\u00fcr unsere Schule Am 26. September 2020 trafen sich die Klassen Stahl\/Enz&nbsp; der Sekundarschule H\u00fcttwilen (Schulzeit 1980 bis 1983) zur dritten Klassenzusammenkunft in der neuen Sporthalle Burgweg in H\u00fcttwilen. Hansj\u00f6rg und Bruno berichteten im Laufe des Nachmittags von unserem Projekt im Kongo. Spontan sammelten sie Geld f\u00fcr zus\u00e4tzliche<\/p>\n\t\t<\/div>\n\t\t\n\t\t<a class=\"elementor-post__read-more\" href=\"https:\/\/maendeleo.ch\/wordpress\/spende-fuer-neue-naehmaschinen\/\" aria-label=\"Mehr \u00fcber Spende f\u00fcr zus\u00e4tzliche N\u00e4hmaschinen\" tabindex=\"-1\" >\n\t\t\tWeiterlesen \u00bb\t\t<\/a>\n\n\t\t\t\t<\/div>\n\t\t\t\t<\/article>\n\t\t\t\t<article class=\"elementor-post elementor-grid-item post-7057 post type-post status-publish format-standard has-post-thumbnail hentry category-aktionen\" role=\"listitem\">\n\t\t\t\t<a class=\"elementor-post__thumbnail__link\" href=\"https:\/\/maendeleo.ch\/wordpress\/flohmarkt-im-burstelpark\/\" tabindex=\"-1\" >\n\t\t\t<div class=\"elementor-post__thumbnail\"><img loading=\"lazy\" decoding=\"async\" width=\"300\" height=\"225\" src=\"https:\/\/maendeleo.ch\/wordpress\/wp-content\/uploads\/2020\/09\/fru\u0308hku\u0308hl-300x225.jpeg\" class=\"attachment-medium size-medium wp-image-7062\" alt=\"\" srcset=\"https:\/\/maendeleo.ch\/wordpress\/wp-content\/uploads\/2020\/09\/fru\u0308hku\u0308hl-300x225.jpeg 300w, https:\/\/maendeleo.ch\/wordpress\/wp-content\/uploads\/2020\/09\/fru\u0308hku\u0308hl.jpeg 640w\" sizes=\"(max-width: 300px) 100vw, 300px\" \/><\/div>\n\t\t<\/a>\n\t\t\t\t<div class=\"elementor-post__text\">\n\t\t\t\t<h3 class=\"elementor-post__title\">\n\t\t\t<a href=\"https:\/\/maendeleo.ch\/wordpress\/flohmarkt-im-burstelpark\/\" >\n\t\t\t\tFlohmarkt im Burstelpark\t\t\t<\/a>\n\t\t<\/h3>\n\t\t\t\t<div class=\"elementor-post__excerpt\">\n\t\t\t<p>Am 12. September standen Kathrin, Esther und Anita, assistiert von Andrea, am Flohmarkt im Burstelpark in Frauenfeld. Bruno und Hansj\u00f6rg halfen beim Auf- und Abbau, und Hansj\u00f6rg versorgte uns mit Zwischenverpflegung. Dank allen &#8211; es war ein sch\u00f6ner Tag. Altes Nicht-Mehr-Gebrauchtes und neues Selbstgen\u00e4htes fand Absatz, grosse Gegenst\u00e4nde laufen nicht,<\/p>\n\t\t<\/div>\n\t\t\n\t\t<a class=\"elementor-post__read-more\" href=\"https:\/\/maendeleo.ch\/wordpress\/flohmarkt-im-burstelpark\/\" aria-label=\"Mehr \u00fcber Flohmarkt im Burstelpark\" tabindex=\"-1\" >\n\t\t\tWeiterlesen \u00bb\t\t<\/a>\n\n\t\t\t\t<\/div>\n\t\t\t\t<\/article>\n\t\t\t\t<article class=\"elementor-post elementor-grid-item post-6916 post type-post status-publish format-standard has-post-thumbnail hentry category-aktionen\" role=\"listitem\">\n\t\t\t\t<a class=\"elementor-post__thumbnail__link\" href=\"https:\/\/maendeleo.ch\/wordpress\/doubleneckkonzert-6-maerz-2020\/\" tabindex=\"-1\" >\n\t\t\t<div class=\"elementor-post__thumbnail\"><img loading=\"lazy\" decoding=\"async\" width=\"300\" height=\"168\" src=\"https:\/\/maendeleo.ch\/wordpress\/wp-content\/uploads\/2020\/06\/doubleneck-konzert-1-300x168.jpeg\" class=\"attachment-medium size-medium wp-image-6918\" alt=\"\" srcset=\"https:\/\/maendeleo.ch\/wordpress\/wp-content\/uploads\/2020\/06\/doubleneck-konzert-1-300x168.jpeg 300w, https:\/\/maendeleo.ch\/wordpress\/wp-content\/uploads\/2020\/06\/doubleneck-konzert-1-1024x575.jpeg 1024w, https:\/\/maendeleo.ch\/wordpress\/wp-content\/uploads\/2020\/06\/doubleneck-konzert-1-768x431.jpeg 768w, https:\/\/maendeleo.ch\/wordpress\/wp-content\/uploads\/2020\/06\/doubleneck-konzert-1-1536x863.jpeg 1536w, https:\/\/maendeleo.ch\/wordpress\/wp-content\/uploads\/2020\/06\/doubleneck-konzert-1.jpeg 2048w\" sizes=\"(max-width: 300px) 100vw, 300px\" \/><\/div>\n\t\t<\/a>\n\t\t\t\t<div class=\"elementor-post__text\">\n\t\t\t\t<h3 class=\"elementor-post__title\">\n\t\t\t<a href=\"https:\/\/maendeleo.ch\/wordpress\/doubleneckkonzert-6-maerz-2020\/\" >\n\t\t\t\tDoubleneckkonzert  6. M\u00e4rz 2020\t\t\t<\/a>\n\t\t<\/h3>\n\t\t\t\t<div class=\"elementor-post__excerpt\">\n\t\t\t<p>Esther und Bruno Fink luden am 6. M\u00e4rz als zuk\u00fcnftige Pension\u00e4re Freunde, Verwandte und Bekannte zum Konzert der Band Doubleneck ein. Eine knappe Hundertschaft genoss diesen musikalischen &nbsp;Leckerbissen in der Hagschnurer Sch\u00fc\u00fcr in H\u00fcttwilen. Anstelle von Geburtstagsgeschenken sammelten sie Geld f\u00fcr unseren Verein, mit der Idee den Erl\u00f6s an die<\/p>\n\t\t<\/div>\n\t\t\n\t\t<a class=\"elementor-post__read-more\" href=\"https:\/\/maendeleo.ch\/wordpress\/doubleneckkonzert-6-maerz-2020\/\" aria-label=\"Mehr \u00fcber Doubleneckkonzert  6. M\u00e4rz 2020\" tabindex=\"-1\" >\n\t\t\tWeiterlesen \u00bb\t\t<\/a>\n\n\t\t\t\t<\/div>\n\t\t\t\t<\/article>\n\t\t\t\t<article class=\"elementor-post elementor-grid-item post-6270 post type-post status-publish format-standard has-post-thumbnail hentry category-aktionen\" role=\"listitem\">\n\t\t\t\t<a class=\"elementor-post__thumbnail__link\" href=\"https:\/\/maendeleo.ch\/wordpress\/2-stundenlauf-frauenfeld-vom-14-sept-2019\/\" tabindex=\"-1\" >\n\t\t\t<div class=\"elementor-post__thumbnail\"><img loading=\"lazy\" decoding=\"async\" width=\"300\" height=\"194\" src=\"https:\/\/maendeleo.ch\/wordpress\/wp-content\/uploads\/2019\/09\/2-Stundenlauf_Logo_Erfolg-300x194.jpg\" class=\"attachment-medium size-medium wp-image-6159\" alt=\"\" srcset=\"https:\/\/maendeleo.ch\/wordpress\/wp-content\/uploads\/2019\/09\/2-Stundenlauf_Logo_Erfolg-300x194.jpg 300w, https:\/\/maendeleo.ch\/wordpress\/wp-content\/uploads\/2019\/09\/2-Stundenlauf_Logo_Erfolg-768x497.jpg 768w, https:\/\/maendeleo.ch\/wordpress\/wp-content\/uploads\/2019\/09\/2-Stundenlauf_Logo_Erfolg-1024x663.jpg 1024w, https:\/\/maendeleo.ch\/wordpress\/wp-content\/uploads\/2019\/09\/2-Stundenlauf_Logo_Erfolg.jpg 1554w\" sizes=\"(max-width: 300px) 100vw, 300px\" \/><\/div>\n\t\t<\/a>\n\t\t\t\t<div class=\"elementor-post__text\">\n\t\t\t\t<h3 class=\"elementor-post__title\">\n\t\t\t<a href=\"https:\/\/maendeleo.ch\/wordpress\/2-stundenlauf-frauenfeld-vom-14-sept-2019\/\" >\n\t\t\t\t2 Stundenlauf Frauenfeld &#8211; Bilanz positiv!\t\t\t<\/a>\n\t\t<\/h3>\n\t\t\t\t<div class=\"elementor-post__excerpt\">\n\t\t\t<p>Trotz Finanzierung Baubeginn erst 2021? Der Zweistundenlauf 2019 war ein Erfolg, das beste Resultat seit 6 Jahren in Bezug auf L\u00e4uferInnen und erlaufene Spenden. Der Verein Maendeleo erh\u00e4lt 55 555 Franken f\u00fcr den Erweiterungsbau. Wann die Bauarbeiten beginnen k\u00f6nnen, ist aber zurzeit (Mitte April 2020) nicht klar. Auch im S\u00fcd-Kivu<\/p>\n\t\t<\/div>\n\t\t\n\t\t<a class=\"elementor-post__read-more\" href=\"https:\/\/maendeleo.ch\/wordpress\/2-stundenlauf-frauenfeld-vom-14-sept-2019\/\" aria-label=\"Mehr \u00fcber 2 Stundenlauf Frauenfeld &#8211; Bilanz positiv!\" tabindex=\"-1\" >\n\t\t\tWeiterlesen \u00bb\t\t<\/a>\n\n\t\t\t\t<\/div>\n\t\t\t\t<\/article>\n\t\t\t\t<article class=\"elementor-post elementor-grid-item post-6455 post type-post status-publish format-standard has-post-thumbnail hentry category-aktionen\" role=\"listitem\">\n\t\t\t\t<a class=\"elementor-post__thumbnail__link\" href=\"https:\/\/maendeleo.ch\/wordpress\/solargenossenschaft-frauenfeld\/\" tabindex=\"-1\" >\n\t\t\t<div class=\"elementor-post__thumbnail\"><img loading=\"lazy\" decoding=\"async\" width=\"300\" height=\"175\" src=\"https:\/\/maendeleo.ch\/wordpress\/wp-content\/uploads\/2020\/04\/Logo-Solargenossenschaft-Frauenfeld-300x175.jpg\" class=\"attachment-medium size-medium wp-image-6457\" alt=\"\" srcset=\"https:\/\/maendeleo.ch\/wordpress\/wp-content\/uploads\/2020\/04\/Logo-Solargenossenschaft-Frauenfeld-300x175.jpg 300w, https:\/\/maendeleo.ch\/wordpress\/wp-content\/uploads\/2020\/04\/Logo-Solargenossenschaft-Frauenfeld-768x449.jpg 768w, https:\/\/maendeleo.ch\/wordpress\/wp-content\/uploads\/2020\/04\/Logo-Solargenossenschaft-Frauenfeld.jpg 890w\" sizes=\"(max-width: 300px) 100vw, 300px\" \/><\/div>\n\t\t<\/a>\n\t\t\t\t<div class=\"elementor-post__text\">\n\t\t\t\t<h3 class=\"elementor-post__title\">\n\t\t\t<a href=\"https:\/\/maendeleo.ch\/wordpress\/solargenossenschaft-frauenfeld\/\" >\n\t\t\t\tSolargenossenschaft Frauenfeld\t\t\t<\/a>\n\t\t<\/h3>\n\t\t\t\t<div class=\"elementor-post__excerpt\">\n\t\t\t<p>Grossz\u00fcgig hat sich auch die Solargenossenschaft Frauenfeld gezeigt. Mit einem Beitrag von 3&#8217;000 Franken erm\u00f6glicht sie, dass wir auf dem Dach der neu zu bauenden Schulgeb\u00e4ude eine Solaranlage erstellen k\u00f6nnen, sodass im Dorf eine Quelle f\u00fcr elektrischen Strom entstehen kann. Dies wird das Leben und Unterrichten bestimmt vereinfachen! Vielen herzlichen<\/p>\n\t\t<\/div>\n\t\t\n\t\t<a class=\"elementor-post__read-more\" href=\"https:\/\/maendeleo.ch\/wordpress\/solargenossenschaft-frauenfeld\/\" aria-label=\"Mehr \u00fcber Solargenossenschaft Frauenfeld\" tabindex=\"-1\" >\n\t\t\tWeiterlesen \u00bb\t\t<\/a>\n\n\t\t\t\t<\/div>\n\t\t\t\t<\/article>\n\t\t\t\t<\/div>\n\t\t\n\t\t\t\t<div class=\"e-load-more-anchor\" data-page=\"1\" data-max-page=\"3\" data-next-page=\"https:\/\/maendeleo.ch\/wordpress\/wp-json\/wp\/v2\/pages\/209\/page\/2\/\"><\/div>\n\t\t\t\t<nav class=\"elementor-pagination\" aria-label=\"Seitennummerierung\">\n\t\t\t<span aria-current=\"page\" class=\"page-numbers current\"><span class=\"elementor-screen-only\">Seite<\/span>1<\/span>\n<a class=\"page-numbers\" href=\"https:\/\/maendeleo.ch\/wordpress\/wp-json\/wp\/v2\/pages\/209\/page\/2\/\"><span class=\"elementor-screen-only\">Seite<\/span>2<\/a>\n<a class=\"page-numbers\" href=\"https:\/\/maendeleo.ch\/wordpress\/wp-json\/wp\/v2\/pages\/209\/page\/3\/\"><span class=\"elementor-screen-only\">Seite<\/span>3<\/a>\t\t<\/nav>\n\t\t\t\t\t\t<\/div>\n\t\t\t\t<\/div>\n\t\t\t\t\t<\/div>\n\t\t<\/div>\n\t\t\t\t\t<\/div>\n\t\t<\/section>\n\t\t\t\t<\/div>\n\t\t","protected":false},"excerpt":{"rendered":"<p>Auf dieser Seite wollen wir herzlich Danke sagen, Akzanti sana sana! &nbsp;Seit Jahren freuen uns Spenden von Menschen, die sich w\u00fcnschen, unser Wohlergehen und unseren Wohlstand zu teilen mit Menschen in L\u00e4ndern wie dem Kongo, denen es weniger gut geht:&nbsp;Da sind jene, die regelm\u00e4ssig spenden, die Sponsoren des 2 Stunden [&hellip;]<\/p>\n","protected":false},"author":1,"featured_media":6533,"parent":0,"menu_order":0,"comment_status":"closed","ping_status":"closed","template":"","meta":{"footnotes":""},"class_list":["post-209","page","type-page","status-publish","has-post-thumbnail","hentry"],"_links":{"self":[{"href":"https:\/\/maendeleo.ch\/wordpress\/wp-json\/wp\/v2\/pages\/209","targetHints":{"allow":["GET"]}}],"collection":[{"href":"https:\/\/maendeleo.ch\/wordpress\/wp-json\/wp\/v2\/pages"}],"about":[{"href":"https:\/\/maendeleo.ch\/wordpress\/wp-json\/wp\/v2\/types\/page"}],"author":[{"embeddable":true,"href":"https:\/\/maendeleo.ch\/wordpress\/wp-json\/wp\/v2\/users\/1"}],"replies":[{"embeddable":true,"href":"https:\/\/maendeleo.ch\/wordpress\/wp-json\/wp\/v2\/comments?post=209"}],"version-history":[{"count":16,"href":"https:\/\/maendeleo.ch\/wordpress\/wp-json\/wp\/v2\/pages\/209\/revisions"}],"predecessor-version":[{"id":6923,"href":"https:\/\/maendeleo.ch\/wordpress\/wp-json\/wp\/v2\/pages\/209\/revisions\/6923"}],"wp:featuredmedia":[{"embeddable":true,"href":"https:\/\/maendeleo.ch\/wordpress\/wp-json\/wp\/v2\/media\/6533"}],"wp:attachment":[{"href":"https:\/\/maendeleo.ch\/wordpress\/wp-json\/wp\/v2\/media?parent=209"}],"curies":[{"name":"wp","href":"https:\/\/api.w.org\/{rel}","templated":true}]}}