{"id":118,"date":"2018-08-24T09:40:28","date_gmt":"2018-08-24T09:40:28","guid":{"rendered":"https:\/\/maendeleo.ch\/wordpress\/?page_id=118"},"modified":"2018-10-04T10:14:24","modified_gmt":"2018-10-04T10:14:24","slug":"baugeschichte-1","status":"publish","type":"page","link":"https:\/\/maendeleo.ch\/wordpress\/archiv\/baugeschichte-1\/","title":{"rendered":"2009"},"content":{"rendered":"<p><strong>Bausteine f\u00fcr eine Schule in Ikoma<\/strong><br \/>\nDie Sekundarschule Auen f\u00fchrte anl\u00e4sslich ihrer Projektwoche 2009 eine Aktion zugunsten der Schule in Ikoma durch. Im Unterricht wurde Geographie und Wirtschaftliches aus dem Kongo vermittelt, die Problematik der seltenen Erden in den Handys zum Beispiel, in einer andern Gruppe wurden Techniken f\u00fcr Fundraising und Werbung kennen gelernt. Der Verein Maendeleo berichtete \u00fcber Ikoma, die Sch\u00fcler und Sch\u00fclerinnen, \u00fcber das karge Leben und das m\u00fchsame Arbeiten auf dem Land im Ostkongo.<span>\u00a0<\/span><\/p>\n<p>Die Sch\u00fcler\/innen sammelten auf der Strasse f\u00fcr das Projekt, und an der Schlussveranstaltung, die \u00f6ffentlich war, wurden symbolisch Backsteine f\u00fcr die Schule in Ikoma verkauft, die verkauften Backsteine wurden zu einem Raum aufgeschichtet, so dass die Schule \u201egebaut\u201c werden konnte.<\/p>\n<p><strong>Baugeschichte 1. Etappe<\/strong><\/p>\n\n\t\t<style type=\"text\/css\">\n\t\t\t#gallery-1 {\n\t\t\t\tmargin: auto;\n\t\t\t}\n\t\t\t#gallery-1 .gallery-item {\n\t\t\t\tfloat: left;\n\t\t\t\tmargin-top: 10px;\n\t\t\t\ttext-align: center;\n\t\t\t\twidth: 50%;\n\t\t\t}\n\t\t\t#gallery-1 img {\n\t\t\t\tborder: 2px solid #cfcfcf;\n\t\t\t}\n\t\t\t#gallery-1 .gallery-caption {\n\t\t\t\tmargin-left: 0;\n\t\t\t}\n\t\t\t\/* see gallery_shortcode() in wp-includes\/media.php *\/\n\t\t<\/style>\n\t\t<div id='gallery-1' class='gallery galleryid-118 gallery-columns-2 gallery-size-medium'><dl class='gallery-item'>\n\t\t\t<dt class='gallery-icon landscape'>\n\t\t\t\t<img fetchpriority=\"high\" decoding=\"async\" width=\"300\" height=\"226\" src=\"https:\/\/maendeleo.ch\/wordpress\/wp-content\/uploads\/2018\/08\/bau01_web-1-300x226.jpg\" class=\"attachment-medium size-medium\" alt=\"\" aria-describedby=\"gallery-1-119\" srcset=\"https:\/\/maendeleo.ch\/wordpress\/wp-content\/uploads\/2018\/08\/bau01_web-1-300x226.jpg 300w, https:\/\/maendeleo.ch\/wordpress\/wp-content\/uploads\/2018\/08\/bau01_web-1.jpg 400w\" sizes=\"(max-width: 300px) 100vw, 300px\" \/>\n\t\t\t<\/dt>\n\t\t\t\t<dd class='wp-caption-text gallery-caption' id='gallery-1-119'>\n\t\t\t\tUrspr\u00fcngliche Schule &#8211; Stecken und Plachen\n\t\t\t\t<\/dd><\/dl><dl class='gallery-item'>\n\t\t\t<dt class='gallery-icon landscape'>\n\t\t\t\t<img decoding=\"async\" width=\"300\" height=\"225\" src=\"https:\/\/maendeleo.ch\/wordpress\/wp-content\/uploads\/2018\/08\/bau02_web-300x225.jpg\" class=\"attachment-medium size-medium\" alt=\"\" aria-describedby=\"gallery-1-120\" srcset=\"https:\/\/maendeleo.ch\/wordpress\/wp-content\/uploads\/2018\/08\/bau02_web-300x225.jpg 300w, https:\/\/maendeleo.ch\/wordpress\/wp-content\/uploads\/2018\/08\/bau02_web.jpg 400w\" sizes=\"(max-width: 300px) 100vw, 300px\" \/>\n\t\t\t<\/dt>\n\t\t\t\t<dd class='wp-caption-text gallery-caption' id='gallery-1-120'>\n\t\t\t\tModell der neuen Schule\n\t\t\t\t<\/dd><\/dl><br style=\"clear: both\" \/><dl class='gallery-item'>\n\t\t\t<dt class='gallery-icon landscape'>\n\t\t\t\t<img decoding=\"async\" width=\"300\" height=\"225\" src=\"https:\/\/maendeleo.ch\/wordpress\/wp-content\/uploads\/2018\/08\/bau03_web-300x225.jpg\" class=\"attachment-medium size-medium\" alt=\"\" aria-describedby=\"gallery-1-121\" srcset=\"https:\/\/maendeleo.ch\/wordpress\/wp-content\/uploads\/2018\/08\/bau03_web-300x225.jpg 300w, https:\/\/maendeleo.ch\/wordpress\/wp-content\/uploads\/2018\/08\/bau03_web.jpg 400w\" sizes=\"(max-width: 300px) 100vw, 300px\" \/>\n\t\t\t<\/dt>\n\t\t\t\t<dd class='wp-caption-text gallery-caption' id='gallery-1-121'>\n\t\t\t\tApril: Baubeginn der ersten Etappe\n\t\t\t\t<\/dd><\/dl><dl class='gallery-item'>\n\t\t\t<dt class='gallery-icon landscape'>\n\t\t\t\t<img loading=\"lazy\" decoding=\"async\" width=\"300\" height=\"226\" src=\"https:\/\/maendeleo.ch\/wordpress\/wp-content\/uploads\/2018\/08\/bau04_web-300x226.jpg\" class=\"attachment-medium size-medium\" alt=\"\" aria-describedby=\"gallery-1-122\" srcset=\"https:\/\/maendeleo.ch\/wordpress\/wp-content\/uploads\/2018\/08\/bau04_web-300x226.jpg 300w, https:\/\/maendeleo.ch\/wordpress\/wp-content\/uploads\/2018\/08\/bau04_web.jpg 400w\" sizes=\"(max-width: 300px) 100vw, 300px\" \/>\n\t\t\t<\/dt>\n\t\t\t\t<dd class='wp-caption-text gallery-caption' id='gallery-1-122'>\n\t\t\t\tDrei Schulzimmer, ein Lehrerzimmer, Provisorien\n\t\t\t\t<\/dd><\/dl><br style=\"clear: both\" \/><dl class='gallery-item'>\n\t\t\t<dt class='gallery-icon landscape'>\n\t\t\t\t<img loading=\"lazy\" decoding=\"async\" width=\"300\" height=\"226\" src=\"https:\/\/maendeleo.ch\/wordpress\/wp-content\/uploads\/2018\/08\/bau05_web-300x226.jpg\" class=\"attachment-medium size-medium\" alt=\"\" aria-describedby=\"gallery-1-123\" srcset=\"https:\/\/maendeleo.ch\/wordpress\/wp-content\/uploads\/2018\/08\/bau05_web-300x226.jpg 300w, https:\/\/maendeleo.ch\/wordpress\/wp-content\/uploads\/2018\/08\/bau05_web.jpg 400w\" sizes=\"(max-width: 300px) 100vw, 300px\" \/>\n\t\t\t<\/dt>\n\t\t\t\t<dd class='wp-caption-text gallery-caption' id='gallery-1-123'>\n\t\t\t\tApril 2009: 1. Etappe abgeschlossen\n\t\t\t\t<\/dd><\/dl><dl class='gallery-item'>\n\t\t\t<dt class='gallery-icon landscape'>\n\t\t\t\t<img loading=\"lazy\" decoding=\"async\" width=\"300\" height=\"225\" src=\"https:\/\/maendeleo.ch\/wordpress\/wp-content\/uploads\/2018\/08\/bau06_web-300x225.jpg\" class=\"attachment-medium size-medium\" alt=\"\" aria-describedby=\"gallery-1-124\" srcset=\"https:\/\/maendeleo.ch\/wordpress\/wp-content\/uploads\/2018\/08\/bau06_web-300x225.jpg 300w, https:\/\/maendeleo.ch\/wordpress\/wp-content\/uploads\/2018\/08\/bau06_web.jpg 400w\" sizes=\"(max-width: 300px) 100vw, 300px\" \/>\n\t\t\t<\/dt>\n\t\t\t\t<dd class='wp-caption-text gallery-caption' id='gallery-1-124'>\n\t\t\t\tDiese Spender haben uns geholfen\n\t\t\t\t<\/dd><\/dl><br style=\"clear: both\" \/><dl class='gallery-item'>\n\t\t\t<dt class='gallery-icon landscape'>\n\t\t\t\t<img loading=\"lazy\" decoding=\"async\" width=\"300\" height=\"226\" src=\"https:\/\/maendeleo.ch\/wordpress\/wp-content\/uploads\/2018\/08\/bau07_web-300x226.jpg\" class=\"attachment-medium size-medium\" alt=\"\" aria-describedby=\"gallery-1-125\" srcset=\"https:\/\/maendeleo.ch\/wordpress\/wp-content\/uploads\/2018\/08\/bau07_web-300x226.jpg 300w, https:\/\/maendeleo.ch\/wordpress\/wp-content\/uploads\/2018\/08\/bau07_web.jpg 399w\" sizes=\"(max-width: 300px) 100vw, 300px\" \/>\n\t\t\t<\/dt>\n\t\t\t\t<dd class='wp-caption-text gallery-caption' id='gallery-1-125'>\n\t\t\t\tH\u00e4nde waschen mit Wasser vom Dach\n\t\t\t\t<\/dd><\/dl><dl class='gallery-item'>\n\t\t\t<dt class='gallery-icon landscape'>\n\t\t\t\t<img loading=\"lazy\" decoding=\"async\" width=\"300\" height=\"225\" src=\"https:\/\/maendeleo.ch\/wordpress\/wp-content\/uploads\/2018\/08\/bau08_web-300x225.jpg\" class=\"attachment-medium size-medium\" alt=\"\" aria-describedby=\"gallery-1-126\" srcset=\"https:\/\/maendeleo.ch\/wordpress\/wp-content\/uploads\/2018\/08\/bau08_web-300x225.jpg 300w, https:\/\/maendeleo.ch\/wordpress\/wp-content\/uploads\/2018\/08\/bau08_web.jpg 400w\" sizes=\"(max-width: 300px) 100vw, 300px\" \/>\n\t\t\t<\/dt>\n\t\t\t\t<dd class='wp-caption-text gallery-caption' id='gallery-1-126'>\n\t\t\t\tUnterricht in den neuen Schulzimmern\n\t\t\t\t<\/dd><\/dl><br style=\"clear: both\" \/>\n\t\t<\/div>\n\n","protected":false},"excerpt":{"rendered":"<p>Bausteine f\u00fcr eine Schule in Ikoma Die Sekundarschule Auen f\u00fchrte anl\u00e4sslich ihrer Projektwoche 2009 eine Aktion zugunsten der Schule in Ikoma durch. Im Unterricht wurde Geographie und Wirtschaftliches aus dem Kongo vermittelt, die Problematik der seltenen Erden in den Handys zum Beispiel, in einer andern Gruppe wurden Techniken f\u00fcr Fundraising [&hellip;]<\/p>\n","protected":false},"author":1,"featured_media":135,"parent":115,"menu_order":0,"comment_status":"closed","ping_status":"closed","template":"","meta":{"footnotes":""},"class_list":["post-118","page","type-page","status-publish","has-post-thumbnail","hentry"],"_links":{"self":[{"href":"https:\/\/maendeleo.ch\/wordpress\/wp-json\/wp\/v2\/pages\/118","targetHints":{"allow":["GET"]}}],"collection":[{"href":"https:\/\/maendeleo.ch\/wordpress\/wp-json\/wp\/v2\/pages"}],"about":[{"href":"https:\/\/maendeleo.ch\/wordpress\/wp-json\/wp\/v2\/types\/page"}],"author":[{"embeddable":true,"href":"https:\/\/maendeleo.ch\/wordpress\/wp-json\/wp\/v2\/users\/1"}],"replies":[{"embeddable":true,"href":"https:\/\/maendeleo.ch\/wordpress\/wp-json\/wp\/v2\/comments?post=118"}],"version-history":[{"count":6,"href":"https:\/\/maendeleo.ch\/wordpress\/wp-json\/wp\/v2\/pages\/118\/revisions"}],"predecessor-version":[{"id":466,"href":"https:\/\/maendeleo.ch\/wordpress\/wp-json\/wp\/v2\/pages\/118\/revisions\/466"}],"up":[{"embeddable":true,"href":"https:\/\/maendeleo.ch\/wordpress\/wp-json\/wp\/v2\/pages\/115"}],"wp:featuredmedia":[{"embeddable":true,"href":"https:\/\/maendeleo.ch\/wordpress\/wp-json\/wp\/v2\/media\/135"}],"wp:attachment":[{"href":"https:\/\/maendeleo.ch\/wordpress\/wp-json\/wp\/v2\/media?parent=118"}],"curies":[{"name":"wp","href":"https:\/\/api.w.org\/{rel}","templated":true}]}}